{"id":101,"date":"2023-03-06T17:47:03","date_gmt":"2023-03-06T16:47:03","guid":{"rendered":"https:\/\/sse.lodz.pl\/?page_id=101"},"modified":"2026-04-23T08:18:44","modified_gmt":"2026-04-23T06:18:44","slug":"strefa-partnera","status":"publish","type":"page","link":"https:\/\/sse.lodz.pl\/en\/strefa-partnera\/","title":{"rendered":"Partner Zone"},"content":{"rendered":"<p>[vc_row css=&#8221;.vc_custom_1678206841506{margin-top: 50px !important;}&#8221;][vc_column][vc_column_text]<\/p>\n<div>Business grows faster in good company.<\/div>\n<p>[\/vc_column_text][vc_column_text]<strong>The Partner Zone<\/strong> is a program of the \u0141\u00f3d\u017a Special Economic Zone created for investors and entrepreneurs who seek reliable and effective solutions for their business.[\/vc_column_text][vc_column_text]We create a space where <strong>experts from various industries<\/strong> \u2013 from law, finance, and real estate to technology and sustainable development \u2013 support companies in their everyday challenges. LSEZ Partners are <strong>renowned brands<\/strong> that not only provide advice but also actively collaborate with entrepreneurs, offering hands-on support and access to their specialized expertise.[\/vc_column_text][vc_column_text]As part of the program, we organize <strong>meetings, workshops, and webinars<\/strong> that help develop competencies, exchange experiences, and build valuable business relationships.[\/vc_column_text][vc_column_text]<strong>The Partner Zone<\/strong> is more than just a network \u2013 it\u2019s an ecosystem of collaboration that connects entrepreneurs with experts and facilitates access to best market practices and tools supporting business growth.[\/vc_column_text][\/vc_column][\/vc_row][vc_row full_width=&#8221;stretch_row&#8221; css=&#8221;.vc_custom_1678189751363{margin-top: 20px !important;margin-bottom: 20px !important;}&#8221;][vc_column width=&#8221;1\/2&#8243;][vc_row_inner][vc_column_inner width=&#8221;1\/6&#8243;][vc_single_image image=&#8221;7095&#8243; img_size=&#8221;full&#8221;][\/vc_column_inner][vc_column_inner width=&#8221;5\/6&#8243;][vc_custom_heading text=&#8221;Monika Kaczmarek&#8221; font_container=&#8221;tag:h3|font_size:18px|text_align:left|color:%23141414|line_height:21px&#8221; use_theme_fonts=&#8221;yes&#8221;][vc_column_text]Project coordinator[\/vc_column_text][vc_btn title=&#8221;monika.kaczmarek@sse.lodz.pl&#8221; color=&#8221;btn-small-mail-button&#8221; align=&#8221;left&#8221; link=&#8221;url:mailto%3Amonika.kaczmarek%40sse.lodz.pl|target:_blank&#8221; css=&#8221;.vc_custom_1690522524181{margin-top: 0px !important;margin-bottom: 0px !important;border-bottom-width: 0px !important;padding-top: 0px !important;padding-bottom: 0px !important;}&#8221;][vc_btn title=&#8221;tel. (+48) 721 550 166&#8243; color=&#8221;btn-small-phone-button&#8221; align=&#8221;left&#8221; link=&#8221;url:tel%3A%2B48721550166|target:_blank&#8221; css=&#8221;.vc_custom_1690522553099{margin-top: 0px !important;margin-bottom: 0px !important;border-top-width: 0px !important;border-bottom-width: 0px !important;padding-top: 0px !important;padding-bottom: 0px !important;}&#8221;][\/vc_column_inner][\/vc_row_inner][\/vc_column][vc_column width=&#8221;1\/2&#8243;][\/vc_column][\/vc_row][vc_row full_width=&#8221;stretch_row&#8221; css=&#8221;.vc_custom_1678189823532{padding-top: 20px !important;background-color: #ededed !important;}&#8221;][vc_column][vc_row_inner][vc_column_inner][vc_custom_heading text=&#8221;Health &amp; Safety and Environmental Protection&#8221; font_container=&#8221;tag:h3|font_size:18px|text_align:left|color:%23000000|line_height:20px&#8221; use_theme_fonts=&#8221;yes&#8221; css=&#8221;.vc_custom_1757499588069{margin-bottom: 15px !important;}&#8221;][\/vc_column_inner][\/vc_row_inner][vc_btn title=&#8221;r2eko Artur Owczarek&#8221; color=&#8221;btn-partner-link&#8221; link=&#8221;url:%2Fen%2Fpartner%2Fr2eko-artur-owczarek%2F|title:r2eko%20Artur%20Owczarek&#8221;][\/vc_column][\/vc_row][vc_row full_width=&#8221;stretch_row&#8221; css=&#8221;.vc_custom_1678189823532{padding-top: 20px !important;background-color: #ededed !important;}&#8221;][vc_column][vc_row_inner][vc_column_inner][vc_custom_heading text=&#8221;Construction&#8221; font_container=&#8221;tag:h3|font_size:18px|text_align:left|color:%23000000|line_height:20px&#8221; use_theme_fonts=&#8221;yes&#8221; css=&#8221;.vc_custom_1757499595036{margin-bottom: 15px !important;}&#8221;][\/vc_column_inner][\/vc_row_inner][vc_btn title=&#8221;TAKENAKA&#8221; color=&#8221;btn-partner-link&#8221; link=&#8221;url:https%3A%2F%2Fsse.lodz.pl%2Fen%2Fpartner%2Ftakenaka%2F|title:TAKENAKA&#8221;][vc_btn title=&#8221;MCM Project&#8221; color=&#8221;btn-partner-link&#8221; link=&#8221;url:%2Fen%2Fpartner%2Fmcm-project%2F|title:MCM%20Project&#8221;][vc_btn title=&#8221;MCKB&#8221; color=&#8221;btn-partner-link&#8221; link=&#8221;url:%2Fen%2Fpartner%2Fmckb%2F|title:MCKB&#8221;][\/vc_column][\/vc_row][vc_row full_width=&#8221;stretch_row&#8221; css=&#8221;.vc_custom_1678189823532{padding-top: 20px !important;background-color: #ededed !important;}&#8221;][vc_column][vc_row_inner][vc_column_inner][vc_custom_heading text=&#8221;Education&#8221; font_container=&#8221;tag:h3|font_size:18px|text_align:left|color:%23000000|line_height:20px&#8221; use_theme_fonts=&#8221;yes&#8221; css=&#8221;.vc_custom_1757499604023{margin-bottom: 15px !important;}&#8221;][\/vc_column_inner][\/vc_row_inner][vc_btn title=&#8221;Hutchinson Institute&#8221; color=&#8221;btn-partner-link&#8221; link=&#8221;url:%2Fen%2Fpartner%2Fhutchinson-institute%2F|title:Hutchinson%20Institute&#8221;][\/vc_column][\/vc_row][vc_row full_width=&#8221;stretch_row&#8221; css=&#8221;.vc_custom_1678189823532{padding-top: 20px !important;background-color: #ededed !important;}&#8221;][vc_column][vc_row_inner][vc_column_inner][vc_custom_heading text=&#8221;Renewable Energy&#8221; font_container=&#8221;tag:h3|font_size:18px|text_align:left|color:%23000000|line_height:20px&#8221; use_theme_fonts=&#8221;yes&#8221; css=&#8221;.vc_custom_1757499613861{margin-bottom: 15px !important;}&#8221;][\/vc_column_inner][\/vc_row_inner][vc_btn title=&#8221;FlexiPower Group&#8221; color=&#8221;btn-partner-link&#8221; link=&#8221;url:%2Fen%2Fpartner%2Fflexipower-group%2F|title:FlexiPower%20Group&#8221;][\/vc_column][\/vc_row][vc_row full_width=&#8221;stretch_row&#8221; css=&#8221;.vc_custom_1678189823532{padding-top: 20px !important;background-color: #ededed !important;}&#8221;][vc_column][vc_row_inner][vc_column_inner][vc_custom_heading text=&#8221;Finance &amp; Banking&#8221; font_container=&#8221;tag:h3|font_size:18px|text_align:left|color:%23000000|line_height:20px&#8221; use_theme_fonts=&#8221;yes&#8221; css=&#8221;.vc_custom_1757499620520{margin-bottom: 15px !important;}&#8221;][\/vc_column_inner][\/vc_row_inner][vc_btn title=&#8221;Bank Gospodarstwa Krajowego&#8221; color=&#8221;btn-partner-link&#8221; link=&#8221;url:%2Fen%2Fpartner%2Fbank-gospodarstwa-krajowego%2F|title:Bank%20Gospodarstwa%20Krajowego&#8221;][\/vc_column][\/vc_row][vc_row full_width=&#8221;stretch_row&#8221; css=&#8221;.vc_custom_1678189823532{padding-top: 20px !important;background-color: #ededed !important;}&#8221;][vc_column][vc_row_inner][vc_column_inner][vc_custom_heading text=&#8221;Gastronomy&#8221; font_container=&#8221;tag:h3|font_size:18px|text_align:left|color:%23000000|line_height:20px&#8221; use_theme_fonts=&#8221;yes&#8221; css=&#8221;.vc_custom_1757499631120{margin-bottom: 15px !important;}&#8221;][\/vc_column_inner][\/vc_row_inner][vc_btn title=&#8221;KamZa Design Kamil Zap\u0119dowski&#8221; color=&#8221;btn-partner-link&#8221; link=&#8221;url:%2Fen%2Fpartner%2Fkamza-design-kamil-zapedowski%2F|title:KamZa%20Design%20Kamil%20Zap%C4%99dowski&#8221;][\/vc_column][\/vc_row][vc_row full_width=&#8221;stretch_row&#8221; css=&#8221;.vc_custom_1678189823532{padding-top: 20px !important;background-color: #ededed !important;}&#8221;][vc_column][vc_row_inner][vc_column_inner][vc_custom_heading text=&#8221;Hospitality Industry&#8221; font_container=&#8221;tag:h3|font_size:18px|text_align:left|color:%23000000|line_height:20px&#8221; use_theme_fonts=&#8221;yes&#8221; css=&#8221;.vc_custom_1757499660620{margin-bottom: 15px !important;}&#8221;][\/vc_column_inner][\/vc_row_inner][vc_btn title=&#8221;PHH Hotele Sp. z o.o.&#8221; color=&#8221;btn-partner-link&#8221; link=&#8221;url:%2Fen%2Fpartner%2Fphh-hotele-sp-z-o-o%2F|title:PHH%20Hotele%20Sp.%20z%20o.o.&#8221;][\/vc_column][\/vc_row][vc_row full_width=&#8221;stretch_row&#8221; css=&#8221;.vc_custom_1678189823532{padding-top: 20px !important;background-color: #ededed !important;}&#8221;][vc_column][vc_row_inner][vc_column_inner][vc_custom_heading text=&#8221;Human Resources&#8221; font_container=&#8221;tag:h3|font_size:18px|text_align:left|color:%23000000|line_height:20px&#8221; use_theme_fonts=&#8221;yes&#8221; css=&#8221;.vc_custom_1757499671418{margin-bottom: 15px !important;}&#8221;][\/vc_column_inner][\/vc_row_inner][vc_btn title=&#8221;Randstad&#8221; color=&#8221;btn-partner-link&#8221; link=&#8221;url:%2Fen%2Fpartner%2Frandstad%2F|title:Randstad&#8221;][vc_btn title=&#8221;HSS Work&#8221; color=&#8221;btn-partner-link&#8221; link=&#8221;url:%2Fen%2Fpartner%2Fhss-work%2F|title:Randstad&#8221;][\/vc_column][\/vc_row][vc_row full_width=&#8221;stretch_row&#8221; css=&#8221;.vc_custom_1678189823532{padding-top: 20px !important;background-color: #ededed !important;}&#8221;][vc_column][vc_row_inner][vc_column_inner][vc_custom_heading text=&#8221;Consulting&#8221; font_container=&#8221;tag:h3|font_size:18px|text_align:left|color:%23000000|line_height:20px&#8221; use_theme_fonts=&#8221;yes&#8221; css=&#8221;.vc_custom_1757499676697{margin-bottom: 15px !important;}&#8221;][\/vc_column_inner][\/vc_row_inner][vc_btn title=&#8221;CRIDO&#8221; color=&#8221;btn-partner-link&#8221; link=&#8221;url:%2Fen%2Fpartner%2FCRIDO%2F|title:CRIDO&#8221;][vc_btn title=&#8221;Dentons&#8221; color=&#8221;btn-partner-link&#8221; link=&#8221;url:%2Fen%2Fpartner%2Fdentons%2F|title:Dentons&#8221;][vc_btn title=&#8221;Finanse dla Firm&#8221; color=&#8221;btn-partner-link&#8221; link=&#8221;url:%2Fen%2Fpartner%2Ffinanse-dla-firm%2F|title:Finanse%20dla%20Firm&#8221;][\/vc_column][\/vc_row][vc_row full_width=&#8221;stretch_row&#8221; css=&#8221;.vc_custom_1678189823532{padding-top: 20px !important;background-color: #ededed !important;}&#8221;][vc_column][vc_row_inner][vc_column_inner][vc_custom_heading text=&#8221;Logistics&#8221; font_container=&#8221;tag:h3|font_size:18px|text_align:left|color:%23000000|line_height:20px&#8221; use_theme_fonts=&#8221;yes&#8221; css=&#8221;.vc_custom_1757499683630{margin-bottom: 15px !important;}&#8221;][\/vc_column_inner][\/vc_row_inner][vc_btn title=&#8221;Loconi Intermodal S.A.&#8221; color=&#8221;btn-partner-link&#8221; link=&#8221;url:%2Fen%2Fpartner%2Floconi-intermodal-s-a%2F|title:Loconi%20Intermodal%20S.A.&#8221;][vc_btn title=&#8221;Uniq Logistic&#8221; color=&#8221;btn-partner-link&#8221; link=&#8221;url:%2Fen%2Fpartner%2Funiq-logistic%2F|title:Uniq%20Logistic&#8221;][\/vc_column][\/vc_row][vc_row full_width=&#8221;stretch_row&#8221; css=&#8221;.vc_custom_1678189823532{padding-top: 20px !important;background-color: #ededed !important;}&#8221;][vc_column][vc_row_inner][vc_column_inner][vc_custom_heading text=&#8221;Real Estate&#8221; font_container=&#8221;tag:h3|font_size:18px|text_align:left|color:%23000000|line_height:20px&#8221; use_theme_fonts=&#8221;yes&#8221; css=&#8221;.vc_custom_1757499690036{margin-bottom: 15px !important;}&#8221;][\/vc_column_inner][\/vc_row_inner][vc_btn title=&#8221;AXI IMMO&#8221; color=&#8221;btn-partner-link&#8221; link=&#8221;url:%2Fen%2Fpartner%2Faxi-immo%2F|title:AXI%20IMMO&#8221;][vc_btn title=&#8221;Querco Property&#8221; color=&#8221;btn-partner-link&#8221; link=&#8221;url:%2Fen%2Fpartner%2Fquerco-property%2F|title:Querco%20Property&#8221;][\/vc_column][\/vc_row][vc_row full_width=&#8221;stretch_row&#8221; css=&#8221;.vc_custom_1678189823532{padding-top: 20px !important;background-color: #ededed !important;}&#8221;][vc_column][vc_row_inner][vc_column_inner][vc_custom_heading text=&#8221;Law&#8221; font_container=&#8221;tag:h3|font_size:18px|text_align:left|color:%23000000|line_height:20px&#8221; use_theme_fonts=&#8221;yes&#8221; css=&#8221;.vc_custom_1757499697323{margin-bottom: 15px !important;}&#8221;][\/vc_column_inner][\/vc_row_inner][vc_btn title=&#8221;Chudzik i Wsp\u00f3lnicy Prawo i Podatki&#8221; color=&#8221;btn-partner-link&#8221; link=&#8221;url:%2Fen%2Fpartner%2Fchudzik-i-wspolnicy-prawo-i-podatki%2F|title:Chudzik%20i%20Wsp%C3%B3lnicy%20Prawo%20i%20Podatki&#8221;][vc_btn title=&#8221;Orlik &amp; Partners Adwokacka Sp\u00f3\u0142ka Partnerska&#8221; color=&#8221;btn-partner-link&#8221; link=&#8221;url:%2Fen%2Fpartner%2Forlik-partners-adwokacka-spolka-partnerska%2F|title:CK%20Partners%20Cie%C5%9Blak%20Klimkowski%20Radcowie%20Prawni&#8221;][\/vc_column][\/vc_row][vc_row full_width=&#8221;stretch_row&#8221; css=&#8221;.vc_custom_1678189823532{padding-top: 20px !important;background-color: #ededed !important;}&#8221;][vc_column][vc_row_inner][vc_column_inner][vc_custom_heading text=&#8221;Accounting &amp; Financial Services&#8221; font_container=&#8221;tag:h3|font_size:18px|text_align:left|color:%23000000|line_height:20px&#8221; use_theme_fonts=&#8221;yes&#8221; css=&#8221;.vc_custom_1774355058424{margin-bottom: 15px !important;}&#8221;][\/vc_column_inner][\/vc_row_inner][vc_btn title=&#8221;RSM Poland&#8221; color=&#8221;btn-partner-link&#8221; link=&#8221;url:https%3A%2F%2Fsse.lodz.pl%2Fen%2Fpartner%2Frsm-poland%2F|title:RSM%20Poland&#8221;][\/vc_column][\/vc_row][vc_row full_width=&#8221;stretch_row&#8221; css=&#8221;.vc_custom_1678189823532{padding-top: 20px !important;background-color: #ededed !important;}&#8221;][vc_column][vc_row_inner][vc_column_inner][vc_custom_heading text=&#8221;Interior Design &amp; Furnishings&#8221; font_container=&#8221;tag:h3|font_size:18px|text_align:left|color:%23000000|line_height:20px&#8221; use_theme_fonts=&#8221;yes&#8221; css=&#8221;.vc_custom_1757499706690{margin-bottom: 15px !important;}&#8221;][\/vc_column_inner][\/vc_row_inner][vc_btn title=&#8221;.mdd&#8221; color=&#8221;btn-partner-link&#8221; link=&#8221;url:%2Fen%2Fpartner%2Fmdd%2F&#8221;][\/vc_column][\/vc_row][vc_row full_width=&#8221;stretch_row_content_no_spaces&#8221;][vc_column css=&#8221;.vc_custom_1681217165547{padding-top: 0px !important;}&#8221;][vc_empty_space height=&#8221;60px&#8221; css=&#8221;.vc_custom_1681217192082{background-color: #ededed !important;}&#8221;][\/vc_column][\/vc_row]<\/p>\n","protected":false},"excerpt":{"rendered":"<p>[vc_row css=&#8221;.vc_custom_1678206841506{margin-top: 50px !important;}&#8221;][vc_column][vc_column_text] Business grows faster in good company. [\/vc_column_text][vc_column_text]The Partner Zone is a program of the \u0141\u00f3d\u017a Special Economic Zone created for investors and entrepreneurs who seek reliable and effective solutions for their [&#8230;]<\/p>\n<p><a class=\"btn btn-secondary understrap-read-more-link\" href=\"https:\/\/sse.lodz.pl\/en\/strefa-partnera\/\">Read More&#8230;<span class=\"screen-reader-text\"> from Partner Zone<\/span><\/a><\/p>\n","protected":false},"author":18,"featured_media":0,"parent":0,"menu_order":0,"comment_status":"closed","ping_status":"closed","template":"podcategory-page.php","meta":{"_acf_changed":false,"inline_featured_image":false,"footnotes":""},"class_list":["post-101","page","type-page","status-publish","hentry"],"translation":{"provider":"WPGlobus","version":"3.0.2","language":"en","enabled_languages":["pl","en"],"languages":{"pl":{"title":true,"content":true,"excerpt":false},"en":{"title":true,"content":true,"excerpt":false}}},"acf":[],"yoast_head":"<!-- This site is optimized with the Yoast SEO plugin v27.4 - https:\/\/yoast.com\/product\/yoast-seo-wordpress\/ -->\n<title>Partner Zone - \u0141\u00f3dzka Specjalna Strefa Ekonomiczna<\/title>\n<meta name=\"robots\" content=\"index, follow, max-snippet:-1, max-image-preview:large, max-video-preview:-1\" \/>\n<link rel=\"canonical\" href=\"https:\/\/sse.lodz.pl\/strefa-partnera\/\" \/>\n<meta property=\"og:locale\" content=\"en_US\" \/>\n<meta property=\"og:type\" content=\"article\" \/>\n<meta property=\"og:title\" content=\"Partner Zone - \u0141\u00f3dzka Specjalna Strefa Ekonomiczna\" \/>\n<meta property=\"og:url\" content=\"https:\/\/sse.lodz.pl\/strefa-partnera\/\" \/>\n<meta property=\"og:site_name\" content=\"\u0141\u00f3dzka Specjalna Strefa Ekonomiczna\" \/>\n<meta property=\"article:modified_time\" content=\"2026-04-23T06:18:44+00:00\" \/>\n<meta name=\"twitter:card\" content=\"summary_large_image\" \/>\n<meta name=\"twitter:label1\" content=\"Est. reading time\" \/>\n\t<meta name=\"twitter:data1\" content=\"4 minutes\" \/>\n<script type=\"application\/ld+json\" class=\"yoast-schema-graph\">{\"@context\":\"https:\\\/\\\/schema.org\",\"@graph\":[{\"@type\":\"WebPage\",\"@id\":\"https:\\\/\\\/sse.lodz.pl\\\/strefa-partnera\\\/\",\"url\":\"https:\\\/\\\/sse.lodz.pl\\\/strefa-partnera\\\/\",\"name\":\"Partner Zone - \u0141\u00f3dzka Specjalna Strefa Ekonomiczna\",\"isPartOf\":{\"@id\":\"https:\\\/\\\/sse.lodz.pl\\\/#website\"},\"datePublished\":\"2023-03-06T16:47:03+00:00\",\"dateModified\":\"2026-04-23T06:18:44+00:00\",\"breadcrumb\":{\"@id\":\"https:\\\/\\\/sse.lodz.pl\\\/strefa-partnera\\\/#breadcrumb\"},\"inLanguage\":\"en-US\",\"potentialAction\":[{\"@type\":\"ReadAction\",\"target\":[\"https:\\\/\\\/sse.lodz.pl\\\/strefa-partnera\\\/\"]}]},{\"@type\":\"BreadcrumbList\",\"@id\":\"https:\\\/\\\/sse.lodz.pl\\\/strefa-partnera\\\/#breadcrumb\",\"itemListElement\":[{\"@type\":\"ListItem\",\"position\":1,\"name\":\"Strona g\u0142\u00f3wna\",\"item\":\"https:\\\/\\\/sse.lodz.pl\\\/\"},{\"@type\":\"ListItem\",\"position\":2,\"name\":\"Strefa Partnera\"}]},{\"@type\":\"WebSite\",\"@id\":\"https:\\\/\\\/sse.lodz.pl\\\/#website\",\"url\":\"https:\\\/\\\/sse.lodz.pl\\\/\",\"name\":\"\u0141\u00f3dzka Specjalna Strefa Ekonomiczna\",\"description\":\"\",\"potentialAction\":[{\"@type\":\"SearchAction\",\"target\":{\"@type\":\"EntryPoint\",\"urlTemplate\":\"https:\\\/\\\/sse.lodz.pl\\\/?s={search_term_string}\"},\"query-input\":{\"@type\":\"PropertyValueSpecification\",\"valueRequired\":true,\"valueName\":\"search_term_string\"}}],\"inLanguage\":\"en-US\"}]}<\/script>\n<!-- \/ Yoast SEO plugin. -->","yoast_head_json":{"title":"Partner Zone - \u0141\u00f3dzka Specjalna Strefa Ekonomiczna","robots":{"index":"index","follow":"follow","max-snippet":"max-snippet:-1","max-image-preview":"max-image-preview:large","max-video-preview":"max-video-preview:-1"},"canonical":"https:\/\/sse.lodz.pl\/strefa-partnera\/","og_locale":"en_US","og_type":"article","og_title":"Partner Zone - \u0141\u00f3dzka Specjalna Strefa Ekonomiczna","og_url":"https:\/\/sse.lodz.pl\/strefa-partnera\/","og_site_name":"\u0141\u00f3dzka Specjalna Strefa Ekonomiczna","article_modified_time":"2026-04-23T06:18:44+00:00","twitter_card":"summary_large_image","twitter_misc":{"Est. reading time":"4 minutes"},"schema":{"@context":"https:\/\/schema.org","@graph":[{"@type":"WebPage","@id":"https:\/\/sse.lodz.pl\/strefa-partnera\/","url":"https:\/\/sse.lodz.pl\/strefa-partnera\/","name":"Partner Zone - \u0141\u00f3dzka Specjalna Strefa Ekonomiczna","isPartOf":{"@id":"https:\/\/sse.lodz.pl\/#website"},"datePublished":"2023-03-06T16:47:03+00:00","dateModified":"2026-04-23T06:18:44+00:00","breadcrumb":{"@id":"https:\/\/sse.lodz.pl\/strefa-partnera\/#breadcrumb"},"inLanguage":"en-US","potentialAction":[{"@type":"ReadAction","target":["https:\/\/sse.lodz.pl\/strefa-partnera\/"]}]},{"@type":"BreadcrumbList","@id":"https:\/\/sse.lodz.pl\/strefa-partnera\/#breadcrumb","itemListElement":[{"@type":"ListItem","position":1,"name":"Strona g\u0142\u00f3wna","item":"https:\/\/sse.lodz.pl\/"},{"@type":"ListItem","position":2,"name":"Strefa Partnera"}]},{"@type":"WebSite","@id":"https:\/\/sse.lodz.pl\/#website","url":"https:\/\/sse.lodz.pl\/","name":"\u0141\u00f3dzka Specjalna Strefa Ekonomiczna","description":"","potentialAction":[{"@type":"SearchAction","target":{"@type":"EntryPoint","urlTemplate":"https:\/\/sse.lodz.pl\/?s={search_term_string}"},"query-input":{"@type":"PropertyValueSpecification","valueRequired":true,"valueName":"search_term_string"}}],"inLanguage":"en-US"}]}},"_links":{"self":[{"href":"https:\/\/sse.lodz.pl\/en\/wp-json\/wp\/v2\/pages\/101","targetHints":{"allow":["GET"]}}],"collection":[{"href":"https:\/\/sse.lodz.pl\/en\/wp-json\/wp\/v2\/pages"}],"about":[{"href":"https:\/\/sse.lodz.pl\/en\/wp-json\/wp\/v2\/types\/page"}],"author":[{"embeddable":true,"href":"https:\/\/sse.lodz.pl\/en\/wp-json\/wp\/v2\/users\/18"}],"replies":[{"embeddable":true,"href":"https:\/\/sse.lodz.pl\/en\/wp-json\/wp\/v2\/comments?post=101"}],"version-history":[{"count":163,"href":"https:\/\/sse.lodz.pl\/en\/wp-json\/wp\/v2\/pages\/101\/revisions"}],"predecessor-version":[{"id":7520,"href":"https:\/\/sse.lodz.pl\/en\/wp-json\/wp\/v2\/pages\/101\/revisions\/7520"}],"wp:attachment":[{"href":"https:\/\/sse.lodz.pl\/en\/wp-json\/wp\/v2\/media?parent=101"}],"curies":[{"name":"wp","href":"https:\/\/api.w.org\/{rel}","templated":true}]}}