{"id":143,"date":"2023-03-07T12:08:01","date_gmt":"2023-03-07T11:08:01","guid":{"rendered":"https:\/\/sse.lodz.pl\/?page_id=143"},"modified":"2026-04-20T14:21:20","modified_gmt":"2026-04-20T12:21:20","slug":"program-csr-re_action","status":"publish","type":"page","link":"https:\/\/sse.lodz.pl\/en\/program-csr-re_action\/","title":{"rendered":"Program CSR\u202f Re_Action"},"content":{"rendered":"<p>[vc_row css=&#8221;.vc_custom_1678206824393{margin-top: 50px !important;}&#8221;][vc_column][vc_column_text]<strong>Widzimy! Reagujemy! Dzia\u0142amy!<\/strong><br \/>\n<strong>Nie pozostajemy oboj\u0119tni na potrzeby lokalnej spo\u0142eczno\u015bci.<\/strong><\/p>\n<p>Realizacja programu wynika ze strategii \u0141\u00f3dzkiej Specjalnej Strefy Ekonomicznej, kt\u00f3rej cele i dzia\u0142ania, s\u0105 to\u017csame z rozwojem Regionu \u0141\u00f3dzkiego.<\/p>\n<p>Od lat anga\u017cujemy si\u0119 w inicjatywy z zakresu Spo\u0142ecznej Odpowiedzialno\u015bci Biznesu, odwo\u0142uj\u0105c si\u0119 do dzia\u0142alno\u015bci naszego patrona Henryka Grohmana \u2013 przemys\u0142owca, patrioty, mi\u0142o\u015bnika sztuk plastycznych i muzyki, kolekcjonera, donatora.<\/p>\n<p><strong>Z\u0142\u00f3\u017c wniosek online &#8211; to proste i szybkie!<\/strong>[\/vc_column_text][vc_btn title=&#8221;Formularz online&#8221; color=&#8221;btn-square-area&#8221; i_icon_fontawesome=&#8221;fas fa-angle-right&#8221; add_icon=&#8221;true&#8221; link=&#8221;url:https%3A%2F%2Fkonkursy.opus.org.pl%2Fprogram-reaction-2026%3Fid1%3Dprogram-reaction-2026|title:Formularz%20online|target:_blank&#8221;][vc_empty_space][vc_btn title=&#8221;Regulamin Programu Re_Action 2026&#8243; color=&#8221;btn-downloaded-partner&#8221; align=&#8221;left&#8221; link=&#8221;url:https%3A%2F%2Fsse.lodz.pl%2Fwp-content%2Fuploads%2F2026%2F04%2FRegulamin.pdf|target:_blank&#8221;][vc_btn title=&#8221;Wz\u00f3r karty oceny wniosku&#8221; color=&#8221;btn-downloaded-partner&#8221; align=&#8221;left&#8221; link=&#8221;url:https%3A%2F%2Fsse.lodz.pl%2Fwp-content%2Fuploads%2F2026%2F04%2FWzor-karty-oceny-wniosku.pdf|target:_blank&#8221;][vc_btn title=&#8221;Wz\u00f3r karty oceny prezentacji&#8221; color=&#8221;btn-downloaded-partner&#8221; align=&#8221;left&#8221; link=&#8221;url:https%3A%2F%2Fsse.lodz.pl%2Fwp-content%2Fuploads%2F2026%2F04%2FWzor-karty-oceny-prezentacji.pdf|target:_blank&#8221;][vc_empty_space][\/vc_column][\/vc_row][vc_row full_width=&#8221;stretch_row&#8221; css=&#8221;.vc_custom_1678188695616{background-color: #ededed !important;}&#8221;][vc_column][vc_custom_heading text=&#8221;Zapraszamy do kontaktu:&#8221; font_container=&#8221;tag:h3|font_size:18px|text_align:left|line_height:34px&#8221; use_theme_fonts=&#8221;yes&#8221; css=&#8221;.vc_custom_1678207017186{padding-bottom: 10px !important;}&#8221;][\/vc_column][\/vc_row][vc_row][vc_column width=&#8221;1\/2&#8243;][vc_row_inner][vc_column_inner width=&#8221;1\/4&#8243;][vc_single_image image=&#8221;5965&#8243; img_size=&#8221;full&#8221;][\/vc_column_inner][vc_column_inner width=&#8221;3\/4&#8243;][vc_custom_heading text=&#8221;Wiktor Komorowski&#8221; font_container=&#8221;tag:h3|font_size:18px|text_align:left|color:%23141414|line_height:21px&#8221; use_theme_fonts=&#8221;yes&#8221;][vc_column_text]Specjalista ds. Marketingu i Promocji[\/vc_column_text][vc_btn title=&#8221;re_action@sse.lodz.pl&#8221; color=&#8221;btn-small-mail-button&#8221; align=&#8221;left&#8221; link=&#8221;url:mailto%3Are_action%40sse.lodz.pl|target:_blank&#8221; css=&#8221;.vc_custom_1681393119863{margin-top: 0px !important;margin-bottom: 0px !important;border-bottom-width: 0px !important;padding-top: 0px !important;padding-bottom: 0px !important;}&#8221;][vc_btn title=&#8221;tel. (+48) 605 161 135&#8243; color=&#8221;btn-small-phone-button&#8221; align=&#8221;left&#8221; link=&#8221;url:tel%3A%2B48605161135|target:_blank&#8221; css=&#8221;.vc_custom_1743071614605{margin-top: 0px !important;margin-bottom: 0px !important;border-top-width: 0px !important;border-bottom-width: 0px !important;padding-top: 0px !important;padding-bottom: 0px !important;}&#8221;][\/vc_column_inner][\/vc_row_inner][\/vc_column][vc_column width=&#8221;1\/2&#8243;][vc_row_inner][vc_column_inner width=&#8221;1\/4&#8243;][vc_single_image image=&#8221;1131&#8243; img_size=&#8221;full&#8221;][\/vc_column_inner][vc_column_inner width=&#8221;3\/4&#8243;][vc_custom_heading text=&#8221;Barbara W\u00f3jcicka&#8221; font_container=&#8221;tag:h3|font_size:18px|text_align:left|color:%23141414|line_height:21px&#8221; use_theme_fonts=&#8221;yes&#8221;][vc_column_text]Specjalista ds. Marketingu i Promocji[\/vc_column_text][vc_btn title=&#8221;re_action@sse.lodz.pl&#8221; color=&#8221;btn-small-mail-button&#8221; align=&#8221;left&#8221; link=&#8221;url:mailto%3Are_action%40sse.lodz.pl|target:_blank&#8221; css=&#8221;.vc_custom_1681393119863{margin-top: 0px !important;margin-bottom: 0px !important;border-bottom-width: 0px !important;padding-top: 0px !important;padding-bottom: 0px !important;}&#8221;][\/vc_column_inner][\/vc_row_inner][\/vc_column][\/vc_row]<\/p>\n","protected":false},"excerpt":{"rendered":"<p>[vc_row css=&#8221;.vc_custom_1678206824393{margin-top: 50px !important;}&#8221;][vc_column][vc_column_text]Widzimy! Reagujemy! Dzia\u0142amy! Nie pozostajemy oboj\u0119tni na potrzeby lokalnej spo\u0142eczno\u015bci. Realizacja programu wynika ze strategii \u0141\u00f3dzkiej Specjalnej Strefy Ekonomicznej, kt\u00f3rej cele i dzia\u0142ania, s\u0105 to\u017csame z rozwojem Regionu \u0141\u00f3dzkiego. Od lat anga\u017cujemy [&#8230;]<\/p>\n<p><a class=\"btn btn-secondary understrap-read-more-link\" href=\"https:\/\/sse.lodz.pl\/en\/program-csr-re_action\/\">Read More&#8230;<span class=\"screen-reader-text\"> from Program CSR\u202f Re_Action<\/span><\/a><\/p>\n","protected":false},"author":18,"featured_media":0,"parent":0,"menu_order":0,"comment_status":"closed","ping_status":"closed","template":"podcategory-page.php","meta":{"_acf_changed":false,"inline_featured_image":false,"footnotes":""},"class_list":["post-143","page","type-page","status-publish","hentry"],"translation":{"provider":"WPGlobus","version":"3.0.2","language":"en","enabled_languages":["pl","en"],"languages":{"pl":{"title":true,"content":true,"excerpt":false},"en":{"title":false,"content":false,"excerpt":false}}},"acf":[],"yoast_head":"<!-- This site is optimized with the Yoast SEO plugin v27.4 - https:\/\/yoast.com\/product\/yoast-seo-wordpress\/ -->\n<title>Program CSR\u202f Re_Action - \u0141\u00f3dzka Specjalna Strefa Ekonomiczna<\/title>\n<meta name=\"robots\" content=\"index, follow, max-snippet:-1, max-image-preview:large, max-video-preview:-1\" \/>\n<link rel=\"canonical\" href=\"https:\/\/sse.lodz.pl\/program-csr-re_action\/\" \/>\n<meta property=\"og:locale\" content=\"en_US\" \/>\n<meta property=\"og:type\" content=\"article\" \/>\n<meta property=\"og:title\" content=\"Program CSR\u202f Re_Action - \u0141\u00f3dzka Specjalna Strefa Ekonomiczna\" \/>\n<meta property=\"og:url\" content=\"https:\/\/sse.lodz.pl\/program-csr-re_action\/\" \/>\n<meta property=\"og:site_name\" content=\"\u0141\u00f3dzka Specjalna Strefa Ekonomiczna\" \/>\n<meta property=\"article:modified_time\" content=\"2026-04-20T12:21:20+00:00\" \/>\n<meta name=\"twitter:card\" content=\"summary_large_image\" \/>\n<meta name=\"twitter:label1\" content=\"Est. reading time\" \/>\n\t<meta name=\"twitter:data1\" content=\"2 minutes\" \/>\n<script type=\"application\/ld+json\" class=\"yoast-schema-graph\">{\"@context\":\"https:\\\/\\\/schema.org\",\"@graph\":[{\"@type\":\"WebPage\",\"@id\":\"https:\\\/\\\/sse.lodz.pl\\\/program-csr-re_action\\\/\",\"url\":\"https:\\\/\\\/sse.lodz.pl\\\/program-csr-re_action\\\/\",\"name\":\"Program CSR\u202f Re_Action - \u0141\u00f3dzka Specjalna Strefa Ekonomiczna\",\"isPartOf\":{\"@id\":\"https:\\\/\\\/sse.lodz.pl\\\/#website\"},\"datePublished\":\"2023-03-07T11:08:01+00:00\",\"dateModified\":\"2026-04-20T12:21:20+00:00\",\"breadcrumb\":{\"@id\":\"https:\\\/\\\/sse.lodz.pl\\\/program-csr-re_action\\\/#breadcrumb\"},\"inLanguage\":\"en-US\",\"potentialAction\":[{\"@type\":\"ReadAction\",\"target\":[\"https:\\\/\\\/sse.lodz.pl\\\/program-csr-re_action\\\/\"]}]},{\"@type\":\"BreadcrumbList\",\"@id\":\"https:\\\/\\\/sse.lodz.pl\\\/program-csr-re_action\\\/#breadcrumb\",\"itemListElement\":[{\"@type\":\"ListItem\",\"position\":1,\"name\":\"Strona g\u0142\u00f3wna\",\"item\":\"https:\\\/\\\/sse.lodz.pl\\\/\"},{\"@type\":\"ListItem\",\"position\":2,\"name\":\"Program CSR\u202f Re_Action\"}]},{\"@type\":\"WebSite\",\"@id\":\"https:\\\/\\\/sse.lodz.pl\\\/#website\",\"url\":\"https:\\\/\\\/sse.lodz.pl\\\/\",\"name\":\"\u0141\u00f3dzka Specjalna Strefa Ekonomiczna\",\"description\":\"\",\"potentialAction\":[{\"@type\":\"SearchAction\",\"target\":{\"@type\":\"EntryPoint\",\"urlTemplate\":\"https:\\\/\\\/sse.lodz.pl\\\/?s={search_term_string}\"},\"query-input\":{\"@type\":\"PropertyValueSpecification\",\"valueRequired\":true,\"valueName\":\"search_term_string\"}}],\"inLanguage\":\"en-US\"}]}<\/script>\n<!-- \/ Yoast SEO plugin. -->","yoast_head_json":{"title":"Program CSR\u202f Re_Action - \u0141\u00f3dzka Specjalna Strefa Ekonomiczna","robots":{"index":"index","follow":"follow","max-snippet":"max-snippet:-1","max-image-preview":"max-image-preview:large","max-video-preview":"max-video-preview:-1"},"canonical":"https:\/\/sse.lodz.pl\/program-csr-re_action\/","og_locale":"en_US","og_type":"article","og_title":"Program CSR\u202f Re_Action - \u0141\u00f3dzka Specjalna Strefa Ekonomiczna","og_url":"https:\/\/sse.lodz.pl\/program-csr-re_action\/","og_site_name":"\u0141\u00f3dzka Specjalna Strefa Ekonomiczna","article_modified_time":"2026-04-20T12:21:20+00:00","twitter_card":"summary_large_image","twitter_misc":{"Est. reading time":"2 minutes"},"schema":{"@context":"https:\/\/schema.org","@graph":[{"@type":"WebPage","@id":"https:\/\/sse.lodz.pl\/program-csr-re_action\/","url":"https:\/\/sse.lodz.pl\/program-csr-re_action\/","name":"Program CSR\u202f Re_Action - \u0141\u00f3dzka Specjalna Strefa Ekonomiczna","isPartOf":{"@id":"https:\/\/sse.lodz.pl\/#website"},"datePublished":"2023-03-07T11:08:01+00:00","dateModified":"2026-04-20T12:21:20+00:00","breadcrumb":{"@id":"https:\/\/sse.lodz.pl\/program-csr-re_action\/#breadcrumb"},"inLanguage":"en-US","potentialAction":[{"@type":"ReadAction","target":["https:\/\/sse.lodz.pl\/program-csr-re_action\/"]}]},{"@type":"BreadcrumbList","@id":"https:\/\/sse.lodz.pl\/program-csr-re_action\/#breadcrumb","itemListElement":[{"@type":"ListItem","position":1,"name":"Strona g\u0142\u00f3wna","item":"https:\/\/sse.lodz.pl\/"},{"@type":"ListItem","position":2,"name":"Program CSR\u202f Re_Action"}]},{"@type":"WebSite","@id":"https:\/\/sse.lodz.pl\/#website","url":"https:\/\/sse.lodz.pl\/","name":"\u0141\u00f3dzka Specjalna Strefa Ekonomiczna","description":"","potentialAction":[{"@type":"SearchAction","target":{"@type":"EntryPoint","urlTemplate":"https:\/\/sse.lodz.pl\/?s={search_term_string}"},"query-input":{"@type":"PropertyValueSpecification","valueRequired":true,"valueName":"search_term_string"}}],"inLanguage":"en-US"}]}},"_links":{"self":[{"href":"https:\/\/sse.lodz.pl\/en\/wp-json\/wp\/v2\/pages\/143","targetHints":{"allow":["GET"]}}],"collection":[{"href":"https:\/\/sse.lodz.pl\/en\/wp-json\/wp\/v2\/pages"}],"about":[{"href":"https:\/\/sse.lodz.pl\/en\/wp-json\/wp\/v2\/types\/page"}],"author":[{"embeddable":true,"href":"https:\/\/sse.lodz.pl\/en\/wp-json\/wp\/v2\/users\/18"}],"replies":[{"embeddable":true,"href":"https:\/\/sse.lodz.pl\/en\/wp-json\/wp\/v2\/comments?post=143"}],"version-history":[{"count":49,"href":"https:\/\/sse.lodz.pl\/en\/wp-json\/wp\/v2\/pages\/143\/revisions"}],"predecessor-version":[{"id":7487,"href":"https:\/\/sse.lodz.pl\/en\/wp-json\/wp\/v2\/pages\/143\/revisions\/7487"}],"wp:attachment":[{"href":"https:\/\/sse.lodz.pl\/en\/wp-json\/wp\/v2\/media?parent=143"}],"curies":[{"name":"wp","href":"https:\/\/api.w.org\/{rel}","templated":true}]}}