{"id":2313,"date":"2023-03-21T09:07:06","date_gmt":"2023-03-21T08:07:06","guid":{"rendered":"https:\/\/sse.lodz.pl\/?page_id=2313"},"modified":"2025-03-13T13:39:49","modified_gmt":"2025-03-13T12:39:49","slug":"kariera","status":"publish","type":"page","link":"https:\/\/sse.lodz.pl\/en\/kariera\/","title":{"rendered":"Kariera"},"content":{"rendered":"<p>[vc_row][vc_column][vc_empty_space height=&#8221;30px&#8221;][vc_custom_heading text=&#8221;Pracownicy s\u0105 w centrum naszego systemu warto\u015bci, to fundament sukcesu \u0141SSE.&#8221; use_theme_fonts=&#8221;yes&#8221;][vc_column_text]Znalezienie odpowiedniej osoby do ka\u017cdego zespo\u0142u to kluczowy czynnik rozwoju i powodzenia cel\u00f3w naszych departament\u00f3w. Tworzymy prac\u0119 zespo\u0142ow\u0105 doceniaj\u0105c indywidualne do\u015bwiadczenia i kompetencje ka\u017cdego z nas. Od 25 lat wp\u0142ywamy na rozw\u00f3j gospodarczy wojew\u00f3dztwa \u0142\u00f3dzkiego, cz\u0119\u015bci wielkopolskiego i mazowieckiego. Zach\u0119camy firmy do inwestowania przez oferowanie pomocy publicznej oraz wielu rozwi\u0105za\u0144 rozwijaj\u0105cych polsk\u0105 przedsi\u0119biorczo\u015b\u0107.[\/vc_column_text][vc_empty_space height=&#8221;30px&#8221;][\/vc_column][\/vc_row][vc_row full_width=&#8221;stretch_row&#8221; css=&#8221;.vc_custom_1679396014586{background-color: #f6f6f6 !important;}&#8221;][vc_column css=&#8221;.vc_custom_1679398430717{padding-top: 56px !important;}&#8221;][vc_custom_heading text=&#8221;Jak do\u0142\u0105czy\u0107 do \u0141SSE?&#8221; font_container=&#8221;tag:h2|font_size:24px|text_align:left|color:%23007861&#8243; use_theme_fonts=&#8221;yes&#8221;][vc_column_text]Ju\u017c czas! Jeszcze tylko 5 krok\u00f3w.[\/vc_column_text][\/vc_column][\/vc_row][vc_row full_width=&#8221;stretch_row&#8221; el_class=&#8221;number-boxes-wrapper&#8221; css=&#8221;.vc_custom_1679398355659{background-color: #f6f6f6 !important;}&#8221;][vc_column css=&#8221;.vc_custom_1679398333812{padding-top: 11px !important;}&#8221;][vc_row_inner el_class=&#8221;number-boxes&#8221;][vc_column_inner width=&#8221;1\/3&#8243;][vc_column_text]<\/p>\n<h3>Aplikacja<\/h3>\n<p>wszystkie stanowiska. na kt\u00f3re rekrutacje obecnie prowadzimy rekrutacje znajduj\u0105 si\u0119 na naszej stronie w zak\u0142adce Kariera oraz w wyszukiwarce ofert na <a href=\"https:\/\/www.pracuj.pl\/\">www.pracuj.pl<\/a>, a tak\u017ce na naszym profilu LinkedIn i Facebook.[\/vc_column_text][\/vc_column_inner][vc_column_inner width=&#8221;1\/3&#8243;][vc_column_text]<\/p>\n<h3>Weryfikacja i rozmowa<\/h3>\n<p>Dok\u0142adnie analizujemy CV kandydat\u00f3w i kontaktujemy si\u0119 z osobami o profilu najbardziej odpowiednim na stanowisko, aby przekaza\u0107 informacje na temat oferty. Odpowiadamy tak\u017ce na wa\u017cne dla kandydata pytania. Dokonujemy wst\u0119pnej oceny kluczowych dla nas umiej\u0119tno\u015bci. Istotne kwestie wyja\u015bniamy na samym pocz\u0105tku.[\/vc_column_text][\/vc_column_inner][vc_column_inner width=&#8221;1\/3&#8243;][vc_column_text]<\/p>\n<h3>Spotkanie<\/h3>\n<p>Podczas spotkania weryfikujemy kompetencje kandydata, staramy si\u0119 dowiedzie\u0107 co jest dla niego wa\u017cne oraz czego oczekuje od nas jako pracodawcy. Spotkania rekrutacyjne prowadzone s\u0105 w przyjaznej atmosferze. Zazwyczaj w takim spotkaniu bierze udzia\u0142 Dyrektor Departamentu i\/lub Specjalista ds. HR.[\/vc_column_text][\/vc_column_inner][\/vc_row_inner][vc_row_inner el_class=&#8221;number-boxes&#8221;][vc_column_inner width=&#8221;1\/3&#8243;][vc_column_text]<\/p>\n<h3>Rozmowa z zarz\u0105dem<\/h3>\n<p>Jest to ostatni etap. Kt\u00f3ry ma na celu sprawdzenie predyspozycji kandydata i poznanie jego motywacji do podj\u0119cia pracy. Po tym etapie zapada decyzja odno\u015bnie zatrudnienia. W rozmowie bierze udzia\u0142 Zarz\u0105d sp\u00f3\u0142ki, bezpo\u015bredni prze\u0142o\u017cony. Po spotkaniu skontaktujemy si\u0119 tak szybko, jak to mo\u017cliwe, by przekaza\u0107 informacj\u0119 na temat wyniku rekrutacji.[\/vc_column_text][\/vc_column_inner][vc_column_inner width=&#8221;1\/3&#8243;][vc_column_text]<\/p>\n<h3>Witamy na pok\u0142adzie<\/h3>\n<p>Pierwszego dnia pracy odbywa si\u0119 szkolenie BHP, przekazywane s\u0105 niezb\u0119dne informacje i narz\u0119dzia do pracy. Kolejnym krokiem s\u0105 szkolenia stanowiskowe przeprowadzane w docelowym departamencie z udzia\u0142em bezpo\u015bredniego prze\u0142o\u017conego. Jest to doskona\u0142a okazja, aby dowiedzie\u0107 si\u0119 czego\u015b wi\u0119cej o firmie i pozna\u0107 wsp\u00f3\u0142pracownik\u00f3w.[\/vc_column_text][\/vc_column_inner][\/vc_row_inner][\/vc_column][\/vc_row][vc_row][vc_column css=&#8221;.vc_custom_1679398430717{padding-top: 56px !important;}&#8221;][vc_custom_heading text=&#8221;Warto u nas pracowa\u0107&#8221; font_container=&#8221;tag:h2|font_size:24px|text_align:left|color:%23007861&#8243; use_theme_fonts=&#8221;yes&#8221;][vc_column_text]Zapewniamy doskona\u0142e warunki pracy i zatrudnienia.[\/vc_column_text][\/vc_column][\/vc_row][vc_row el_class=&#8221;icon-boxes-wrapper&#8221;][vc_column][vc_row_inner el_class=&#8221;icon-boxes&#8221;][vc_column_inner width=&#8221;1\/2&#8243;][vc_single_image image=&#8221;2380&#8243; img_size=&#8221;full&#8221;][vc_column_text]<\/p>\n<h3>Szkolenia i nauka<\/h3>\n<p><strong>Stawiamy na rozw\u00f3j naszych pracownik\u00f3w:<\/strong><\/p>\n<ul>\n<li>wsp\u00f3\u0142finansujemy oraz finansujemy specjalistyczne szkolenia,<\/li>\n<li>oferujemy systematyczn\u0105 nauk\u0119 angielskiego,<\/li>\n<li>zapewniamy uczestnictwo w bran\u017cowych i presti\u017cowych targach, (r\u00f3wnie\u017c jako eksperci).<\/li>\n<\/ul>\n<p>[\/vc_column_text][\/vc_column_inner][vc_column_inner width=&#8221;1\/2&#8243;][vc_single_image image=&#8221;2381&#8243; img_size=&#8221;full&#8221;][vc_column_text]<\/p>\n<h3>Przyjazne warunki pracy<\/h3>\n<p><strong>Dobra atmosfera i przyjazne relacje s\u0105 dla nas wa\u017cne! Dlatego:<\/strong><\/p>\n<ul>\n<li>systematycznie spotykamy si\u0119 i omawiamy bie\u017c\u0105ce sprawy,<\/li>\n<li>mamy owocowe wtorki i czwartki, kaw\u0119 i herbat\u0119 a tak\u017ce drobne przek\u0105ski dla naszych pracownik\u00f3w,<\/li>\n<li>integrujemy si\u0119 podczas wsp\u00f3lnych imprez i wyjazd\u00f3w,<\/li>\n<li>zapewniamy darmowy parking dla pracownik\u00f3w.<\/li>\n<\/ul>\n<p>[\/vc_column_text][\/vc_column_inner][\/vc_row_inner][vc_row_inner el_class=&#8221;icon-boxes&#8221;][vc_column_inner width=&#8221;1\/2&#8243;][vc_single_image image=&#8221;2382&#8243; img_size=&#8221;full&#8221;][vc_column_text]<\/p>\n<h3>Innowacyjne projekty<\/h3>\n<p><strong>\u0141SSE kreuje innowacje w regionie:<\/strong><\/p>\n<ul>\n<li>w naszym budynku Re_connect b\u0119dzie mie\u015bci\u0142 si\u0119 mi\u0119dzy innymi multimodalny HUB,<\/li>\n<li>jeste\u015bmy jedyn\u0105 stref\u0105 ekonomiczn\u0105 w Polsce, kt\u00f3ra si\u0119gn\u0119\u0142a po technologi\u0119 metaverse.<\/li>\n<\/ul>\n<p>[\/vc_column_text][\/vc_column_inner][vc_column_inner width=&#8221;1\/2&#8243;][vc_single_image image=&#8221;2383&#8243; img_size=&#8221;full&#8221;][vc_column_text]<\/p>\n<h3>Strefowy pakiet benefit\u00f3w<\/h3>\n<p><strong>Oferujemy swoim pracownikom:<\/strong><\/p>\n<ul>\n<li>wczasy pod grusz\u0105,<\/li>\n<li>bony \u015bwi\u0105teczne,<\/li>\n<li>spotkania i wyjazdy integracyjne,<\/li>\n<li>ubezpieczenie grupowe.<\/li>\n<\/ul>\n<p>[\/vc_column_text][\/vc_column_inner][\/vc_row_inner][vc_row_inner el_class=&#8221;icon-boxes&#8221;][vc_column_inner width=&#8221;1\/2&#8243;][vc_single_image image=&#8221;2384&#8243; img_size=&#8221;full&#8221;][vc_column_text]<\/p>\n<h3>Zdrowie to podstawa<\/h3>\n<p><strong>Naszym pracownikom oferujemy prywatn\u0105 opiek\u0119 medyczn\u0105 oraz mo\u017cliwo\u015b\u0107 rozszerzenia pakiet\u00f3w o opiek\u0119 nad bliskimi.<\/strong>[\/vc_column_text][\/vc_column_inner][vc_column_inner width=&#8221;1\/2&#8243;][vc_single_image image=&#8221;2385&#8243; img_size=&#8221;full&#8221;][vc_column_text]<\/p>\n<h3>Praca z czo\u0142owymi inwestorami<\/h3>\n<p><strong>W\u015br\u00f3d naszych inwestor\u00f3w oraz partner\u00f3w biznesowych s\u0105 firmy polskie oraz zagraniczne, \u015bwiatowi liderzy w swoich bran\u017cach.<\/strong>[\/vc_column_text][\/vc_column_inner][\/vc_row_inner][vc_row_inner el_class=&#8221;icon-boxes&#8221;][vc_column_inner width=&#8221;1\/2&#8243;][vc_single_image image=&#8221;2386&#8243; img_size=&#8221;full&#8221;][vc_column_text]<\/p>\n<h3>Nagrody i wyr\u00f3\u017cnienia<\/h3>\n<p><strong>Jeste\u015bmy w top 10 najlepszych stref ekonomicznych na \u015bwiecie.<\/strong>[\/vc_column_text][\/vc_column_inner][vc_column_inner width=&#8221;1\/2&#8243;][vc_single_image image=&#8221;2387&#8243; img_size=&#8221;full&#8221;][vc_column_text]<\/p>\n<h3>Biuro w zabytkowej dzielnicy i fabryce<\/h3>\n<p><strong>Pracujemy w postindustrialnych wn\u0119trzach odrestaurowanej fabryki Grohmana, zlokalizowanej na terenie Ksi\u0119\u017cego M\u0142yna.<\/strong>[\/vc_column_text][\/vc_column_inner][\/vc_row_inner][\/vc_column][\/vc_row][vc_row disable_element=&#8221;yes&#8221;][vc_column][vc_custom_heading text=&#8221;Obecnie rekrutujemy:&#8221; use_theme_fonts=&#8221;yes&#8221;][vc_basic_grid post_type=&#8221;kariera&#8221; max_items=&#8221;-1&#8243; element_width=&#8221;12&#8243; gap=&#8221;25&#8243; item=&#8221;2341&#8243; grid_id=&#8221;vc_gid:1741869572470-022a51a3-bd5e-9&#8243;][\/vc_column][\/vc_row][vc_row][vc_column][vc_custom_heading text=&#8221;Obecnie rekrutujemy:&#8221; use_theme_fonts=&#8221;yes&#8221;][vc_basic_grid post_type=&#8221;kariera&#8221; max_items=&#8221;-1&#8243; element_width=&#8221;12&#8243; gap=&#8221;25&#8243; item=&#8221;3166&#8243; grid_id=&#8221;vc_gid:1741869572470-21eb63bb-7c77-3&#8243;][\/vc_column][\/vc_row][vc_row el_id=&#8221;contact&#8221;][vc_column][vc_custom_heading text=&#8221;Formularz kontaktowy&#8221; use_theme_fonts=&#8221;yes&#8221;][vc_column_text]Skontaktuj si\u0119 z nami w prosty i wygodny spos\u00f3b.[\/vc_column_text]\n<div class=\"wpcf7 no-js\" id=\"wpcf7-f2363-o1\" lang=\"pl-PL\" dir=\"ltr\" data-wpcf7-id=\"2363\">\n<div class=\"screen-reader-response\"><p role=\"status\" aria-live=\"polite\" aria-atomic=\"true\"><\/p> <ul><\/ul><\/div>\n<form action=\"\/en\/wp-json\/wp\/v2\/pages\/2313#wpcf7-f2363-o1\" method=\"post\" class=\"wpcf7-form init\" aria-label=\"Formularz kontaktowy\" enctype=\"multipart\/form-data\" novalidate=\"novalidate\" data-status=\"init\">\n<fieldset class=\"hidden-fields-container\"><input type=\"hidden\" name=\"_wpcf7\" value=\"2363\" \/><input type=\"hidden\" name=\"_wpcf7_version\" value=\"6.1.4\" \/><input type=\"hidden\" name=\"_wpcf7_locale\" value=\"pl_PL\" \/><input type=\"hidden\" name=\"_wpcf7_unit_tag\" value=\"wpcf7-f2363-o1\" \/><input type=\"hidden\" name=\"_wpcf7_container_post\" value=\"0\" \/><input type=\"hidden\" name=\"_wpcf7_posted_data_hash\" value=\"\" \/><input type=\"hidden\" name=\"_wpcf7cf_hidden_group_fields\" value=\"[]\" \/><input type=\"hidden\" name=\"_wpcf7cf_hidden_groups\" value=\"[]\" \/><input type=\"hidden\" name=\"_wpcf7cf_visible_groups\" value=\"[]\" \/><input type=\"hidden\" name=\"_wpcf7cf_repeaters\" value=\"[]\" \/><input type=\"hidden\" name=\"_wpcf7cf_steps\" value=\"{}\" \/><input type=\"hidden\" name=\"_wpcf7cf_options\" value=\"{&quot;form_id&quot;:2363,&quot;conditions&quot;:[],&quot;settings&quot;:{&quot;animation&quot;:&quot;yes&quot;,&quot;animation_intime&quot;:200,&quot;animation_outtime&quot;:200,&quot;conditions_ui&quot;:&quot;normal&quot;,&quot;notice_dismissed&quot;:false,&quot;notice_dismissed_update-cf7-6.0.4&quot;:true}}\" \/>\n<\/fieldset>\n<div class=\"row\">\n\t<div class=\"col-md-6\">\n\t\t<p><label>Twoje imi\u0119<\/label><br \/>\n<span class=\"wpcf7-form-control-wrap\" data-name=\"your-name\"><input size=\"40\" maxlength=\"400\" class=\"wpcf7-form-control wpcf7-text wpcf7-validates-as-required\" autocomplete=\"name\" aria-required=\"true\" aria-invalid=\"false\" value=\"\" type=\"text\" name=\"your-name\" \/><\/span>\n\t\t<\/p>\n\t<\/div>\n\t<div class=\"col-md-6\">\n\t\t<p><label>Nazwisko<\/label><br \/>\n<span class=\"wpcf7-form-control-wrap\" data-name=\"your-surname\"><input size=\"40\" maxlength=\"400\" class=\"wpcf7-form-control wpcf7-text wpcf7-validates-as-required\" autocomplete=\"surname\" aria-required=\"true\" aria-invalid=\"false\" value=\"\" type=\"text\" name=\"your-surname\" \/><\/span>\n\t\t<\/p>\n\t<\/div>\n\t<div class=\"col-md-6\">\n\t\t<p><label>Tw\u00f3j telefon<\/label><br \/>\n<span class=\"wpcf7-form-control-wrap\" data-name=\"your-phone\"><input size=\"40\" maxlength=\"400\" class=\"wpcf7-form-control wpcf7-tel wpcf7-validates-as-required wpcf7-text wpcf7-validates-as-tel\" autocomplete=\"phone\" aria-required=\"true\" aria-invalid=\"false\" value=\"\" type=\"tel\" name=\"your-phone\" \/><\/span>\n\t\t<\/p>\n\t<\/div>\n\t<div class=\"col-md-6\">\n\t\t<p><label>Tw\u00f3j adres e-mail<\/label><br \/>\n<span class=\"wpcf7-form-control-wrap\" data-name=\"your-email\"><input size=\"40\" maxlength=\"400\" class=\"wpcf7-form-control wpcf7-email wpcf7-validates-as-required wpcf7-text wpcf7-validates-as-email\" autocomplete=\"email\" aria-required=\"true\" aria-invalid=\"false\" value=\"\" type=\"email\" name=\"your-email\" \/><\/span>\n\t\t<\/p>\n\t<\/div>\n\t<div class=\"col-md-12\">\n\t\t<p><label>Twoja wiadomo\u015b\u0107<\/label><br \/>\n<span class=\"wpcf7-form-control-wrap\" data-name=\"your-message\"><textarea cols=\"40\" rows=\"3\" maxlength=\"2000\" class=\"wpcf7-form-control wpcf7-textarea wpcf7-validates-as-required\" aria-required=\"true\" aria-invalid=\"false\" placeholder=\"Zostaw swoj\u0105 wiadomo\u015b\u0107\" name=\"your-message\"><\/textarea><\/span>\n\t\t<\/p>\n\t<\/div>\n\t<div class=\"col-md-12\">\n\t\t<p><label>CV<\/label><br \/>\n<span class=\"wpcf7-form-control-wrap\" data-name=\"file-cv\"><input size=\"40\" class=\"wpcf7-form-control wpcf7-file\" accept=\".pdf\" aria-invalid=\"false\" type=\"file\" name=\"file-cv\" \/><\/span>\n\t\t<\/p>\n\t<\/div>\n\t<div class=\"col-md-12 acceptance-zone\">\n\t\t<p><span class=\"wpcf7-form-control-wrap\" data-name=\"zgoda-1\"><span class=\"wpcf7-form-control wpcf7-acceptance\"><span class=\"wpcf7-list-item\"><label><input type=\"checkbox\" name=\"zgoda-1\" value=\"1\" aria-invalid=\"false\" \/><span class=\"wpcf7-list-item-label\">Wyra\u017cam zgod\u0119 na przetwarzanie moich danych osobowych dla potrzeb niezb\u0119dnych do realizacji procesu rekrutacji zgodnie z Rozporz\u0105dzeniem Parlamentu Europejskiego i Rady (UE) 2016\/679 z dnia 27 kwietnia 2016 r. w sprawie ochrony os\u00f3b fizycznych w zwi\u0105zku z przetwarzaniem danych osobowych i w sprawie swobodnego przep\u0142ywu takich danych oraz uchylenia dyrektywy 95\/46\/WE (RODO).<\/span><\/label><\/span><\/span><\/span><br \/>\n<span class=\"wpcf7-form-control-wrap\" data-name=\"zgoda-2\"><span class=\"wpcf7-form-control wpcf7-acceptance\"><span class=\"wpcf7-list-item\"><label><input type=\"checkbox\" name=\"zgoda-2\" value=\"1\" aria-invalid=\"false\" \/><span class=\"wpcf7-list-item-label\">Wyra\u017cam r\u00f3wnie\u017c zgod\u0119 na przetwarzanie moich danych osobowych w celu prowadzenia przysz\u0142ych rekrutacji przez wy\u017cej wskazan\u0105 firm\u0119<\/span><\/label><\/span><\/span><\/span>\n\t\t<\/p>\n\t\t<p>Pe\u0142n\u0105 informacj\u0119 odno\u015bnie przetwarzania Twoich danych osobowych znajdziesz <a href=\"https:\/\/sse.lodz.pl\/klauzula-informacyjna-dla-kandydatow-do-pracy\/\" target=\"_blank\">tutaj<\/a>.\n\t\t<\/p>\n\t<\/div>\n<\/div>\n<div class=\"btn-default\">\n\t<p><input class=\"wpcf7-form-control wpcf7-submit has-spinner vc_btn3\" type=\"submit\" value=\"Wy\u015blij wiadomo\u015b\u0107\" \/>\n\t<\/p>\n<\/div><input type='hidden' class='wpcf7-pum' value='{\"closepopup\":false,\"closedelay\":30,\"openpopup\":false,\"openpopup_id\":3332}' \/><div class=\"wpcf7-response-output\" aria-hidden=\"true\"><\/div>\n<\/form>\n<\/div>\n[\/vc_column][\/vc_row]<\/p>\n","protected":false},"excerpt":{"rendered":"<p>[vc_row][vc_column][vc_empty_space height=&#8221;30px&#8221;][vc_custom_heading text=&#8221;Pracownicy s\u0105 w centrum naszego systemu warto\u015bci, to fundament sukcesu \u0141SSE.&#8221; use_theme_fonts=&#8221;yes&#8221;][vc_column_text]Znalezienie odpowiedniej osoby do ka\u017cdego zespo\u0142u to kluczowy czynnik rozwoju i powodzenia cel\u00f3w naszych departament\u00f3w. Tworzymy prac\u0119 zespo\u0142ow\u0105 doceniaj\u0105c indywidualne do\u015bwiadczenia i [&#8230;]<\/p>\n<p><a class=\"btn btn-secondary understrap-read-more-link\" href=\"https:\/\/sse.lodz.pl\/en\/kariera\/\">Read More&#8230;<span class=\"screen-reader-text\"> from Kariera<\/span><\/a><\/p>\n","protected":false},"author":18,"featured_media":0,"parent":0,"menu_order":0,"comment_status":"closed","ping_status":"closed","template":"podcategory-page.php","meta":{"_acf_changed":false,"inline_featured_image":false,"footnotes":""},"class_list":["post-2313","page","type-page","status-publish","hentry"],"translation":{"provider":"WPGlobus","version":"3.0.0","language":"en","enabled_languages":["pl","en"],"languages":{"pl":{"title":true,"content":true,"excerpt":false},"en":{"title":false,"content":false,"excerpt":false}}},"acf":[],"yoast_head":"<!-- This site is optimized with the Yoast SEO plugin v26.5 - https:\/\/yoast.com\/wordpress\/plugins\/seo\/ -->\n<title>Kariera - \u0141\u00f3dzka Specjalna Strefa Ekonomiczna<\/title>\n<meta name=\"robots\" content=\"index, follow, max-snippet:-1, max-image-preview:large, max-video-preview:-1\" \/>\n<link rel=\"canonical\" href=\"https:\/\/sse.lodz.pl\/kariera\/\" \/>\n<meta property=\"og:locale\" content=\"en_US\" \/>\n<meta property=\"og:type\" content=\"article\" \/>\n<meta property=\"og:title\" content=\"Kariera - \u0141\u00f3dzka Specjalna Strefa Ekonomiczna\" \/>\n<meta property=\"og:url\" content=\"https:\/\/sse.lodz.pl\/kariera\/\" \/>\n<meta property=\"og:site_name\" content=\"\u0141\u00f3dzka Specjalna Strefa Ekonomiczna\" \/>\n<meta property=\"article:modified_time\" content=\"2025-03-13T12:39:49+00:00\" \/>\n<meta name=\"twitter:card\" content=\"summary_large_image\" \/>\n<meta name=\"twitter:label1\" content=\"Est. reading time\" \/>\n\t<meta name=\"twitter:data1\" content=\"4 minutes\" \/>\n<script type=\"application\/ld+json\" class=\"yoast-schema-graph\">{\"@context\":\"https:\/\/schema.org\",\"@graph\":[{\"@type\":\"WebPage\",\"@id\":\"https:\/\/sse.lodz.pl\/kariera\/\",\"url\":\"https:\/\/sse.lodz.pl\/kariera\/\",\"name\":\"Kariera - \u0141\u00f3dzka Specjalna Strefa Ekonomiczna\",\"isPartOf\":{\"@id\":\"https:\/\/sse.lodz.pl\/#website\"},\"datePublished\":\"2023-03-21T08:07:06+00:00\",\"dateModified\":\"2025-03-13T12:39:49+00:00\",\"breadcrumb\":{\"@id\":\"https:\/\/sse.lodz.pl\/kariera\/#breadcrumb\"},\"inLanguage\":\"en-US\",\"potentialAction\":[{\"@type\":\"ReadAction\",\"target\":[\"https:\/\/sse.lodz.pl\/kariera\/\"]}]},{\"@type\":\"BreadcrumbList\",\"@id\":\"https:\/\/sse.lodz.pl\/kariera\/#breadcrumb\",\"itemListElement\":[{\"@type\":\"ListItem\",\"position\":1,\"name\":\"Strona g\u0142\u00f3wna\",\"item\":\"https:\/\/sse.lodz.pl\/\"},{\"@type\":\"ListItem\",\"position\":2,\"name\":\"Kariera\"}]},{\"@type\":\"WebSite\",\"@id\":\"https:\/\/sse.lodz.pl\/#website\",\"url\":\"https:\/\/sse.lodz.pl\/\",\"name\":\"\u0141\u00f3dzka Specjalna Strefa Ekonomiczna\",\"description\":\"\",\"potentialAction\":[{\"@type\":\"SearchAction\",\"target\":{\"@type\":\"EntryPoint\",\"urlTemplate\":\"https:\/\/sse.lodz.pl\/?s={search_term_string}\"},\"query-input\":{\"@type\":\"PropertyValueSpecification\",\"valueRequired\":true,\"valueName\":\"search_term_string\"}}],\"inLanguage\":\"en-US\"}]}<\/script>\n<!-- \/ Yoast SEO plugin. -->","yoast_head_json":{"title":"Kariera - \u0141\u00f3dzka Specjalna Strefa Ekonomiczna","robots":{"index":"index","follow":"follow","max-snippet":"max-snippet:-1","max-image-preview":"max-image-preview:large","max-video-preview":"max-video-preview:-1"},"canonical":"https:\/\/sse.lodz.pl\/kariera\/","og_locale":"en_US","og_type":"article","og_title":"Kariera - \u0141\u00f3dzka Specjalna Strefa Ekonomiczna","og_url":"https:\/\/sse.lodz.pl\/kariera\/","og_site_name":"\u0141\u00f3dzka Specjalna Strefa Ekonomiczna","article_modified_time":"2025-03-13T12:39:49+00:00","twitter_card":"summary_large_image","twitter_misc":{"Est. reading time":"4 minutes"},"schema":{"@context":"https:\/\/schema.org","@graph":[{"@type":"WebPage","@id":"https:\/\/sse.lodz.pl\/kariera\/","url":"https:\/\/sse.lodz.pl\/kariera\/","name":"Kariera - \u0141\u00f3dzka Specjalna Strefa Ekonomiczna","isPartOf":{"@id":"https:\/\/sse.lodz.pl\/#website"},"datePublished":"2023-03-21T08:07:06+00:00","dateModified":"2025-03-13T12:39:49+00:00","breadcrumb":{"@id":"https:\/\/sse.lodz.pl\/kariera\/#breadcrumb"},"inLanguage":"en-US","potentialAction":[{"@type":"ReadAction","target":["https:\/\/sse.lodz.pl\/kariera\/"]}]},{"@type":"BreadcrumbList","@id":"https:\/\/sse.lodz.pl\/kariera\/#breadcrumb","itemListElement":[{"@type":"ListItem","position":1,"name":"Strona g\u0142\u00f3wna","item":"https:\/\/sse.lodz.pl\/"},{"@type":"ListItem","position":2,"name":"Kariera"}]},{"@type":"WebSite","@id":"https:\/\/sse.lodz.pl\/#website","url":"https:\/\/sse.lodz.pl\/","name":"\u0141\u00f3dzka Specjalna Strefa Ekonomiczna","description":"","potentialAction":[{"@type":"SearchAction","target":{"@type":"EntryPoint","urlTemplate":"https:\/\/sse.lodz.pl\/?s={search_term_string}"},"query-input":{"@type":"PropertyValueSpecification","valueRequired":true,"valueName":"search_term_string"}}],"inLanguage":"en-US"}]}},"_links":{"self":[{"href":"https:\/\/sse.lodz.pl\/en\/wp-json\/wp\/v2\/pages\/2313","targetHints":{"allow":["GET"]}}],"collection":[{"href":"https:\/\/sse.lodz.pl\/en\/wp-json\/wp\/v2\/pages"}],"about":[{"href":"https:\/\/sse.lodz.pl\/en\/wp-json\/wp\/v2\/types\/page"}],"author":[{"embeddable":true,"href":"https:\/\/sse.lodz.pl\/en\/wp-json\/wp\/v2\/users\/18"}],"replies":[{"embeddable":true,"href":"https:\/\/sse.lodz.pl\/en\/wp-json\/wp\/v2\/comments?post=2313"}],"version-history":[{"count":34,"href":"https:\/\/sse.lodz.pl\/en\/wp-json\/wp\/v2\/pages\/2313\/revisions"}],"predecessor-version":[{"id":5860,"href":"https:\/\/sse.lodz.pl\/en\/wp-json\/wp\/v2\/pages\/2313\/revisions\/5860"}],"wp:attachment":[{"href":"https:\/\/sse.lodz.pl\/en\/wp-json\/wp\/v2\/media?parent=2313"}],"curies":[{"name":"wp","href":"https:\/\/api.w.org\/{rel}","templated":true}]}}