{"id":237,"date":"2023-03-07T19:10:16","date_gmt":"2023-03-07T18:10:16","guid":{"rendered":"https:\/\/sse.lodz.pl\/?page_id=237"},"modified":"2025-12-02T15:56:48","modified_gmt":"2025-12-02T14:56:48","slug":"dla-mediow","status":"publish","type":"page","link":"https:\/\/sse.lodz.pl\/en\/dla-mediow\/","title":{"rendered":"Dla medi\u00f3w"},"content":{"rendered":"<p>[vc_row css=&#8221;.vc_custom_1678212903607{margin-top: 50px !important;}&#8221;][vc_column][vc_btn title=&#8221;Stanowisko RROG &#8211; ESA w \u0141\u00f3dzkiem&#8221; color=&#8221;btn-downloaded-partner&#8221; align=&#8221;left&#8221; link=&#8221;url:https%3A%2F%2Fsse.lodz.pl%2Fwp-content%2Fuploads%2F2025%2F12%2FStanowisko-ESA.pdf&#8221;][vc_btn title=&#8221;Pobierz logotyp&#8221; color=&#8221;btn-downloaded-partner&#8221; align=&#8221;left&#8221; link=&#8221;url:https%3A%2F%2Fsse.lodz.pl%2Fwp-content%2Fuploads%2F2023%2F03%2FLogo.zip&#8221;][vc_btn title=&#8221;Pobierz Brandbook&#8221; color=&#8221;btn-downloaded-partner&#8221; align=&#8221;left&#8221; link=&#8221;url:https%3A%2F%2Fsse.lodz.pl%2Fwp-content%2Fuploads%2F2023%2F03%2FLSSE_brandbook_beta-0-4.pdf&#8221;][vc_btn title=&#8221;Pobierz folder \u0141SSE w j\u0119zyku japo\u0144skim&#8221; color=&#8221;btn-downloaded-partner&#8221; align=&#8221;left&#8221; link=&#8221;url:https%3A%2F%2Fsse.lodz.pl%2Fwp-content%2Fuploads%2F2025%2F09%2FFolder-JPN-2025.pdf|target:_blank&#8221;][vc_empty_space height=&#8221;180px&#8221;][\/vc_column][\/vc_row]<\/p>\n","protected":false},"excerpt":{"rendered":"<p>[vc_row css=&#8221;.vc_custom_1678212903607{margin-top: 50px !important;}&#8221;][vc_column][vc_btn title=&#8221;Stanowisko RROG &#8211; ESA w \u0141\u00f3dzkiem&#8221; color=&#8221;btn-downloaded-partner&#8221; align=&#8221;left&#8221; link=&#8221;url:https%3A%2F%2Fsse.lodz.pl%2Fwp-content%2Fuploads%2F2025%2F12%2FStanowisko-ESA.pdf&#8221;][vc_btn title=&#8221;Pobierz logotyp&#8221; color=&#8221;btn-downloaded-partner&#8221; align=&#8221;left&#8221; link=&#8221;url:https%3A%2F%2Fsse.lodz.pl%2Fwp-content%2Fuploads%2F2023%2F03%2FLogo.zip&#8221;][vc_btn title=&#8221;Pobierz Brandbook&#8221; color=&#8221;btn-downloaded-partner&#8221; align=&#8221;left&#8221; link=&#8221;url:https%3A%2F%2Fsse.lodz.pl%2Fwp-content%2Fuploads%2F2023%2F03%2FLSSE_brandbook_beta-0-4.pdf&#8221;][vc_btn title=&#8221;Pobierz folder \u0141SSE w j\u0119zyku japo\u0144skim&#8221; color=&#8221;btn-downloaded-partner&#8221; align=&#8221;left&#8221; link=&#8221;url:https%3A%2F%2Fsse.lodz.pl%2Fwp-content%2Fuploads%2F2025%2F09%2FFolder-JPN-2025.pdf|target:_blank&#8221;][vc_empty_space height=&#8221;180px&#8221;][\/vc_column][\/vc_row] [&#8230;]<\/p>\n<p><a class=\"btn btn-secondary understrap-read-more-link\" href=\"https:\/\/sse.lodz.pl\/en\/dla-mediow\/\">Read More&#8230;<span class=\"screen-reader-text\"> from Dla medi\u00f3w<\/span><\/a><\/p>\n","protected":false},"author":18,"featured_media":0,"parent":0,"menu_order":0,"comment_status":"closed","ping_status":"closed","template":"podcategory-page.php","meta":{"_acf_changed":false,"inline_featured_image":false,"footnotes":""},"class_list":["post-237","page","type-page","status-publish","hentry"],"translation":{"provider":"WPGlobus","version":"3.0.2","language":"en","enabled_languages":["pl","en"],"languages":{"pl":{"title":true,"content":true,"excerpt":false},"en":{"title":false,"content":false,"excerpt":false}}},"acf":[],"yoast_head":"<!-- This site is optimized with the Yoast SEO plugin v27.4 - https:\/\/yoast.com\/product\/yoast-seo-wordpress\/ -->\n<title>Dla medi\u00f3w - \u0141\u00f3dzka Specjalna Strefa Ekonomiczna<\/title>\n<meta name=\"robots\" content=\"index, follow, max-snippet:-1, max-image-preview:large, max-video-preview:-1\" \/>\n<link rel=\"canonical\" href=\"https:\/\/sse.lodz.pl\/dla-mediow\/\" \/>\n<meta property=\"og:locale\" content=\"en_US\" \/>\n<meta property=\"og:type\" content=\"article\" \/>\n<meta property=\"og:title\" content=\"Dla medi\u00f3w - \u0141\u00f3dzka Specjalna Strefa Ekonomiczna\" \/>\n<meta property=\"og:url\" content=\"https:\/\/sse.lodz.pl\/dla-mediow\/\" \/>\n<meta property=\"og:site_name\" content=\"\u0141\u00f3dzka Specjalna Strefa Ekonomiczna\" \/>\n<meta property=\"article:modified_time\" content=\"2025-12-02T14:56:48+00:00\" \/>\n<meta name=\"twitter:card\" content=\"summary_large_image\" \/>\n<meta name=\"twitter:label1\" content=\"Est. reading time\" \/>\n\t<meta name=\"twitter:data1\" content=\"1 minute\" \/>\n<script type=\"application\/ld+json\" class=\"yoast-schema-graph\">{\"@context\":\"https:\\\/\\\/schema.org\",\"@graph\":[{\"@type\":\"WebPage\",\"@id\":\"https:\\\/\\\/sse.lodz.pl\\\/dla-mediow\\\/\",\"url\":\"https:\\\/\\\/sse.lodz.pl\\\/dla-mediow\\\/\",\"name\":\"Dla medi\u00f3w - \u0141\u00f3dzka Specjalna Strefa Ekonomiczna\",\"isPartOf\":{\"@id\":\"https:\\\/\\\/sse.lodz.pl\\\/#website\"},\"datePublished\":\"2023-03-07T18:10:16+00:00\",\"dateModified\":\"2025-12-02T14:56:48+00:00\",\"breadcrumb\":{\"@id\":\"https:\\\/\\\/sse.lodz.pl\\\/dla-mediow\\\/#breadcrumb\"},\"inLanguage\":\"en-US\",\"potentialAction\":[{\"@type\":\"ReadAction\",\"target\":[\"https:\\\/\\\/sse.lodz.pl\\\/dla-mediow\\\/\"]}]},{\"@type\":\"BreadcrumbList\",\"@id\":\"https:\\\/\\\/sse.lodz.pl\\\/dla-mediow\\\/#breadcrumb\",\"itemListElement\":[{\"@type\":\"ListItem\",\"position\":1,\"name\":\"Strona g\u0142\u00f3wna\",\"item\":\"https:\\\/\\\/sse.lodz.pl\\\/\"},{\"@type\":\"ListItem\",\"position\":2,\"name\":\"Dla medi\u00f3w\"}]},{\"@type\":\"WebSite\",\"@id\":\"https:\\\/\\\/sse.lodz.pl\\\/#website\",\"url\":\"https:\\\/\\\/sse.lodz.pl\\\/\",\"name\":\"\u0141\u00f3dzka Specjalna Strefa Ekonomiczna\",\"description\":\"\",\"potentialAction\":[{\"@type\":\"SearchAction\",\"target\":{\"@type\":\"EntryPoint\",\"urlTemplate\":\"https:\\\/\\\/sse.lodz.pl\\\/?s={search_term_string}\"},\"query-input\":{\"@type\":\"PropertyValueSpecification\",\"valueRequired\":true,\"valueName\":\"search_term_string\"}}],\"inLanguage\":\"en-US\"}]}<\/script>\n<!-- \/ Yoast SEO plugin. -->","yoast_head_json":{"title":"Dla medi\u00f3w - \u0141\u00f3dzka Specjalna Strefa Ekonomiczna","robots":{"index":"index","follow":"follow","max-snippet":"max-snippet:-1","max-image-preview":"max-image-preview:large","max-video-preview":"max-video-preview:-1"},"canonical":"https:\/\/sse.lodz.pl\/dla-mediow\/","og_locale":"en_US","og_type":"article","og_title":"Dla medi\u00f3w - \u0141\u00f3dzka Specjalna Strefa Ekonomiczna","og_url":"https:\/\/sse.lodz.pl\/dla-mediow\/","og_site_name":"\u0141\u00f3dzka Specjalna Strefa Ekonomiczna","article_modified_time":"2025-12-02T14:56:48+00:00","twitter_card":"summary_large_image","twitter_misc":{"Est. reading time":"1 minute"},"schema":{"@context":"https:\/\/schema.org","@graph":[{"@type":"WebPage","@id":"https:\/\/sse.lodz.pl\/dla-mediow\/","url":"https:\/\/sse.lodz.pl\/dla-mediow\/","name":"Dla medi\u00f3w - \u0141\u00f3dzka Specjalna Strefa Ekonomiczna","isPartOf":{"@id":"https:\/\/sse.lodz.pl\/#website"},"datePublished":"2023-03-07T18:10:16+00:00","dateModified":"2025-12-02T14:56:48+00:00","breadcrumb":{"@id":"https:\/\/sse.lodz.pl\/dla-mediow\/#breadcrumb"},"inLanguage":"en-US","potentialAction":[{"@type":"ReadAction","target":["https:\/\/sse.lodz.pl\/dla-mediow\/"]}]},{"@type":"BreadcrumbList","@id":"https:\/\/sse.lodz.pl\/dla-mediow\/#breadcrumb","itemListElement":[{"@type":"ListItem","position":1,"name":"Strona g\u0142\u00f3wna","item":"https:\/\/sse.lodz.pl\/"},{"@type":"ListItem","position":2,"name":"Dla medi\u00f3w"}]},{"@type":"WebSite","@id":"https:\/\/sse.lodz.pl\/#website","url":"https:\/\/sse.lodz.pl\/","name":"\u0141\u00f3dzka Specjalna Strefa Ekonomiczna","description":"","potentialAction":[{"@type":"SearchAction","target":{"@type":"EntryPoint","urlTemplate":"https:\/\/sse.lodz.pl\/?s={search_term_string}"},"query-input":{"@type":"PropertyValueSpecification","valueRequired":true,"valueName":"search_term_string"}}],"inLanguage":"en-US"}]}},"_links":{"self":[{"href":"https:\/\/sse.lodz.pl\/en\/wp-json\/wp\/v2\/pages\/237","targetHints":{"allow":["GET"]}}],"collection":[{"href":"https:\/\/sse.lodz.pl\/en\/wp-json\/wp\/v2\/pages"}],"about":[{"href":"https:\/\/sse.lodz.pl\/en\/wp-json\/wp\/v2\/types\/page"}],"author":[{"embeddable":true,"href":"https:\/\/sse.lodz.pl\/en\/wp-json\/wp\/v2\/users\/18"}],"replies":[{"embeddable":true,"href":"https:\/\/sse.lodz.pl\/en\/wp-json\/wp\/v2\/comments?post=237"}],"version-history":[{"count":12,"href":"https:\/\/sse.lodz.pl\/en\/wp-json\/wp\/v2\/pages\/237\/revisions"}],"predecessor-version":[{"id":7155,"href":"https:\/\/sse.lodz.pl\/en\/wp-json\/wp\/v2\/pages\/237\/revisions\/7155"}],"wp:attachment":[{"href":"https:\/\/sse.lodz.pl\/en\/wp-json\/wp\/v2\/media?parent=237"}],"curies":[{"name":"wp","href":"https:\/\/api.w.org\/{rel}","templated":true}]}}