{"id":2389,"date":"2023-03-21T17:49:18","date_gmt":"2023-03-21T16:49:18","guid":{"rendered":"https:\/\/sse.lodz.pl\/?page_id=2389"},"modified":"2023-03-21T17:49:18","modified_gmt":"2023-03-21T16:49:18","slug":"klauzula-informacyjna-dla-kandydatow-do-pracy","status":"publish","type":"page","link":"https:\/\/sse.lodz.pl\/en\/klauzula-informacyjna-dla-kandydatow-do-pracy\/","title":{"rendered":"Klauzula informacyjna dla kandydat\u00f3w do pracy"},"content":{"rendered":"<p>[vc_row css=&#8221;.vc_custom_1678270973899{margin-top: 50px !important;margin-bottom: 30px !important;}&#8221;][vc_column][vc_column_text]<\/p>\n<p class=\"p4\">Zgodnie z art. 13 ust. 1 i ust.2 Rozporz\u0105dzenia Parlamentu Europejskiego i Rady (UE) 2016\/679 z 27 kwietnia 2016 r. w sprawie ochrony os\u00f3b fizycznych w zwi\u0105zku z przetwarzaniem danych osobowych i\u00a0w\u00a0sprawie swobodnego przep\u0142ywu takich danych oraz uchylenia dyrektywy 95\/46\/WE (og\u00f3lne rozporz\u0105dzenie o\u00a0ochronie danych) (Dz. U. UE. L. z 2016 r. Nr 119, str. 1) &#8211; dalej RODO informujemy:<\/p>\n<ol class=\"ol1\">\n<li class=\"li4\">Administratorem Pani\/Pana danych osobowych jest \u0141\u00f3dzka Specjalna Strefa Ekonomiczna<span class=\"Apple-converted-space\">\u00a0 <\/span>Sp\u00f3\u0142ka Akcyjna z siedzib\u0105 w \u0141odzi, adres: ul. Ks. Biskupa Wincentego Tymienieckiego 22G , 90-349 \u0141\u00f3d\u017a, zarejestrowana w S\u0105dzie Rejonowym dla<span class=\"Apple-converted-space\">\u00a0 <\/span>\u0141odzi \u2013 \u015ar\u00f3dmie\u015bcia w \u0141odzi, XX<span class=\"Apple-converted-space\">\u00a0 <\/span>Wydzia\u0142 Gospodarczy Krajowego Rejestru S\u0105dowego, pod numerem KRS 0000014128, NIP: 7251486825, REGON: 471537330, kapita\u0142 zak\u0142adowy 24 927 000,00 z\u0142, telefon: (+48) 42 676 27 53,<span class=\"Apple-converted-space\">\u00a0<\/span><\/li>\n<li class=\"li4\">Administrator powo\u0142a\u0142 Inspektora Ochrony Danych \u2013 Pani\u0105 Agnieszk\u0119 Andrzejewsk\u0105 z kt\u00f3r\u0105 mo\u017cna skontaktowa\u0107 si\u0119 pisz\u0105c na adres:<span class=\"Apple-converted-space\">\u00a0 <\/span>iod@sse.lodz.pl<span class=\"Apple-converted-space\">\u00a0<\/span><\/li>\n<li class=\"li4\">Pana\/Pani dane osobowe przetwarzane b\u0119d\u0105 na podstawie Pana\/Pani dobrowolnej zgody w celu przeprowadzenia procesu rekrutacji zar\u00f3wno obecnej jak i przysz\u0142ych (o ile Administrator uzyska tak\u0105 zgod\u0119).<span class=\"Apple-converted-space\">\u00a0 <\/span>Podanie Pani\/Pana danych osobowych jest dobrowolne, lecz konieczne w celu uwzgl\u0119dnienia Pani \/Pana osoby w procesie rekrutacji. Podstawa prawna przetwarzania danych: art. 6 ust. 1 lit. a), (wyra\u017cenie przez kandydata na pracownika zgody), art. 6 ust. 1 lit. b) RODO (podj\u0119cia dzia\u0142a\u0144 na \u017c\u0105danie osoby, kt\u00f3rej dane dotycz\u0105, przed zawarciem umowy), art. 6 ust. 1 lit. c) RODO (wype\u0142nienie obowi\u0105zku prawnego wynikaj\u0105cego z przepis\u00f3w prawa pracy), a tak\u017ce art. 6 ust 1 lit. f) RODO (prawnie uzasadniony interes Pracodawcy tj. ustalenie, dochodzenie lub obrona roszcze\u0144).<\/li>\n<li class=\"li4\">Pana\/Pani dane osobowe przetwarzane s\u0105 wy\u0142\u0105cznie w zakresie zwi\u0105zanym z realizacj\u0105 powy\u017cszych cel\u00f3w. Nie udost\u0119pniamy Pana\/Pani danych innym odbiorcom.<span class=\"Apple-converted-space\">\u00a0<\/span><\/li>\n<li class=\"li4\">Podanie danych osobowych wymaganych przez przepisy prawa jest warunkiem uczestnictwa w rekrutacji, a ich nie podanie skutkuje niemo\u017cliwo\u015bci\u0105 uczestnictwa w rekrutacji przeprowadzanej przez Pracodawc\u0119. Podanie danych osobowych, na kt\u00f3re kandydat wyrazi\u0142 zgod\u0119 jest dobrowolne, a ich brak skutkuje niemo\u017cliwo\u015bci\u0105 zaproponowania udzia\u0142u w kolejnych rekrutacjach organizowanych przez Pracodawc\u0119.<\/li>\n<li class=\"li4\">Administrator nie zamierza przekazywa\u0107 Pana\/Pani danych do pa\u0144stwa trzeciego ani do organizacji mi\u0119dzynarodowych.<span class=\"Apple-converted-space\">\u00a0<\/span><\/li>\n<li class=\"li4\">Pana\/Pani dane b\u0119d\u0105 przechowywane nie d\u0142u\u017cej ni\u017c jest to konieczne, tj. przez okres ograniczony wyra\u017con\u0105 przez Pana\/Pani\u0105 zgod\u0105, nie d\u0142u\u017cej jednak ni\u017c przez okres 1 roku od dnia zako\u0144czenia procesu rekrutacji, w kt\u00f3rej bra\u0142\/a Pan\/Pani udzia\u0142.<\/li>\n<li class=\"li5\">Ma Pan\/Pani prawo \u017c\u0105da\u0107 od Administratora dost\u0119pu do swoich danych, ich sprostowania, usuni\u0119cia lub ograniczenia przetwarzania danych, prawo do wniesienia sprzeciwu wobec przetwarzania, a tak\u017ce prawo do przenoszenia danych.<span class=\"Apple-converted-space\">\u00a0<\/span><\/li>\n<li class=\"li4\">W zwi\u0105zku z przetwarzaniem Pana\/Pani danych osobowych przez Administratora przys\u0142uguje Panu\/Pani prawo wniesienia skargi do Prezesa Urz\u0119du Ochrony Danych Osobowych.<\/li>\n<li class=\"li4\">W oparciu o Pana\/Pani dane osobowe Administrator nie b\u0119dzie podejmowa\u0142 wobec Pana\/Pani zautomatyzowanych decyzji, w tym decyzji b\u0119d\u0105cych wynikiem profilowania*.<span class=\"Apple-converted-space\">\u00a0<\/span><\/li>\n<\/ol>\n<p class=\"p7\">* Profilowanie oznacza dowoln\u0105 form\u0119 zautomatyzowanego przetwarzania danych osobowych, kt\u00f3re polega na wykorzystaniu danych osobowych do oceny niekt\u00f3rych czynnik\u00f3w osobowych osoby fizycznej, w szczeg\u00f3lno\u015bci do analizy lub prognozy aspekt\u00f3w dotycz\u0105cych pracy tej osoby fizycznej, jej sytuacji ekonomicznej, zdrowia, osobistych preferencji, zainteresowa\u0144, wiarygodno\u015bci, zachowania, lokalizacji lub przemieszczania si\u0119.<span class=\"Apple-converted-space\">\u00a0<\/span><\/p>\n<p>[\/vc_column_text][\/vc_column][\/vc_row]<\/p>\n","protected":false},"excerpt":{"rendered":"<p>[vc_row css=&#8221;.vc_custom_1678270973899{margin-top: 50px !important;margin-bottom: 30px !important;}&#8221;][vc_column][vc_column_text] Zgodnie z art. 13 ust. 1 i ust.2 Rozporz\u0105dzenia Parlamentu Europejskiego i Rady (UE) 2016\/679 z 27 kwietnia 2016 r. w sprawie ochrony os\u00f3b fizycznych w zwi\u0105zku z przetwarzaniem [&#8230;]<\/p>\n<p><a class=\"btn btn-secondary understrap-read-more-link\" href=\"https:\/\/sse.lodz.pl\/en\/klauzula-informacyjna-dla-kandydatow-do-pracy\/\">Read More&#8230;<span class=\"screen-reader-text\"> from Klauzula informacyjna dla kandydat\u00f3w do pracy<\/span><\/a><\/p>\n","protected":false},"author":18,"featured_media":0,"parent":0,"menu_order":0,"comment_status":"closed","ping_status":"closed","template":"podcategory-page.php","meta":{"_acf_changed":false,"inline_featured_image":false,"footnotes":""},"class_list":["post-2389","page","type-page","status-publish","hentry"],"translation":{"provider":"WPGlobus","version":"3.0.2","language":"en","enabled_languages":["pl","en"],"languages":{"pl":{"title":true,"content":true,"excerpt":false},"en":{"title":false,"content":false,"excerpt":false}}},"acf":[],"yoast_head":"<!-- This site is optimized with the Yoast SEO plugin v27.4 - https:\/\/yoast.com\/product\/yoast-seo-wordpress\/ -->\n<title>Klauzula informacyjna dla kandydat\u00f3w do pracy - \u0141\u00f3dzka Specjalna Strefa Ekonomiczna<\/title>\n<meta name=\"robots\" content=\"index, follow, max-snippet:-1, max-image-preview:large, max-video-preview:-1\" \/>\n<link rel=\"canonical\" href=\"https:\/\/sse.lodz.pl\/klauzula-informacyjna-dla-kandydatow-do-pracy\/\" \/>\n<meta property=\"og:locale\" content=\"en_US\" \/>\n<meta property=\"og:type\" content=\"article\" \/>\n<meta property=\"og:title\" content=\"Klauzula informacyjna dla kandydat\u00f3w do pracy - \u0141\u00f3dzka Specjalna Strefa Ekonomiczna\" \/>\n<meta property=\"og:url\" content=\"https:\/\/sse.lodz.pl\/klauzula-informacyjna-dla-kandydatow-do-pracy\/\" \/>\n<meta property=\"og:site_name\" content=\"\u0141\u00f3dzka Specjalna Strefa Ekonomiczna\" \/>\n<meta name=\"twitter:card\" content=\"summary_large_image\" \/>\n<meta name=\"twitter:label1\" content=\"Est. reading time\" \/>\n\t<meta name=\"twitter:data1\" content=\"5 minutes\" \/>\n<script type=\"application\/ld+json\" class=\"yoast-schema-graph\">{\"@context\":\"https:\\\/\\\/schema.org\",\"@graph\":[{\"@type\":\"WebPage\",\"@id\":\"https:\\\/\\\/sse.lodz.pl\\\/klauzula-informacyjna-dla-kandydatow-do-pracy\\\/\",\"url\":\"https:\\\/\\\/sse.lodz.pl\\\/klauzula-informacyjna-dla-kandydatow-do-pracy\\\/\",\"name\":\"Klauzula informacyjna dla kandydat\u00f3w do pracy - \u0141\u00f3dzka Specjalna Strefa Ekonomiczna\",\"isPartOf\":{\"@id\":\"https:\\\/\\\/sse.lodz.pl\\\/#website\"},\"datePublished\":\"2023-03-21T16:49:18+00:00\",\"breadcrumb\":{\"@id\":\"https:\\\/\\\/sse.lodz.pl\\\/klauzula-informacyjna-dla-kandydatow-do-pracy\\\/#breadcrumb\"},\"inLanguage\":\"en-US\",\"potentialAction\":[{\"@type\":\"ReadAction\",\"target\":[\"https:\\\/\\\/sse.lodz.pl\\\/klauzula-informacyjna-dla-kandydatow-do-pracy\\\/\"]}]},{\"@type\":\"BreadcrumbList\",\"@id\":\"https:\\\/\\\/sse.lodz.pl\\\/klauzula-informacyjna-dla-kandydatow-do-pracy\\\/#breadcrumb\",\"itemListElement\":[{\"@type\":\"ListItem\",\"position\":1,\"name\":\"Strona g\u0142\u00f3wna\",\"item\":\"https:\\\/\\\/sse.lodz.pl\\\/\"},{\"@type\":\"ListItem\",\"position\":2,\"name\":\"Klauzula informacyjna dla kandydat\u00f3w do pracy\"}]},{\"@type\":\"WebSite\",\"@id\":\"https:\\\/\\\/sse.lodz.pl\\\/#website\",\"url\":\"https:\\\/\\\/sse.lodz.pl\\\/\",\"name\":\"\u0141\u00f3dzka Specjalna Strefa Ekonomiczna\",\"description\":\"\",\"potentialAction\":[{\"@type\":\"SearchAction\",\"target\":{\"@type\":\"EntryPoint\",\"urlTemplate\":\"https:\\\/\\\/sse.lodz.pl\\\/?s={search_term_string}\"},\"query-input\":{\"@type\":\"PropertyValueSpecification\",\"valueRequired\":true,\"valueName\":\"search_term_string\"}}],\"inLanguage\":\"en-US\"}]}<\/script>\n<!-- \/ Yoast SEO plugin. -->","yoast_head_json":{"title":"Klauzula informacyjna dla kandydat\u00f3w do pracy - \u0141\u00f3dzka Specjalna Strefa Ekonomiczna","robots":{"index":"index","follow":"follow","max-snippet":"max-snippet:-1","max-image-preview":"max-image-preview:large","max-video-preview":"max-video-preview:-1"},"canonical":"https:\/\/sse.lodz.pl\/klauzula-informacyjna-dla-kandydatow-do-pracy\/","og_locale":"en_US","og_type":"article","og_title":"Klauzula informacyjna dla kandydat\u00f3w do pracy - \u0141\u00f3dzka Specjalna Strefa Ekonomiczna","og_url":"https:\/\/sse.lodz.pl\/klauzula-informacyjna-dla-kandydatow-do-pracy\/","og_site_name":"\u0141\u00f3dzka Specjalna Strefa Ekonomiczna","twitter_card":"summary_large_image","twitter_misc":{"Est. reading time":"5 minutes"},"schema":{"@context":"https:\/\/schema.org","@graph":[{"@type":"WebPage","@id":"https:\/\/sse.lodz.pl\/klauzula-informacyjna-dla-kandydatow-do-pracy\/","url":"https:\/\/sse.lodz.pl\/klauzula-informacyjna-dla-kandydatow-do-pracy\/","name":"Klauzula informacyjna dla kandydat\u00f3w do pracy - \u0141\u00f3dzka Specjalna Strefa Ekonomiczna","isPartOf":{"@id":"https:\/\/sse.lodz.pl\/#website"},"datePublished":"2023-03-21T16:49:18+00:00","breadcrumb":{"@id":"https:\/\/sse.lodz.pl\/klauzula-informacyjna-dla-kandydatow-do-pracy\/#breadcrumb"},"inLanguage":"en-US","potentialAction":[{"@type":"ReadAction","target":["https:\/\/sse.lodz.pl\/klauzula-informacyjna-dla-kandydatow-do-pracy\/"]}]},{"@type":"BreadcrumbList","@id":"https:\/\/sse.lodz.pl\/klauzula-informacyjna-dla-kandydatow-do-pracy\/#breadcrumb","itemListElement":[{"@type":"ListItem","position":1,"name":"Strona g\u0142\u00f3wna","item":"https:\/\/sse.lodz.pl\/"},{"@type":"ListItem","position":2,"name":"Klauzula informacyjna dla kandydat\u00f3w do pracy"}]},{"@type":"WebSite","@id":"https:\/\/sse.lodz.pl\/#website","url":"https:\/\/sse.lodz.pl\/","name":"\u0141\u00f3dzka Specjalna Strefa Ekonomiczna","description":"","potentialAction":[{"@type":"SearchAction","target":{"@type":"EntryPoint","urlTemplate":"https:\/\/sse.lodz.pl\/?s={search_term_string}"},"query-input":{"@type":"PropertyValueSpecification","valueRequired":true,"valueName":"search_term_string"}}],"inLanguage":"en-US"}]}},"_links":{"self":[{"href":"https:\/\/sse.lodz.pl\/en\/wp-json\/wp\/v2\/pages\/2389","targetHints":{"allow":["GET"]}}],"collection":[{"href":"https:\/\/sse.lodz.pl\/en\/wp-json\/wp\/v2\/pages"}],"about":[{"href":"https:\/\/sse.lodz.pl\/en\/wp-json\/wp\/v2\/types\/page"}],"author":[{"embeddable":true,"href":"https:\/\/sse.lodz.pl\/en\/wp-json\/wp\/v2\/users\/18"}],"replies":[{"embeddable":true,"href":"https:\/\/sse.lodz.pl\/en\/wp-json\/wp\/v2\/comments?post=2389"}],"version-history":[{"count":1,"href":"https:\/\/sse.lodz.pl\/en\/wp-json\/wp\/v2\/pages\/2389\/revisions"}],"predecessor-version":[{"id":2390,"href":"https:\/\/sse.lodz.pl\/en\/wp-json\/wp\/v2\/pages\/2389\/revisions\/2390"}],"wp:attachment":[{"href":"https:\/\/sse.lodz.pl\/en\/wp-json\/wp\/v2\/media?parent=2389"}],"curies":[{"name":"wp","href":"https:\/\/api.w.org\/{rel}","templated":true}]}}