{"id":2440,"date":"2023-03-22T14:20:38","date_gmt":"2023-03-22T13:20:38","guid":{"rendered":"https:\/\/sse.lodz.pl\/?page_id=2440"},"modified":"2025-10-21T09:41:26","modified_gmt":"2025-10-21T07:41:26","slug":"bip-przedmiot-dzialania","status":"publish","type":"page","link":"https:\/\/sse.lodz.pl\/en\/bip-przedmiot-dzialania\/","title":{"rendered":"BIP Przedmiot dzia\u0142ania"},"content":{"rendered":"<p>[vc_row][vc_column][vc_column_text]\u0141\u00f3dzka Specjalna Strefa Ekonomiczna Sp\u00f3\u0142ka Akcyjna (\u0141SSE S.A.) jest zarz\u0105dzaj\u0105cym \u0142\u00f3dzk\u0105 specjaln\u0105 stref\u0105 ekonomiczn\u0105, utworzon\u0105 Rozporz\u0105dzeniem Rady Ministr\u00f3w z dnia 15 kwietnia 1997 r. (Dz. U. Nr 46, poz. 289 z dnia 14 maja 1997 r.), na podstawie art. 4 ust. 1 ustawy z dnia 20 pa\u017adziernika 1994 r. o specjalnych strefach ekonomicznych (tekst jednolity: Dz. U. z 2007 r. Nr 42, poz. 274 z p\u00f3\u017an. zm.).<\/p>\n<p>Celem Sp\u00f3\u0142ki jest podejmowanie dzia\u0142a\u0144 s\u0142u\u017c\u0105cych rozwojowi oraz wzrostowi gospodarczemu regionu \u0142\u00f3dzkiego.<\/p>\n<p>Przedmiotem dzia\u0142alno\u015bci Sp\u00f3\u0142ki jest:<\/p>\n<p>85.60.Z Dzia\u0142alno\u015b\u0107 wspomagaj\u0105ca edukacj\u0119<\/p>\n<p>85.59.B Pozosta\u0142e pozaszkolne formy edukacji, gdzie indziej niesklasyfikowane<\/p>\n<p>82.11.Z Dzia\u0142alno\u015b\u0107 us\u0142ugowa zwi\u0105zana z administracyjn\u0105 obs\u0142ug\u0105 biura<\/p>\n<p>81.29.Z Pozosta\u0142e sprz\u0105tanie<\/p>\n<p>78.10.Z Dzia\u0142alno\u015b\u0107 zwi\u0105zana z wyszukiwaniem miejsc pracy i pozyskiwaniem pracownik\u00f3w<\/p>\n<p>73.11.Z Dzia\u0142alno\u015b\u0107 agencji reklamowych<\/p>\n<p>70.22.Z Pozosta\u0142e doradztwo w zakresie prowadzenia dzia\u0142alno\u015bci gospodarczej i zarz\u0105dzania<\/p>\n<p>66.19.Z Pozosta\u0142a dzia\u0142alno\u015b\u0107 wspomagaj\u0105ca us\u0142ugi finansowe z wy\u0142\u0105czeniem ubezpiecze\u0144 i fundusz\u00f3w emerytalnych<\/p>\n<p>68.32.Z Zarz\u0105dzanie nieruchomo\u015bciami wykonywanymi na zlecenie<\/p>\n<p>68.31.Z Po\u015brednictwo w obrocie nieruchomo\u015bciami<\/p>\n<p>68.20.Z Wynajem i zarz\u0105dzanie nieruchomo\u015bciami w\u0142asnymi lub dzier\u017cawionymi<\/p>\n<p>68.10.Z Kupno i sprzeda\u017c nieruchomo\u015bci na w\u0142asny rachunek<\/p>\n<p>64.92.Z Pozosta\u0142e formy udzielania kredyt\u00f3w<\/p>\n<p>64.91.Z Leasing finansowy<\/p>\n<p>56.10.A Restauracje i inne sta\u0142e plac\u00f3wki gastronomiczne<\/p>\n<p>55.10.Z Hotele i podobne obiekty zakwaterowania<\/p>\n<p>52.21.Z Dzia\u0142alno\u015b\u0107 us\u0142ugowa wspomagaj\u0105ca transport l\u0105dowy<\/p>\n<p>52.10.B Magazynowanie i przechowywanie pozosta\u0142ych towar\u00f3w<\/p>\n<p>47.30.Z Sprzeda\u017c detaliczna paliw do pojazd\u00f3w silnikowych na stacjach paliw<\/p>\n<p>42.99.Z Roboty zwi\u0105zane z budow\u0105 pozosta\u0142ych obiekt\u00f3w in\u017cynierii l\u0105dowej i wodnej, gdzie indziej niesklasyfikowane<\/p>\n<p>42.22.Z Roboty zwi\u0105zane z budow\u0105 linii telekomunikacyjnych i elektroenergetycznych<\/p>\n<p>42.21.Z Roboty zwi\u0105zane z budow\u0105 ruroci\u0105g\u00f3w przesy\u0142owych i sieci rozdzielczych<\/p>\n<p>42.13.Z Roboty zwi\u0105zane z budow\u0105 most\u00f3w i tuneli<\/p>\n<p>42.11.Z Roboty zwi\u0105zane z budow\u0105 dr\u00f3g i autostrad<\/p>\n<p>41.20.Z Roboty budowlane zwi\u0105zane ze wznoszeniem budynk\u00f3w mieszkalnych i niemieszkalnych<\/p>\n<p>41.10.Z Realizacja projekt\u00f3w budowlanych zwi\u0105zanych ze wznoszeniem budynk\u00f3w<\/p>\n<p>36.00.Z Pob\u00f3r, uzdatnianie i dostarczanie wody<\/p>\n<p>35.23.Z Handel paliwami gazowymi w systemie sieciowym<\/p>\n<p>35.22.Z Dystrybucja paliw gazowych w systemie sieciowym<\/p>\n<p>35.14.Z Handel energi\u0105 elektryczn\u0105<\/p>\n<p>35.13.Z Dystrybucja energii elektrycznej<\/p>\n<p>82.30.Z Dzia\u0142alno\u015b\u0107 zwi\u0105zana z organizacj\u0105 targ\u00f3w, wystaw i kongres\u00f3w<\/p>\n<p>93.29.B Pozosta\u0142a dzia\u0142alno\u015b\u0107 rozrywkowa i rekreacyjna, gdzie indziej niesklasyfikowana 36.00.Z. pob\u00f3r, uzdatnianie i dostarczanie wody[\/vc_column_text][vc_column_text css=&#8221;.vc_custom_1761032481194{padding-top: 40px !important;}&#8221;]<small>Redaktor strony: Natalia Pop\u0142onikowska<br \/>\nE-mail: natalia.poplonikowska@sse.lodz.pl<br \/>\n<\/small><small>Udost\u0119pniaj\u0105cy: Biuro Zarz\u0105du<br \/>\n<\/small><small>Wytwarzaj\u0105cy\/Odpowiadaj\u0105cy: Biuro Zarz\u0105du<br \/>\n<\/small><small>Czas udost\u0119pnienia: 21-10-2025<br \/>\n<\/small><small>Czas wytworzenia: 02-12-2011<\/small>[\/vc_column_text][\/vc_column][\/vc_row]<\/p>\n","protected":false},"excerpt":{"rendered":"<p>[vc_row][vc_column][vc_column_text]\u0141\u00f3dzka Specjalna Strefa Ekonomiczna Sp\u00f3\u0142ka Akcyjna (\u0141SSE S.A.) jest zarz\u0105dzaj\u0105cym \u0142\u00f3dzk\u0105 specjaln\u0105 stref\u0105 ekonomiczn\u0105, utworzon\u0105 Rozporz\u0105dzeniem Rady Ministr\u00f3w z dnia 15 kwietnia 1997 r. (Dz. U. Nr 46, poz. 289 z dnia 14 maja 1997 [&#8230;]<\/p>\n<p><a class=\"btn btn-secondary understrap-read-more-link\" href=\"https:\/\/sse.lodz.pl\/en\/bip-przedmiot-dzialania\/\">Read More&#8230;<span class=\"screen-reader-text\"> from BIP Przedmiot dzia\u0142ania<\/span><\/a><\/p>\n","protected":false},"author":18,"featured_media":0,"parent":0,"menu_order":0,"comment_status":"closed","ping_status":"closed","template":"podcategory-page.php","meta":{"_acf_changed":false,"inline_featured_image":false,"footnotes":""},"class_list":["post-2440","page","type-page","status-publish","hentry"],"translation":{"provider":"WPGlobus","version":"3.0.2","language":"en","enabled_languages":["pl","en"],"languages":{"pl":{"title":true,"content":true,"excerpt":false},"en":{"title":false,"content":false,"excerpt":false}}},"acf":[],"yoast_head":"<!-- This site is optimized with the Yoast SEO plugin v27.4 - https:\/\/yoast.com\/product\/yoast-seo-wordpress\/ -->\n<title>BIP Przedmiot dzia\u0142ania - \u0141\u00f3dzka Specjalna Strefa Ekonomiczna<\/title>\n<meta name=\"robots\" content=\"index, follow, max-snippet:-1, max-image-preview:large, max-video-preview:-1\" \/>\n<link rel=\"canonical\" href=\"https:\/\/sse.lodz.pl\/bip-przedmiot-dzialania\/\" \/>\n<meta property=\"og:locale\" content=\"en_US\" \/>\n<meta property=\"og:type\" content=\"article\" \/>\n<meta property=\"og:title\" content=\"BIP Przedmiot dzia\u0142ania - \u0141\u00f3dzka Specjalna Strefa Ekonomiczna\" \/>\n<meta property=\"og:url\" content=\"https:\/\/sse.lodz.pl\/bip-przedmiot-dzialania\/\" \/>\n<meta property=\"og:site_name\" content=\"\u0141\u00f3dzka Specjalna Strefa Ekonomiczna\" \/>\n<meta property=\"article:modified_time\" content=\"2025-10-21T07:41:26+00:00\" \/>\n<meta name=\"twitter:card\" content=\"summary_large_image\" \/>\n<meta name=\"twitter:label1\" content=\"Est. reading time\" \/>\n\t<meta name=\"twitter:data1\" content=\"3 minutes\" \/>\n<script type=\"application\/ld+json\" class=\"yoast-schema-graph\">{\"@context\":\"https:\\\/\\\/schema.org\",\"@graph\":[{\"@type\":\"WebPage\",\"@id\":\"https:\\\/\\\/sse.lodz.pl\\\/bip-przedmiot-dzialania\\\/\",\"url\":\"https:\\\/\\\/sse.lodz.pl\\\/bip-przedmiot-dzialania\\\/\",\"name\":\"BIP Przedmiot dzia\u0142ania - \u0141\u00f3dzka Specjalna Strefa Ekonomiczna\",\"isPartOf\":{\"@id\":\"https:\\\/\\\/sse.lodz.pl\\\/#website\"},\"datePublished\":\"2023-03-22T13:20:38+00:00\",\"dateModified\":\"2025-10-21T07:41:26+00:00\",\"breadcrumb\":{\"@id\":\"https:\\\/\\\/sse.lodz.pl\\\/bip-przedmiot-dzialania\\\/#breadcrumb\"},\"inLanguage\":\"en-US\",\"potentialAction\":[{\"@type\":\"ReadAction\",\"target\":[\"https:\\\/\\\/sse.lodz.pl\\\/bip-przedmiot-dzialania\\\/\"]}]},{\"@type\":\"BreadcrumbList\",\"@id\":\"https:\\\/\\\/sse.lodz.pl\\\/bip-przedmiot-dzialania\\\/#breadcrumb\",\"itemListElement\":[{\"@type\":\"ListItem\",\"position\":1,\"name\":\"Strona g\u0142\u00f3wna\",\"item\":\"https:\\\/\\\/sse.lodz.pl\\\/\"},{\"@type\":\"ListItem\",\"position\":2,\"name\":\"BIP Przedmiot dzia\u0142ania\"}]},{\"@type\":\"WebSite\",\"@id\":\"https:\\\/\\\/sse.lodz.pl\\\/#website\",\"url\":\"https:\\\/\\\/sse.lodz.pl\\\/\",\"name\":\"\u0141\u00f3dzka Specjalna Strefa Ekonomiczna\",\"description\":\"\",\"potentialAction\":[{\"@type\":\"SearchAction\",\"target\":{\"@type\":\"EntryPoint\",\"urlTemplate\":\"https:\\\/\\\/sse.lodz.pl\\\/?s={search_term_string}\"},\"query-input\":{\"@type\":\"PropertyValueSpecification\",\"valueRequired\":true,\"valueName\":\"search_term_string\"}}],\"inLanguage\":\"en-US\"}]}<\/script>\n<!-- \/ Yoast SEO plugin. -->","yoast_head_json":{"title":"BIP Przedmiot dzia\u0142ania - \u0141\u00f3dzka Specjalna Strefa Ekonomiczna","robots":{"index":"index","follow":"follow","max-snippet":"max-snippet:-1","max-image-preview":"max-image-preview:large","max-video-preview":"max-video-preview:-1"},"canonical":"https:\/\/sse.lodz.pl\/bip-przedmiot-dzialania\/","og_locale":"en_US","og_type":"article","og_title":"BIP Przedmiot dzia\u0142ania - \u0141\u00f3dzka Specjalna Strefa Ekonomiczna","og_url":"https:\/\/sse.lodz.pl\/bip-przedmiot-dzialania\/","og_site_name":"\u0141\u00f3dzka Specjalna Strefa Ekonomiczna","article_modified_time":"2025-10-21T07:41:26+00:00","twitter_card":"summary_large_image","twitter_misc":{"Est. reading time":"3 minutes"},"schema":{"@context":"https:\/\/schema.org","@graph":[{"@type":"WebPage","@id":"https:\/\/sse.lodz.pl\/bip-przedmiot-dzialania\/","url":"https:\/\/sse.lodz.pl\/bip-przedmiot-dzialania\/","name":"BIP Przedmiot dzia\u0142ania - \u0141\u00f3dzka Specjalna Strefa Ekonomiczna","isPartOf":{"@id":"https:\/\/sse.lodz.pl\/#website"},"datePublished":"2023-03-22T13:20:38+00:00","dateModified":"2025-10-21T07:41:26+00:00","breadcrumb":{"@id":"https:\/\/sse.lodz.pl\/bip-przedmiot-dzialania\/#breadcrumb"},"inLanguage":"en-US","potentialAction":[{"@type":"ReadAction","target":["https:\/\/sse.lodz.pl\/bip-przedmiot-dzialania\/"]}]},{"@type":"BreadcrumbList","@id":"https:\/\/sse.lodz.pl\/bip-przedmiot-dzialania\/#breadcrumb","itemListElement":[{"@type":"ListItem","position":1,"name":"Strona g\u0142\u00f3wna","item":"https:\/\/sse.lodz.pl\/"},{"@type":"ListItem","position":2,"name":"BIP Przedmiot dzia\u0142ania"}]},{"@type":"WebSite","@id":"https:\/\/sse.lodz.pl\/#website","url":"https:\/\/sse.lodz.pl\/","name":"\u0141\u00f3dzka Specjalna Strefa Ekonomiczna","description":"","potentialAction":[{"@type":"SearchAction","target":{"@type":"EntryPoint","urlTemplate":"https:\/\/sse.lodz.pl\/?s={search_term_string}"},"query-input":{"@type":"PropertyValueSpecification","valueRequired":true,"valueName":"search_term_string"}}],"inLanguage":"en-US"}]}},"_links":{"self":[{"href":"https:\/\/sse.lodz.pl\/en\/wp-json\/wp\/v2\/pages\/2440","targetHints":{"allow":["GET"]}}],"collection":[{"href":"https:\/\/sse.lodz.pl\/en\/wp-json\/wp\/v2\/pages"}],"about":[{"href":"https:\/\/sse.lodz.pl\/en\/wp-json\/wp\/v2\/types\/page"}],"author":[{"embeddable":true,"href":"https:\/\/sse.lodz.pl\/en\/wp-json\/wp\/v2\/users\/18"}],"replies":[{"embeddable":true,"href":"https:\/\/sse.lodz.pl\/en\/wp-json\/wp\/v2\/comments?post=2440"}],"version-history":[{"count":4,"href":"https:\/\/sse.lodz.pl\/en\/wp-json\/wp\/v2\/pages\/2440\/revisions"}],"predecessor-version":[{"id":7072,"href":"https:\/\/sse.lodz.pl\/en\/wp-json\/wp\/v2\/pages\/2440\/revisions\/7072"}],"wp:attachment":[{"href":"https:\/\/sse.lodz.pl\/en\/wp-json\/wp\/v2\/media?parent=2440"}],"curies":[{"name":"wp","href":"https:\/\/api.w.org\/{rel}","templated":true}]}}