{"id":2446,"date":"2023-03-22T15:59:44","date_gmt":"2023-03-22T14:59:44","guid":{"rendered":"https:\/\/sse.lodz.pl\/?page_id=2446"},"modified":"2025-10-22T13:56:19","modified_gmt":"2025-10-22T11:56:19","slug":"bip-rada-nadzorcza","status":"publish","type":"page","link":"https:\/\/sse.lodz.pl\/en\/bip-rada-nadzorcza\/","title":{"rendered":"BIP Rada Nadzorcza"},"content":{"rendered":"<p>[vc_row][vc_column][vc_column_text]W sk\u0142ad Rady Nadzorczej \u0141SSE S.A. wchodz\u0105:<\/p>\n<p>Marcin Majewski \u2013 Przewodnicz\u0105cy Rady Nadzorczej, Przedstawiciel Skarbu Pa\u0144stwa, Ministerstwo Rozwoju i Technologii,<\/p>\n<p>Piotr Adamczewski \u2013 Wiceprzewodnicz\u0105cy Rady Nadzorczej, Przedstawiciel Urz\u0119du Ochrony Konkurencji i Konsument\u00f3w,<\/p>\n<p>Andrzej Mi\u0119sok \u2013 Cz\u0142onek Rady Nadzorczej, Przedstawiciel Miasta Ozork\u00f3w,<\/p>\n<p>Piotr Adamski \u2013 Cz\u0142onek Rady Nadzorczej, Przedstawiciel Ministra Finans\u00f3w,<\/p>\n<p>Romuald Bosakowski \u2013 Cz\u0142onek Rady Nadzorczej, Przedstawiciel Ministra Aktyw\u00f3w Pa\u0144stwowych<\/p>\n<p>\u0141ukasz Dzieko\u0144ski \u2013 Cz\u0142onek Rady Nadzorczej, Przedstawiciel Miasta \u0141\u00f3d\u017a<\/p>\n<p>&nbsp;<\/p>\n<p>Do kompetencji Rady Nadzorczej nale\u017cy:<\/p>\n<ol>\n<li>ocena sprawozdania Zarz\u0105du z dzia\u0142alno\u015bci Sp\u00f3\u0142ki oraz sprawozdania finansowego za ubieg\u0142y rok obrotowy w zakresie ich zgodno\u015bci z ksi\u0119gami, dokumentami, jak i ze stanem faktycznym. Dotyczy to tak\u017ce skonsolidowanego sprawozdania finansowego, o ile jest ono sporz\u0105dzane,<\/li>\n<li>ocena wniosk\u00f3w Zarz\u0105du co do podzia\u0142u zysku albo pokrycia straty,<\/li>\n<li>sk\u0142adanie Walnemu Zgromadzeniu corocznego pisemnego sprawozdania za ubieg\u0142y rok obrotowy, sporz\u0105dzanego zgodnie z art. 382 \u00a7 31 Kodeksu sp\u00f3\u0142ek handlowych,<\/li>\n<li>wyb\u00f3r firmy audytorskiej do przeprowadzenia badania sprawozdania finansowego,<\/li>\n<li>okre\u015blanie zakresu i termin\u00f3w przedk\u0142adania przez Zarz\u0105d rocznych plan\u00f3w rzeczowo \u2013 finansowych oraz strategicznych plan\u00f3w wieloletnich,<\/li>\n<li>opiniowanie strategicznych plan\u00f3w wieloletnich Sp\u00f3\u0142ki,<\/li>\n<li>opiniowanie rocznych plan\u00f3w rzeczowo \u2013 finansowych,<\/li>\n<li>opiniowanie sporz\u0105dzonego przez Zarz\u0105d Sp\u00f3\u0142ki regulaminu specjalnej strefy ekonomicznej,<\/li>\n<li>uchwalanie regulaminu szczeg\u00f3\u0142owo okre\u015blaj\u0105cego tryb dzia\u0142ania Rady Nadzorczej,<\/li>\n<li>przyjmowanie jednolitego tekstu Statutu Sp\u00f3\u0142ki, przygotowanego przez Zarz\u0105d Sp\u00f3\u0142ki,<\/li>\n<li>zatwierdzanie regulaminu Zarz\u0105du Sp\u00f3\u0142ki,<\/li>\n<li>opiniowanie regulaminu organizacyjnego przedsi\u0119biorstwa Sp\u00f3\u0142ki,<\/li>\n<li>nadz\u00f3r nad realizacj\u0105 uchwa\u0142 Walnego Zgromadzenia w zakresie zbywania i nabywania nieruchomo\u015bci,<\/li>\n<li>opiniowanie rocznego sprawozdania Zarz\u0105du o wydatkach reprezentacyjnych, a tak\u017ce wydatkach na us\u0142ugi prawne, us\u0142ugi marketingowe, us\u0142ugi w zakresie stosunk\u00f3w mi\u0119dzyludzkich (public relations) i komunikacji spo\u0142ecznej oraz us\u0142ugi doradztwa zwi\u0105zanego z zarz\u0105dzaniem, a tak\u017ce sprawozdania ze stosowania dobrych praktyk, o kt\u00f3rych mowa w art. 7 ust. 3 pkt 2 ustawy z dnia 16 grudnia 2016 r. o zasadach zarz\u0105dzania mieniem pa\u0144stwowym.<\/li>\n<\/ol>\n<p>&nbsp;<\/p>\n<p>Do kompetencji Rady Nadzorczej nale\u017cy udzielanie Zarz\u0105dowi zgody na:<\/p>\n<ol>\n<li>wyb\u00f3r nabywcy, dzier\u017cawcy lub najemcy konkretnej nieruchomo\u015bci lub prawa u\u017cytkowania wieczystego albo udzia\u0142u w nieruchomo\u015bci lub w prawie u\u017cytkowania wieczystego Sp\u00f3\u0142ki oraz istotne elementy takich czynno\u015bci,<\/li>\n<li>rozporz\u0105dzenie sk\u0142adnikami aktyw\u00f3w trwa\u0142ych w rozumieniu ustawy z dnia 29 wrze\u015bnia 1994 r. o rachunkowo\u015bci (Dz. U. z 2016 r. poz. 1047, z p\u00f3\u017an. zm.), zaliczonymi do warto\u015bci niematerialnych i prawnych, rzeczowych aktyw\u00f3w trwa\u0142ych lub inwestycji d\u0142ugoterminowych, w tym wniesienie jako wk\u0142adu do sp\u00f3\u0142ki lub sp\u00f3\u0142dzielni, je\u017celi warto\u015b\u0107 rynkowa tych sk\u0142adnik\u00f3w przekracza r\u00f3wnowarto\u015b\u0107 120.000,00 z\u0142, a nie przekracza albo jest r\u00f3wna 2% sumy aktyw\u00f3w w rozumieniu ustawy z dnia 29 wrze\u015bnia 1994 r.o rachunkowo\u015bci, ustalonych na podstawie ostatniego zatwierdzonego sprawozdania finansowego, a tak\u017ce oddanie tych sk\u0142adnik\u00f3w do korzystania innemu podmiotowi, na okres d\u0142u\u017cszy ni\u017c 180 dni w roku kalendarzowym, na podstawie czynno\u015bci prawnej, je\u017celi warto\u015b\u0107 rynkowa przedmiotu czynno\u015bci prawnej przekracza r\u00f3wnowarto\u015b\u0107 120.000,00 z\u0142, a nie przekracza albo jest r\u00f3wna 2% sumy aktyw\u00f3w w rozumieniu ustawy z dnia 29 wrze\u015bnia 1994 r. o rachunkowo\u015bci, ustalonych na podstawie ostatniego zatwierdzonego sprawozdania finansowego,przy czym oddanie do korzystania w przypadku:<br \/>\na) um\u00f3w najmu, dzier\u017cawy i innych um\u00f3w o oddanie sk\u0142adnika maj\u0105tkowego do odp\u0142atnego korzystania innym podmiotom &#8211; przez warto\u015b\u0107 rynkow\u0105 przedmiotu czynno\u015bci prawnej rozumie si\u0119 warto\u015b\u0107 \u015bwiadcze\u0144 za:<br \/>\n&#8211; rok \u2013 je\u017celi oddanie sk\u0142adnika maj\u0105tkowego nast\u0105pi\u0142o na podstawie um\u00f3w zawieranych na czas nieoznaczony,<br \/>\n&#8211; ca\u0142y czas obowi\u0105zywania umowy \u2013 w przypadku um\u00f3w zawieranych na czas oznaczony,<br \/>\nb) um\u00f3w u\u017cyczenia i innych nieodp\u0142atnych um\u00f3w o oddanie sk\u0142adnika maj\u0105tkowego do korzystania innym podmiotom \u2013 przez warto\u015b\u0107 rynkow\u0105 przedmiotu czynno\u015bci prawnej rozumie si\u0119 r\u00f3wnowarto\u015b\u0107 \u015bwiadcze\u0144, jakie przys\u0142ugiwa\u0142yby w razie zawarcia umowy najmu lub dzier\u017cawy, za:<br \/>\n&#8211; rok \u2013 je\u017celi oddanie sk\u0142adnika maj\u0105tkowego nast\u0105pi na podstawie umowy zawieranej na czas nieoznaczony, ca\u0142y czas obowi\u0105zywania umowy &#8211; w przypadku um\u00f3w zawartych na czas oznaczony, z zastrze\u017ceniem 44 ust. 3 pkt 3Statutu Sp\u00f3\u0142ki,<\/li>\n<li>nabycie sk\u0142adnik\u00f3w aktyw\u00f3w trwa\u0142ych w rozumieniu ustawy z dnia 29 wrze\u015bnia 1994 r. o rachunkowo\u015bci, o warto\u015bci przekraczaj\u0105cej warto\u015b\u0107 120.000,00 z\u0142 lub 0,5% sumy aktyw\u00f3w w rozumieniu ustawy z dnia 29 wrze\u015bnia 1994 r. o rachunkowo\u015bci, ustalonych na podstawie ostatniego zatwierdzonego sprawozdania finansowego, a nie przekraczaj\u0105cej albo r\u00f3wnej warto\u015bci 200.000,00 z\u0142 lub 2% sumy aktyw\u00f3w, z zastrze\u017ceniem \u00a7 44 ust. 3 pkt 4Statutu Sp\u00f3\u0142ki,<\/li>\n<li>zawarcie umowy darowizny lub innej umowy o podobnym skutku o warto\u015bci przekraczaj\u0105cej 20.000,00 z\u0142 lub 0,1% sumy aktyw\u00f3w w rozumieniu ustawy z dnia 29 wrze\u015bnia 1994 r. o rachunkowo\u015bci, ustalonych na podstawie ostatniego zatwierdzonego sprawozdania finansowego,<\/li>\n<li>zawarcie umowy zwolnienia z d\u0142ugu lub innej umowy o podobnym skutku o warto\u015bci przekraczaj\u0105cej 50.000,00 z\u0142 lub 0,1% sumy aktyw\u00f3w w rozumieniu ustawy z dnia 29 wrze\u015bnia 1994 r. o rachunkowo\u015bci, ustalonych na podstawie ostatniego zatwierdzonego sprawozdania finansowego,<\/li>\n<li>zawarcie umowy o us\u0142ugi prawne, us\u0142ugi marketingowe, us\u0142ugi w zakresie stosunk\u00f3w mi\u0119dzyludzkich (public relations) i komunikacji spo\u0142ecznej oraz us\u0142ugi doradztwa zwi\u0105zanego z zarz\u0105dzaniem, je\u017celi wysoko\u015b\u0107 wynagrodzenia przewidzianego za \u015bwiadczone us\u0142ugi \u0142\u0105cznie w tej umowie lub innych umowach zawieranych z tym samym podmiotem przekracza 200.000,00 z\u0142 netto, w stosunku rocznym albo w kt\u00f3rych maksymalna wysoko\u015b\u0107 wynagrodzenia nie jest przewidziana, oraz zmiana ww. um\u00f3w podwy\u017cszaj\u0105ca wynagrodzenie powy\u017cej kwoty 200.000,00 z\u0142 netto,<\/li>\n<li>obj\u0119cie, nabycie albo zbycie akcji innej sp\u00f3\u0142ki, z zastrze\u017ceniem \u00a7 44 ust. 3 pkt 5Statutu Sp\u00f3\u0142ki,<\/li>\n<li>zaci\u0105ganie zobowi\u0105za\u0144 warunkowych, w tym udzielanie przez Sp\u00f3\u0142k\u0119 gwarancji i por\u0119cze\u0144 maj\u0105tkowych warto\u015bci przekraczaj\u0105cej 120.000,00z\u0142,<\/li>\n<li>wystawianie weksli,<\/li>\n<li>udzielanie zezwolenia na tworzenie oddzia\u0142\u00f3w i filii.<\/li>\n<\/ol>\n<p>&nbsp;<\/p>\n<p>Ponadto do kompetencji Rady Nadzorczej nale\u017cy, w szczeg\u00f3lno\u015bci:<\/p>\n<ol>\n<li>powo\u0142ywanie i odwo\u0142ywanie cz\u0142onk\u00f3w Zarz\u0105du,<\/li>\n<li>wnioskowanie w sprawie ustalenia zasad wynagradzania i wysoko\u015bci wynagrodzenia dla cz\u0142onk\u00f3w Zarz\u0105du,<\/li>\n<li>zawieszanie w czynno\u015bciach cz\u0142onk\u00f3w Zarz\u0105du, z wa\u017cnych powod\u00f3w,<\/li>\n<li>delegowanie cz\u0142onk\u00f3w Rady Nadzorczej do czasowego wykonywania czynno\u015bci cz\u0142onk\u00f3w Zarz\u0105du, kt\u00f3rzy nie mog\u0105 sprawowa\u0107 swoich czynno\u015bci,<\/li>\n<li>udzielanie zgody na tworzenie oddzia\u0142\u00f3w Sp\u00f3\u0142ki za granic\u0105,<\/li>\n<li>udzielanie zgody cz\u0142onkom Zarz\u0105du na zajmowanie stanowisk w organach innych sp\u00f3\u0142ek.<\/li>\n<li>wyb\u00f3r doradcy Rady Nadzorczej oraz reprezentowanie Sp\u00f3\u0142ki w umowie z doradc\u0105 Rady Nadzorczej.<\/li>\n<\/ol>\n<p>[\/vc_column_text][vc_column_text css=&#8221;.vc_custom_1761032617390{padding-top: 40px !important;}&#8221;]<small>Redaktor strony: Natalia Pop\u0142onikowska<br \/>\nE-mail: natalia.poplonikowska@sse.lodz.pl<br \/>\n<\/small><small>Udost\u0119pniaj\u0105cy: Biuro Zarz\u0105du<br \/>\n<\/small><small>Wytwarzaj\u0105cy\/Odpowiadaj\u0105cy: Biuro Zarz\u0105du<br \/>\n<\/small><small>Czas udost\u0119pnienia: 21-10-2025<br \/>\n<\/small><small>Czas wytworzenia: 02-12-2011<\/small>[\/vc_column_text][\/vc_column][\/vc_row]<\/p>\n","protected":false},"excerpt":{"rendered":"<p>[vc_row][vc_column][vc_column_text]W sk\u0142ad Rady Nadzorczej \u0141SSE S.A. wchodz\u0105: Marcin Majewski \u2013 Przewodnicz\u0105cy Rady Nadzorczej, Przedstawiciel Skarbu Pa\u0144stwa, Ministerstwo Rozwoju i Technologii, Piotr Adamczewski \u2013 Wiceprzewodnicz\u0105cy Rady Nadzorczej, Przedstawiciel Urz\u0119du Ochrony Konkurencji i Konsument\u00f3w, Andrzej Mi\u0119sok \u2013 [&#8230;]<\/p>\n<p><a class=\"btn btn-secondary understrap-read-more-link\" href=\"https:\/\/sse.lodz.pl\/en\/bip-rada-nadzorcza\/\">Read More&#8230;<span class=\"screen-reader-text\"> from BIP Rada Nadzorcza<\/span><\/a><\/p>\n","protected":false},"author":18,"featured_media":0,"parent":0,"menu_order":0,"comment_status":"closed","ping_status":"closed","template":"podcategory-page.php","meta":{"_acf_changed":false,"inline_featured_image":false,"footnotes":""},"class_list":["post-2446","page","type-page","status-publish","hentry"],"translation":{"provider":"WPGlobus","version":"3.0.2","language":"en","enabled_languages":["pl","en"],"languages":{"pl":{"title":true,"content":true,"excerpt":false},"en":{"title":false,"content":false,"excerpt":false}}},"acf":[],"yoast_head":"<!-- This site is optimized with the Yoast SEO plugin v27.4 - https:\/\/yoast.com\/product\/yoast-seo-wordpress\/ -->\n<title>BIP Rada Nadzorcza - \u0141\u00f3dzka Specjalna Strefa Ekonomiczna<\/title>\n<meta name=\"robots\" content=\"index, follow, max-snippet:-1, max-image-preview:large, max-video-preview:-1\" \/>\n<link rel=\"canonical\" href=\"https:\/\/sse.lodz.pl\/bip-rada-nadzorcza\/\" \/>\n<meta property=\"og:locale\" content=\"en_US\" \/>\n<meta property=\"og:type\" content=\"article\" \/>\n<meta property=\"og:title\" content=\"BIP Rada Nadzorcza - \u0141\u00f3dzka Specjalna Strefa Ekonomiczna\" \/>\n<meta property=\"og:url\" content=\"https:\/\/sse.lodz.pl\/bip-rada-nadzorcza\/\" \/>\n<meta property=\"og:site_name\" content=\"\u0141\u00f3dzka Specjalna Strefa Ekonomiczna\" \/>\n<meta property=\"article:modified_time\" content=\"2025-10-22T11:56:19+00:00\" \/>\n<meta name=\"twitter:card\" content=\"summary_large_image\" \/>\n<meta name=\"twitter:label1\" content=\"Est. reading time\" \/>\n\t<meta name=\"twitter:data1\" content=\"4 minutes\" \/>\n<script type=\"application\/ld+json\" class=\"yoast-schema-graph\">{\"@context\":\"https:\\\/\\\/schema.org\",\"@graph\":[{\"@type\":\"WebPage\",\"@id\":\"https:\\\/\\\/sse.lodz.pl\\\/bip-rada-nadzorcza\\\/\",\"url\":\"https:\\\/\\\/sse.lodz.pl\\\/bip-rada-nadzorcza\\\/\",\"name\":\"BIP Rada Nadzorcza - \u0141\u00f3dzka Specjalna Strefa Ekonomiczna\",\"isPartOf\":{\"@id\":\"https:\\\/\\\/sse.lodz.pl\\\/#website\"},\"datePublished\":\"2023-03-22T14:59:44+00:00\",\"dateModified\":\"2025-10-22T11:56:19+00:00\",\"breadcrumb\":{\"@id\":\"https:\\\/\\\/sse.lodz.pl\\\/bip-rada-nadzorcza\\\/#breadcrumb\"},\"inLanguage\":\"en-US\",\"potentialAction\":[{\"@type\":\"ReadAction\",\"target\":[\"https:\\\/\\\/sse.lodz.pl\\\/bip-rada-nadzorcza\\\/\"]}]},{\"@type\":\"BreadcrumbList\",\"@id\":\"https:\\\/\\\/sse.lodz.pl\\\/bip-rada-nadzorcza\\\/#breadcrumb\",\"itemListElement\":[{\"@type\":\"ListItem\",\"position\":1,\"name\":\"Strona g\u0142\u00f3wna\",\"item\":\"https:\\\/\\\/sse.lodz.pl\\\/\"},{\"@type\":\"ListItem\",\"position\":2,\"name\":\"BIP Rada Nadzorcza\"}]},{\"@type\":\"WebSite\",\"@id\":\"https:\\\/\\\/sse.lodz.pl\\\/#website\",\"url\":\"https:\\\/\\\/sse.lodz.pl\\\/\",\"name\":\"\u0141\u00f3dzka Specjalna Strefa Ekonomiczna\",\"description\":\"\",\"potentialAction\":[{\"@type\":\"SearchAction\",\"target\":{\"@type\":\"EntryPoint\",\"urlTemplate\":\"https:\\\/\\\/sse.lodz.pl\\\/?s={search_term_string}\"},\"query-input\":{\"@type\":\"PropertyValueSpecification\",\"valueRequired\":true,\"valueName\":\"search_term_string\"}}],\"inLanguage\":\"en-US\"}]}<\/script>\n<!-- \/ Yoast SEO plugin. -->","yoast_head_json":{"title":"BIP Rada Nadzorcza - \u0141\u00f3dzka Specjalna Strefa Ekonomiczna","robots":{"index":"index","follow":"follow","max-snippet":"max-snippet:-1","max-image-preview":"max-image-preview:large","max-video-preview":"max-video-preview:-1"},"canonical":"https:\/\/sse.lodz.pl\/bip-rada-nadzorcza\/","og_locale":"en_US","og_type":"article","og_title":"BIP Rada Nadzorcza - \u0141\u00f3dzka Specjalna Strefa Ekonomiczna","og_url":"https:\/\/sse.lodz.pl\/bip-rada-nadzorcza\/","og_site_name":"\u0141\u00f3dzka Specjalna Strefa Ekonomiczna","article_modified_time":"2025-10-22T11:56:19+00:00","twitter_card":"summary_large_image","twitter_misc":{"Est. reading time":"4 minutes"},"schema":{"@context":"https:\/\/schema.org","@graph":[{"@type":"WebPage","@id":"https:\/\/sse.lodz.pl\/bip-rada-nadzorcza\/","url":"https:\/\/sse.lodz.pl\/bip-rada-nadzorcza\/","name":"BIP Rada Nadzorcza - \u0141\u00f3dzka Specjalna Strefa Ekonomiczna","isPartOf":{"@id":"https:\/\/sse.lodz.pl\/#website"},"datePublished":"2023-03-22T14:59:44+00:00","dateModified":"2025-10-22T11:56:19+00:00","breadcrumb":{"@id":"https:\/\/sse.lodz.pl\/bip-rada-nadzorcza\/#breadcrumb"},"inLanguage":"en-US","potentialAction":[{"@type":"ReadAction","target":["https:\/\/sse.lodz.pl\/bip-rada-nadzorcza\/"]}]},{"@type":"BreadcrumbList","@id":"https:\/\/sse.lodz.pl\/bip-rada-nadzorcza\/#breadcrumb","itemListElement":[{"@type":"ListItem","position":1,"name":"Strona g\u0142\u00f3wna","item":"https:\/\/sse.lodz.pl\/"},{"@type":"ListItem","position":2,"name":"BIP Rada Nadzorcza"}]},{"@type":"WebSite","@id":"https:\/\/sse.lodz.pl\/#website","url":"https:\/\/sse.lodz.pl\/","name":"\u0141\u00f3dzka Specjalna Strefa Ekonomiczna","description":"","potentialAction":[{"@type":"SearchAction","target":{"@type":"EntryPoint","urlTemplate":"https:\/\/sse.lodz.pl\/?s={search_term_string}"},"query-input":{"@type":"PropertyValueSpecification","valueRequired":true,"valueName":"search_term_string"}}],"inLanguage":"en-US"}]}},"_links":{"self":[{"href":"https:\/\/sse.lodz.pl\/en\/wp-json\/wp\/v2\/pages\/2446","targetHints":{"allow":["GET"]}}],"collection":[{"href":"https:\/\/sse.lodz.pl\/en\/wp-json\/wp\/v2\/pages"}],"about":[{"href":"https:\/\/sse.lodz.pl\/en\/wp-json\/wp\/v2\/types\/page"}],"author":[{"embeddable":true,"href":"https:\/\/sse.lodz.pl\/en\/wp-json\/wp\/v2\/users\/18"}],"replies":[{"embeddable":true,"href":"https:\/\/sse.lodz.pl\/en\/wp-json\/wp\/v2\/comments?post=2446"}],"version-history":[{"count":15,"href":"https:\/\/sse.lodz.pl\/en\/wp-json\/wp\/v2\/pages\/2446\/revisions"}],"predecessor-version":[{"id":7088,"href":"https:\/\/sse.lodz.pl\/en\/wp-json\/wp\/v2\/pages\/2446\/revisions\/7088"}],"wp:attachment":[{"href":"https:\/\/sse.lodz.pl\/en\/wp-json\/wp\/v2\/media?parent=2446"}],"curies":[{"name":"wp","href":"https:\/\/api.w.org\/{rel}","templated":true}]}}