{"id":2450,"date":"2023-03-22T16:07:00","date_gmt":"2023-03-22T15:07:00","guid":{"rendered":"https:\/\/sse.lodz.pl\/?page_id=2450"},"modified":"2025-10-21T09:44:19","modified_gmt":"2025-10-21T07:44:19","slug":"bip-kompetencje-zarzadu","status":"publish","type":"page","link":"https:\/\/sse.lodz.pl\/en\/bip-kompetencje-zarzadu\/","title":{"rendered":"BIP Kompetencje Zarz\u0105du"},"content":{"rendered":"<p>[vc_row][vc_column][vc_column_text]Zarz\u0105d prowadzi sprawy Sp\u00f3\u0142ki i reprezentuje Sp\u00f3\u0142k\u0119 we wszystkich czynno\u015bciach s\u0105dowych i pozas\u0105dowych.<\/p>\n<p>Zarz\u0105d realizuje plan rozwoju strefy okre\u015blony Rozporz\u0105dzeniem Ministra w\u0142a\u015bciwego do spraw gospodarki.<\/p>\n<p>&nbsp;<\/p>\n<p>Uchwa\u0142y Zarz\u0105du wymagaj\u0105 wszystkie sprawy przekraczaj\u0105ce zakres zwyk\u0142ych czynno\u015bci Sp\u00f3\u0142ki.<\/p>\n<p>Uchwa\u0142y Zarz\u0105du wymagaj\u0105, w szczeg\u00f3lno\u015bci:<\/p>\n<ol>\n<li>regulamin Zarz\u0105du,<\/li>\n<li>regulamin organizacyjny przedsi\u0119biorstwa Sp\u00f3\u0142ki,<\/li>\n<li>regulamin specjalnej strefy ekonomicznej,<\/li>\n<li>tworzenie i likwidacja oddzia\u0142\u00f3w,<\/li>\n<li>powo\u0142anie prokurenta,<\/li>\n<li>zaci\u0105ganie kredyt\u00f3w i po\u017cyczek,<\/li>\n<li>przyj\u0119cie rocznych plan\u00f3w rzeczowo \u2013 finansowych oraz strategicznych plan\u00f3w wieloletnich,<\/li>\n<li>zaci\u0105ganie zobowi\u0105za\u0144 warunkowych, w tym udzielanie przez Sp\u00f3\u0142k\u0119 gwarancji, por\u0119cze\u0144 oraz wystawianie weksli, z zastrze\u017ceniem 27 ust.2 pkt 3 i 4 Statutu Sp\u00f3\u0142ki,<\/li>\n<li>nabywanie i rozporz\u0105dzanie sk\u0142adnik\u00f3w aktyw\u00f3w trwa\u0142ych o warto\u015bci r\u00f3wnej lub przekraczaj\u0105cej r\u00f3wnowarto\u015b\u0107 kwoty 40\u00a0000, 00 z\u0142otych, z zastrze\u017ceniem postanowie\u0144 27 ust.2 pkt 1-3 oraz \u00a7 44 ust.3 pkt 2-4Statutu Sp\u00f3\u0142ki,<\/li>\n<li>sprawy, o kt\u00f3rych rozpatrzenie Zarz\u0105d zwraca si\u0119 do Rady Nadzorczej,<\/li>\n<li>wyb\u00f3r dzier\u017cawcy lub najemcy konkretnej nieruchomo\u015bci Sp\u00f3\u0142ki oraz istotne elementy umowy dzier\u017cawy lub najmu, je\u017celi umowa najmu lub dzier\u017cawy zawierana jest na czas okre\u015blony od trzech do dwunastu miesi\u0119cy,<\/li>\n<li>wyb\u00f3r dzier\u017cawcy gruntu stanowi\u0105cego w\u0142asno\u015b\u0107 Sp\u00f3\u0142ki, kt\u00f3rego powierzchnia nie przekracza 30 m<sup>2<\/sup>, bez wzgl\u0119du na okres zawarcia umowy, oraz istotne elementy umowy tej dzier\u017cawy.<\/li>\n<\/ol>\n<p>[\/vc_column_text][vc_column_text css=&#8221;.vc_custom_1761032654780{padding-top: 40px !important;}&#8221;]<small>Redaktor strony: Natalia Pop\u0142onikowska<br \/>\nE-mail: natalia.poplonikowska@sse.lodz.pl<br \/>\n<\/small><small>Udost\u0119pniaj\u0105cy: Biuro Zarz\u0105du<br \/>\n<\/small><small>Wytwarzaj\u0105cy\/Odpowiadaj\u0105cy: Biuro Zarz\u0105du<br \/>\n<\/small><small>Czas udost\u0119pnienia: 21-10-2025<br \/>\n<\/small><small>Czas wytworzenia: 02-12-2011<\/small>[\/vc_column_text][\/vc_column][\/vc_row]<\/p>\n","protected":false},"excerpt":{"rendered":"<p>[vc_row][vc_column][vc_column_text]Zarz\u0105d prowadzi sprawy Sp\u00f3\u0142ki i reprezentuje Sp\u00f3\u0142k\u0119 we wszystkich czynno\u015bciach s\u0105dowych i pozas\u0105dowych. Zarz\u0105d realizuje plan rozwoju strefy okre\u015blony Rozporz\u0105dzeniem Ministra w\u0142a\u015bciwego do spraw gospodarki. &nbsp; Uchwa\u0142y Zarz\u0105du wymagaj\u0105 wszystkie sprawy przekraczaj\u0105ce zakres zwyk\u0142ych czynno\u015bci [&#8230;]<\/p>\n<p><a class=\"btn btn-secondary understrap-read-more-link\" href=\"https:\/\/sse.lodz.pl\/en\/bip-kompetencje-zarzadu\/\">Read More&#8230;<span class=\"screen-reader-text\"> from BIP Kompetencje Zarz\u0105du<\/span><\/a><\/p>\n","protected":false},"author":18,"featured_media":0,"parent":0,"menu_order":0,"comment_status":"closed","ping_status":"closed","template":"podcategory-page.php","meta":{"_acf_changed":false,"inline_featured_image":false,"footnotes":""},"class_list":["post-2450","page","type-page","status-publish","hentry"],"translation":{"provider":"WPGlobus","version":"3.0.0","language":"en","enabled_languages":["pl","en"],"languages":{"pl":{"title":true,"content":true,"excerpt":false},"en":{"title":false,"content":false,"excerpt":false}}},"acf":[],"yoast_head":"<!-- This site is optimized with the Yoast SEO plugin v26.5 - https:\/\/yoast.com\/wordpress\/plugins\/seo\/ -->\n<title>BIP Kompetencje Zarz\u0105du - \u0141\u00f3dzka Specjalna Strefa Ekonomiczna<\/title>\n<meta name=\"robots\" content=\"index, follow, max-snippet:-1, max-image-preview:large, max-video-preview:-1\" \/>\n<link rel=\"canonical\" href=\"https:\/\/sse.lodz.pl\/bip-kompetencje-zarzadu\/\" \/>\n<meta property=\"og:locale\" content=\"en_US\" \/>\n<meta property=\"og:type\" content=\"article\" \/>\n<meta property=\"og:title\" content=\"BIP Kompetencje Zarz\u0105du - \u0141\u00f3dzka Specjalna Strefa Ekonomiczna\" \/>\n<meta property=\"og:url\" content=\"https:\/\/sse.lodz.pl\/bip-kompetencje-zarzadu\/\" \/>\n<meta property=\"og:site_name\" content=\"\u0141\u00f3dzka Specjalna Strefa Ekonomiczna\" \/>\n<meta property=\"article:modified_time\" content=\"2025-10-21T07:44:19+00:00\" \/>\n<meta name=\"twitter:card\" content=\"summary_large_image\" \/>\n<meta name=\"twitter:label1\" content=\"Est. reading time\" \/>\n\t<meta name=\"twitter:data1\" content=\"2 minutes\" \/>\n<script type=\"application\/ld+json\" class=\"yoast-schema-graph\">{\"@context\":\"https:\/\/schema.org\",\"@graph\":[{\"@type\":\"WebPage\",\"@id\":\"https:\/\/sse.lodz.pl\/bip-kompetencje-zarzadu\/\",\"url\":\"https:\/\/sse.lodz.pl\/bip-kompetencje-zarzadu\/\",\"name\":\"BIP Kompetencje Zarz\u0105du - \u0141\u00f3dzka Specjalna Strefa Ekonomiczna\",\"isPartOf\":{\"@id\":\"https:\/\/sse.lodz.pl\/#website\"},\"datePublished\":\"2023-03-22T15:07:00+00:00\",\"dateModified\":\"2025-10-21T07:44:19+00:00\",\"breadcrumb\":{\"@id\":\"https:\/\/sse.lodz.pl\/bip-kompetencje-zarzadu\/#breadcrumb\"},\"inLanguage\":\"en-US\",\"potentialAction\":[{\"@type\":\"ReadAction\",\"target\":[\"https:\/\/sse.lodz.pl\/bip-kompetencje-zarzadu\/\"]}]},{\"@type\":\"BreadcrumbList\",\"@id\":\"https:\/\/sse.lodz.pl\/bip-kompetencje-zarzadu\/#breadcrumb\",\"itemListElement\":[{\"@type\":\"ListItem\",\"position\":1,\"name\":\"Strona g\u0142\u00f3wna\",\"item\":\"https:\/\/sse.lodz.pl\/\"},{\"@type\":\"ListItem\",\"position\":2,\"name\":\"BIP Kompetencje Zarz\u0105du\"}]},{\"@type\":\"WebSite\",\"@id\":\"https:\/\/sse.lodz.pl\/#website\",\"url\":\"https:\/\/sse.lodz.pl\/\",\"name\":\"\u0141\u00f3dzka Specjalna Strefa Ekonomiczna\",\"description\":\"\",\"potentialAction\":[{\"@type\":\"SearchAction\",\"target\":{\"@type\":\"EntryPoint\",\"urlTemplate\":\"https:\/\/sse.lodz.pl\/?s={search_term_string}\"},\"query-input\":{\"@type\":\"PropertyValueSpecification\",\"valueRequired\":true,\"valueName\":\"search_term_string\"}}],\"inLanguage\":\"en-US\"}]}<\/script>\n<!-- \/ Yoast SEO plugin. -->","yoast_head_json":{"title":"BIP Kompetencje Zarz\u0105du - \u0141\u00f3dzka Specjalna Strefa Ekonomiczna","robots":{"index":"index","follow":"follow","max-snippet":"max-snippet:-1","max-image-preview":"max-image-preview:large","max-video-preview":"max-video-preview:-1"},"canonical":"https:\/\/sse.lodz.pl\/bip-kompetencje-zarzadu\/","og_locale":"en_US","og_type":"article","og_title":"BIP Kompetencje Zarz\u0105du - \u0141\u00f3dzka Specjalna Strefa Ekonomiczna","og_url":"https:\/\/sse.lodz.pl\/bip-kompetencje-zarzadu\/","og_site_name":"\u0141\u00f3dzka Specjalna Strefa Ekonomiczna","article_modified_time":"2025-10-21T07:44:19+00:00","twitter_card":"summary_large_image","twitter_misc":{"Est. reading time":"2 minutes"},"schema":{"@context":"https:\/\/schema.org","@graph":[{"@type":"WebPage","@id":"https:\/\/sse.lodz.pl\/bip-kompetencje-zarzadu\/","url":"https:\/\/sse.lodz.pl\/bip-kompetencje-zarzadu\/","name":"BIP Kompetencje Zarz\u0105du - \u0141\u00f3dzka Specjalna Strefa Ekonomiczna","isPartOf":{"@id":"https:\/\/sse.lodz.pl\/#website"},"datePublished":"2023-03-22T15:07:00+00:00","dateModified":"2025-10-21T07:44:19+00:00","breadcrumb":{"@id":"https:\/\/sse.lodz.pl\/bip-kompetencje-zarzadu\/#breadcrumb"},"inLanguage":"en-US","potentialAction":[{"@type":"ReadAction","target":["https:\/\/sse.lodz.pl\/bip-kompetencje-zarzadu\/"]}]},{"@type":"BreadcrumbList","@id":"https:\/\/sse.lodz.pl\/bip-kompetencje-zarzadu\/#breadcrumb","itemListElement":[{"@type":"ListItem","position":1,"name":"Strona g\u0142\u00f3wna","item":"https:\/\/sse.lodz.pl\/"},{"@type":"ListItem","position":2,"name":"BIP Kompetencje Zarz\u0105du"}]},{"@type":"WebSite","@id":"https:\/\/sse.lodz.pl\/#website","url":"https:\/\/sse.lodz.pl\/","name":"\u0141\u00f3dzka Specjalna Strefa Ekonomiczna","description":"","potentialAction":[{"@type":"SearchAction","target":{"@type":"EntryPoint","urlTemplate":"https:\/\/sse.lodz.pl\/?s={search_term_string}"},"query-input":{"@type":"PropertyValueSpecification","valueRequired":true,"valueName":"search_term_string"}}],"inLanguage":"en-US"}]}},"_links":{"self":[{"href":"https:\/\/sse.lodz.pl\/en\/wp-json\/wp\/v2\/pages\/2450","targetHints":{"allow":["GET"]}}],"collection":[{"href":"https:\/\/sse.lodz.pl\/en\/wp-json\/wp\/v2\/pages"}],"about":[{"href":"https:\/\/sse.lodz.pl\/en\/wp-json\/wp\/v2\/types\/page"}],"author":[{"embeddable":true,"href":"https:\/\/sse.lodz.pl\/en\/wp-json\/wp\/v2\/users\/18"}],"replies":[{"embeddable":true,"href":"https:\/\/sse.lodz.pl\/en\/wp-json\/wp\/v2\/comments?post=2450"}],"version-history":[{"count":5,"href":"https:\/\/sse.lodz.pl\/en\/wp-json\/wp\/v2\/pages\/2450\/revisions"}],"predecessor-version":[{"id":7076,"href":"https:\/\/sse.lodz.pl\/en\/wp-json\/wp\/v2\/pages\/2450\/revisions\/7076"}],"wp:attachment":[{"href":"https:\/\/sse.lodz.pl\/en\/wp-json\/wp\/v2\/media?parent=2450"}],"curies":[{"name":"wp","href":"https:\/\/api.w.org\/{rel}","templated":true}]}}