{"id":2453,"date":"2023-03-22T16:09:07","date_gmt":"2023-03-22T15:09:07","guid":{"rendered":"https:\/\/sse.lodz.pl\/?page_id=2453"},"modified":"2025-10-21T09:44:59","modified_gmt":"2025-10-21T07:44:59","slug":"bip-walne-zgromadzenie","status":"publish","type":"page","link":"https:\/\/sse.lodz.pl\/en\/bip-walne-zgromadzenie\/","title":{"rendered":"BIP Walne Zgromadzenie"},"content":{"rendered":"<p>[vc_row][vc_column][vc_column_text]Przedmiotem obrad Zwyczajnego Walnego Zgromadzenia jest:<\/p>\n<ol>\n<li>rozpatrzenie i zatwierdzenie sprawozdania finansowego za ubieg\u0142y rok obrotowy oraz sprawozdania Zarz\u0105du z dzia\u0142alno\u015bci Sp\u00f3\u0142ki,<\/li>\n<li>udzielenie absolutorium cz\u0142onkom organ\u00f3w Sp\u00f3\u0142ki z wykonania obowi\u0105zk\u00f3w,<\/li>\n<li>podzia\u0142 zysku lub pokrycie straty,<\/li>\n<li>przesuni\u0119cie dnia dywidendy lub roz\u0142o\u017cenie wyp\u0142aty dywidendy na raty.<\/li>\n<\/ol>\n<p>Uchwa\u0142y Walnego Zgromadzenia wymagaj\u0105:<\/p>\n<ol>\n<li>zawieszanie cz\u0142onk\u00f3w Zarz\u0105du w czynno\u015bciach,<\/li>\n<li>kszta\u0142towanie zasad wynagradzania cz\u0142onk\u00f3w Zarz\u0105du i cz\u0142onk\u00f3w Rady Nadzorczej oraz kszta\u0142towanie indywidualnych wynagrodze\u0144 cz\u0142onk\u00f3w Zarz\u0105du i cz\u0142onk\u00f3w Rady Nadzorczej.<\/li>\n<li>okre\u015blenie maksymalnego \u0142\u0105cznego kosztu wynagrodzenia wszystkich doradc\u00f3w Rady Nadzorczej, kt\u00f3ry Sp\u00f3\u0142ka mo\u017ce ponie\u015b\u0107 w trakcie roku obrotowego.<\/li>\n<\/ol>\n<p>Uchwa\u0142y Walnego Zgromadzenia wymagaj\u0105 nast\u0119puj\u0105ce sprawy dotycz\u0105ce maj\u0105tku Sp\u00f3\u0142ki:<\/p>\n<ol>\n<li>zbycie i wydzier\u017cawienie przedsi\u0119biorstwa Sp\u00f3\u0142ki lub jego zorganizowanej cz\u0119\u015bci oraz ustanowienie na nich ograniczonego prawa rzeczowego,<\/li>\n<li>wyra\u017cenie zgody na nabycie i zbycie nieruchomo\u015bci lub prawa u\u017cytkowania wieczystego albo udzia\u0142\u00f3w nieruchomo\u015bci lub w prawie u\u017cytkowania wieczystego,<\/li>\n<li>rozporz\u0105dzenie sk\u0142adnikami aktyw\u00f3w trwa\u0142ych w rozumieniu ustawy z dnia 29 wrze\u015bnia 1994 r. o rachunkowo\u015bci, zaliczonymi do warto\u015bci niematerialnych i prawnych, rzeczowych aktyw\u00f3w trwa\u0142ych lub inwestycji d\u0142ugoterminowych, w tym wniesienie jako wk\u0142adu do sp\u00f3\u0142ki lub sp\u00f3\u0142dzielni, je\u017celi warto\u015b\u0107 rynkowa tych sk\u0142adnik\u00f3w przekracza 2% sumy aktyw\u00f3w w rozumieniu ustawy z dnia 29 wrze\u015bnia 1994 r. o rachunkowo\u015bci, ustalonych na podstawie ostatniego zatwierdzonego sprawozdania finansowego, a tak\u017ce oddanie tych sk\u0142adnik\u00f3w do korzystania innemu podmiotowi, na okres d\u0142u\u017cszy ni\u017c 180 dni w roku kalendarzowym, na podstawie czynno\u015bci prawnej, je\u017celi warto\u015b\u0107 rynkowa przedmiotu czynno\u015bci prawnej przekracza 2% sumy aktyw\u00f3w, przy czym, oddanie do korzystania w przypadku:<br \/>\na) um\u00f3w najmu, dzier\u017cawy i innych um\u00f3w o oddanie sk\u0142adnika maj\u0105tkowego do odp\u0142atnego korzystania innym podmiotom &#8211; przez warto\u015b\u0107 rynkow\u0105 przedmiotu czynno\u015bci prawnej rozumie si\u0119 warto\u015b\u0107 \u015bwiadcze\u0144 za:<br \/>\n&#8211; rok \u2013 je\u017celi oddanie sk\u0142adnika maj\u0105tkowego nast\u0105pi\u0142o na podstawie um\u00f3w zawieranych na czas nieoznaczony,<br \/>\n&#8211; ca\u0142y czas obowi\u0105zywania umowy &#8211; w przypadku um\u00f3w zawieranych na czas oznaczony,<br \/>\nb) um\u00f3w u\u017cyczenia i innych nieodp\u0142atnych um\u00f3w o oddanie sk\u0142adnika maj\u0105tkowego do korzystania innym podmiotom &#8211; przez warto\u015b\u0107 rynkow\u0105 przedmiotu czynno\u015bci prawnej rozumie si\u0119 r\u00f3wnowarto\u015b\u0107 \u015bwiadcze\u0144, jakie przys\u0142ugiwa\u0142yby w razie zawarcia umowy najmu lub dzier\u017cawy, za:<br \/>\n&#8211; rok \u2013 je\u017celi oddanie sk\u0142adnika maj\u0105tkowego nast\u0105pi na podstawie umowy zawieranej na czas nieoznaczony,<br \/>\n&#8211; ca\u0142y czas obowi\u0105zywania umowy \u2013 w przypadku um\u00f3w zawartych na czas oznaczony, z zastrze\u017ceniem pkt 2),<\/li>\n<li>nabycie sk\u0142adnik\u00f3w aktyw\u00f3w trwa\u0142ych w rozumieniu ustawy z dnia 29 wrze\u015bnia 1994 r. o rachunkowo\u015bci, o warto\u015bci przekraczaj\u0105cej 200.000,00 z\u0142 lub 2% sumy aktyw\u00f3w w rozumieniu ustawy z dnia 29 wrze\u015bnia 1994 r. o rachunkowo\u015bci, ustalonych na podstawie ostatniego zatwierdzonego sprawozdania finansowego, z zastrze\u017ceniem pkt 2),<\/li>\n<li>obj\u0119cie albo nabycie akcji innej sp\u00f3\u0142ki o warto\u015bci przekraczaj\u0105cej 200.000,00 z\u0142 lub 2% sumy aktyw\u00f3w\u00a0 rozumieniu ustawy z dnia 29 wrze\u015bnia 1994 r. o rachunkowo\u015bci, ustalonych na podstawie ostatniego zatwierdzonego sprawozdania finansowego oraz zbycie akcji innej sp\u00f3\u0142ki o warto\u015bci rynkowej przekraczaj\u0105cej 200.000,00 z\u0142 lub 2% sumy aktyw\u00f3w w rozumieniu ustawy z dnia 29 wrze\u015bnia 1994 r. o rachunkowo\u015bci, ustalonych na podstawie ostatniego zatwierdzonego sprawozdania finansowego,<\/li>\n<li>okre\u015blenie wykonywania prawa g\u0142osu na Walnym Zgromadzeniu lub na Zgromadzeniu Wsp\u00f3lnik\u00f3w sp\u00f3\u0142ek, wobec kt\u00f3rych Sp\u00f3\u0142ka jest sp\u00f3\u0142k\u0105 dominuj\u0105c\u0105 w rozumieniu ustawy z dnia 15 wrze\u015bnia 2000 r. &#8211; Kodeks sp\u00f3\u0142ek handlowych, w sprawach:<br \/>\na) zawi\u0105zania przez sp\u00f3\u0142k\u0119 innej sp\u00f3\u0142ki,<br \/>\nb) zmiany statutu lub umowy oraz przedmiotu dzia\u0142alno\u015bci sp\u00f3\u0142ki,<br \/>\nc) po\u0142\u0105czenia, przekszta\u0142cenia, podzia\u0142u, rozwi\u0105zania i likwidacji sp\u00f3\u0142ki,<br \/>\nd) podwy\u017cszenia lub obni\u017cenia kapita\u0142u zak\u0142adowego sp\u00f3\u0142ki,<br \/>\ne) zbycia, wydzier\u017cawienia przedsi\u0119biorstwa sp\u00f3\u0142ki lub jego zorganizowanej cz\u0119\u015bci oraz ustanowienia na nich ograniczonego prawa rzeczowego,<\/li>\n<li>zawarcie przez Sp\u00f3\u0142k\u0119 umowy kredytu, po\u017cyczki, por\u0119czenia lub innej podobnej umowy z cz\u0142onkiem Zarz\u0105du, Rady Nadzorczej, prokurentem, likwidatorem albo na rzecz kt\u00f3rejkolwiek z tych os\u00f3b,<\/li>\n<li>podwy\u017cszanie i obni\u017cenie kapita\u0142u zak\u0142adowego Sp\u00f3\u0142ki,<\/li>\n<li>umorzenie akcji i okre\u015blenie warunk\u00f3w tego umorzenia,<\/li>\n<li>emisja obligacji ka\u017cdego rodzaju,<\/li>\n<li>nabycie akcji w\u0142asnych w sytuacji okre\u015blonej w art. 362 \u00a7 1 pkt 2 Kodeksu sp\u00f3\u0142ek handlowych,<\/li>\n<li>przymusowy wykup akcji stosownie do postanowie\u0144 art. 418 Kodeksu sp\u00f3\u0142ek handlowych,<\/li>\n<li>tworzenie, u\u017cycie i likwidacja kapita\u0142\u00f3w rezerwowych i funduszy celowych,<\/li>\n<li>u\u017cycie kapita\u0142u zapasowego,<\/li>\n<li>postanowienia dotycz\u0105ce roszcze\u0144 o naprawienie szkody wyrz\u0105dzonej przy zawi\u0105zaniu sp\u00f3\u0142ki lub sprawowaniu zarz\u0105du albo nadzoru.<\/li>\n<\/ol>\n<p>Ponadto Uchwa\u0142y Walnego Zgromadzenia wymagaj\u0105:<\/p>\n<ol>\n<li>po\u0142\u0105czenie, przekszta\u0142cenie oraz podzia\u0142 Sp\u00f3\u0142ki,<\/li>\n<li>zawi\u0105zanie przez Sp\u00f3\u0142k\u0119 innej sp\u00f3\u0142ki,<\/li>\n<li>zmiana Statutu i zmiana przedmiotu dzia\u0142alno\u015bci Sp\u00f3\u0142ki,<\/li>\n<li>rozwi\u0105zanie i likwidacja Sp\u00f3\u0142ki.<\/li>\n<\/ol>\n<p>[\/vc_column_text][vc_column_text css=&#8221;.vc_custom_1761032696633{padding-top: 40px !important;}&#8221;]<small>Redaktor strony: Natalia Pop\u0142onikowska<br \/>\nE-mail: natalia.poplonikowska@sse.lodz.pl<br \/>\n<\/small><small>Udost\u0119pniaj\u0105cy: Biuro Zarz\u0105du<br \/>\n<\/small><small>Wytwarzaj\u0105cy\/Odpowiadaj\u0105cy: Biuro Zarz\u0105du<br \/>\n<\/small><small>Czas udost\u0119pnienia: 21-10-2025<br \/>\n<\/small><small>Czas wytworzenia: 02-12-2011<\/small>[\/vc_column_text][\/vc_column][\/vc_row]<\/p>\n","protected":false},"excerpt":{"rendered":"<p>[vc_row][vc_column][vc_column_text]Przedmiotem obrad Zwyczajnego Walnego Zgromadzenia jest: rozpatrzenie i zatwierdzenie sprawozdania finansowego za ubieg\u0142y rok obrotowy oraz sprawozdania Zarz\u0105du z dzia\u0142alno\u015bci Sp\u00f3\u0142ki, udzielenie absolutorium cz\u0142onkom organ\u00f3w Sp\u00f3\u0142ki z wykonania obowi\u0105zk\u00f3w, podzia\u0142 zysku lub pokrycie straty, przesuni\u0119cie [&#8230;]<\/p>\n<p><a class=\"btn btn-secondary understrap-read-more-link\" href=\"https:\/\/sse.lodz.pl\/en\/bip-walne-zgromadzenie\/\">Read More&#8230;<span class=\"screen-reader-text\"> from BIP Walne Zgromadzenie<\/span><\/a><\/p>\n","protected":false},"author":18,"featured_media":0,"parent":0,"menu_order":0,"comment_status":"closed","ping_status":"closed","template":"podcategory-page.php","meta":{"_acf_changed":false,"inline_featured_image":false,"footnotes":""},"class_list":["post-2453","page","type-page","status-publish","hentry"],"translation":{"provider":"WPGlobus","version":"3.0.2","language":"en","enabled_languages":["pl","en"],"languages":{"pl":{"title":true,"content":true,"excerpt":false},"en":{"title":false,"content":false,"excerpt":false}}},"acf":[],"yoast_head":"<!-- This site is optimized with the Yoast SEO plugin v27.4 - https:\/\/yoast.com\/product\/yoast-seo-wordpress\/ -->\n<title>BIP Walne Zgromadzenie - \u0141\u00f3dzka Specjalna Strefa Ekonomiczna<\/title>\n<meta name=\"robots\" content=\"index, follow, max-snippet:-1, max-image-preview:large, max-video-preview:-1\" \/>\n<link rel=\"canonical\" href=\"https:\/\/sse.lodz.pl\/bip-walne-zgromadzenie\/\" \/>\n<meta property=\"og:locale\" content=\"en_US\" \/>\n<meta property=\"og:type\" content=\"article\" \/>\n<meta property=\"og:title\" content=\"BIP Walne Zgromadzenie - \u0141\u00f3dzka Specjalna Strefa Ekonomiczna\" \/>\n<meta property=\"og:url\" content=\"https:\/\/sse.lodz.pl\/bip-walne-zgromadzenie\/\" \/>\n<meta property=\"og:site_name\" content=\"\u0141\u00f3dzka Specjalna Strefa Ekonomiczna\" \/>\n<meta property=\"article:modified_time\" content=\"2025-10-21T07:44:59+00:00\" \/>\n<meta name=\"twitter:card\" content=\"summary_large_image\" \/>\n<meta name=\"twitter:label1\" content=\"Est. reading time\" \/>\n\t<meta name=\"twitter:data1\" content=\"4 minutes\" \/>\n<script type=\"application\/ld+json\" class=\"yoast-schema-graph\">{\"@context\":\"https:\\\/\\\/schema.org\",\"@graph\":[{\"@type\":\"WebPage\",\"@id\":\"https:\\\/\\\/sse.lodz.pl\\\/bip-walne-zgromadzenie\\\/\",\"url\":\"https:\\\/\\\/sse.lodz.pl\\\/bip-walne-zgromadzenie\\\/\",\"name\":\"BIP Walne Zgromadzenie - \u0141\u00f3dzka Specjalna Strefa Ekonomiczna\",\"isPartOf\":{\"@id\":\"https:\\\/\\\/sse.lodz.pl\\\/#website\"},\"datePublished\":\"2023-03-22T15:09:07+00:00\",\"dateModified\":\"2025-10-21T07:44:59+00:00\",\"breadcrumb\":{\"@id\":\"https:\\\/\\\/sse.lodz.pl\\\/bip-walne-zgromadzenie\\\/#breadcrumb\"},\"inLanguage\":\"en-US\",\"potentialAction\":[{\"@type\":\"ReadAction\",\"target\":[\"https:\\\/\\\/sse.lodz.pl\\\/bip-walne-zgromadzenie\\\/\"]}]},{\"@type\":\"BreadcrumbList\",\"@id\":\"https:\\\/\\\/sse.lodz.pl\\\/bip-walne-zgromadzenie\\\/#breadcrumb\",\"itemListElement\":[{\"@type\":\"ListItem\",\"position\":1,\"name\":\"Strona g\u0142\u00f3wna\",\"item\":\"https:\\\/\\\/sse.lodz.pl\\\/\"},{\"@type\":\"ListItem\",\"position\":2,\"name\":\"BIP Walne Zgromadzenie\"}]},{\"@type\":\"WebSite\",\"@id\":\"https:\\\/\\\/sse.lodz.pl\\\/#website\",\"url\":\"https:\\\/\\\/sse.lodz.pl\\\/\",\"name\":\"\u0141\u00f3dzka Specjalna Strefa Ekonomiczna\",\"description\":\"\",\"potentialAction\":[{\"@type\":\"SearchAction\",\"target\":{\"@type\":\"EntryPoint\",\"urlTemplate\":\"https:\\\/\\\/sse.lodz.pl\\\/?s={search_term_string}\"},\"query-input\":{\"@type\":\"PropertyValueSpecification\",\"valueRequired\":true,\"valueName\":\"search_term_string\"}}],\"inLanguage\":\"en-US\"}]}<\/script>\n<!-- \/ Yoast SEO plugin. -->","yoast_head_json":{"title":"BIP Walne Zgromadzenie - \u0141\u00f3dzka Specjalna Strefa Ekonomiczna","robots":{"index":"index","follow":"follow","max-snippet":"max-snippet:-1","max-image-preview":"max-image-preview:large","max-video-preview":"max-video-preview:-1"},"canonical":"https:\/\/sse.lodz.pl\/bip-walne-zgromadzenie\/","og_locale":"en_US","og_type":"article","og_title":"BIP Walne Zgromadzenie - \u0141\u00f3dzka Specjalna Strefa Ekonomiczna","og_url":"https:\/\/sse.lodz.pl\/bip-walne-zgromadzenie\/","og_site_name":"\u0141\u00f3dzka Specjalna Strefa Ekonomiczna","article_modified_time":"2025-10-21T07:44:59+00:00","twitter_card":"summary_large_image","twitter_misc":{"Est. reading time":"4 minutes"},"schema":{"@context":"https:\/\/schema.org","@graph":[{"@type":"WebPage","@id":"https:\/\/sse.lodz.pl\/bip-walne-zgromadzenie\/","url":"https:\/\/sse.lodz.pl\/bip-walne-zgromadzenie\/","name":"BIP Walne Zgromadzenie - \u0141\u00f3dzka Specjalna Strefa Ekonomiczna","isPartOf":{"@id":"https:\/\/sse.lodz.pl\/#website"},"datePublished":"2023-03-22T15:09:07+00:00","dateModified":"2025-10-21T07:44:59+00:00","breadcrumb":{"@id":"https:\/\/sse.lodz.pl\/bip-walne-zgromadzenie\/#breadcrumb"},"inLanguage":"en-US","potentialAction":[{"@type":"ReadAction","target":["https:\/\/sse.lodz.pl\/bip-walne-zgromadzenie\/"]}]},{"@type":"BreadcrumbList","@id":"https:\/\/sse.lodz.pl\/bip-walne-zgromadzenie\/#breadcrumb","itemListElement":[{"@type":"ListItem","position":1,"name":"Strona g\u0142\u00f3wna","item":"https:\/\/sse.lodz.pl\/"},{"@type":"ListItem","position":2,"name":"BIP Walne Zgromadzenie"}]},{"@type":"WebSite","@id":"https:\/\/sse.lodz.pl\/#website","url":"https:\/\/sse.lodz.pl\/","name":"\u0141\u00f3dzka Specjalna Strefa Ekonomiczna","description":"","potentialAction":[{"@type":"SearchAction","target":{"@type":"EntryPoint","urlTemplate":"https:\/\/sse.lodz.pl\/?s={search_term_string}"},"query-input":{"@type":"PropertyValueSpecification","valueRequired":true,"valueName":"search_term_string"}}],"inLanguage":"en-US"}]}},"_links":{"self":[{"href":"https:\/\/sse.lodz.pl\/en\/wp-json\/wp\/v2\/pages\/2453","targetHints":{"allow":["GET"]}}],"collection":[{"href":"https:\/\/sse.lodz.pl\/en\/wp-json\/wp\/v2\/pages"}],"about":[{"href":"https:\/\/sse.lodz.pl\/en\/wp-json\/wp\/v2\/types\/page"}],"author":[{"embeddable":true,"href":"https:\/\/sse.lodz.pl\/en\/wp-json\/wp\/v2\/users\/18"}],"replies":[{"embeddable":true,"href":"https:\/\/sse.lodz.pl\/en\/wp-json\/wp\/v2\/comments?post=2453"}],"version-history":[{"count":4,"href":"https:\/\/sse.lodz.pl\/en\/wp-json\/wp\/v2\/pages\/2453\/revisions"}],"predecessor-version":[{"id":7077,"href":"https:\/\/sse.lodz.pl\/en\/wp-json\/wp\/v2\/pages\/2453\/revisions\/7077"}],"wp:attachment":[{"href":"https:\/\/sse.lodz.pl\/en\/wp-json\/wp\/v2\/media?parent=2453"}],"curies":[{"name":"wp","href":"https:\/\/api.w.org\/{rel}","templated":true}]}}