{"id":2488,"date":"2023-03-22T16:37:58","date_gmt":"2023-03-22T15:37:58","guid":{"rendered":"https:\/\/sse.lodz.pl\/?page_id=2488"},"modified":"2025-10-21T09:43:07","modified_gmt":"2025-10-21T07:43:07","slug":"bip-organy-spolki","status":"publish","type":"page","link":"https:\/\/sse.lodz.pl\/en\/bip-organy-spolki\/","title":{"rendered":"BIP Organy Sp\u00f3\u0142ki"},"content":{"rendered":"<p>[vc_row][vc_column][vc_column_text]Organami Sp\u00f3\u0142ki s\u0105:<\/p>\n<p>\u2013 Zarz\u0105d<\/p>\n<p>\u2013 Rada Nadzorcza<\/p>\n<p>\u2013 Walne Zgromadzenie[\/vc_column_text][vc_column_text css=&#8221;.vc_custom_1761032582327{padding-top: 40px !important;}&#8221;]<small>Redaktor strony: Natalia Pop\u0142onikowska<br \/>\nE-mail: natalia.poplonikowska@sse.lodz.pl<br \/>\n<\/small><small>Udost\u0119pniaj\u0105cy: Biuro Zarz\u0105du<br \/>\n<\/small><small>Wytwarzaj\u0105cy\/Odpowiadaj\u0105cy: Biuro Zarz\u0105du<br \/>\n<\/small><small>Czas udost\u0119pnienia: 21-10-2025<br \/>\n<\/small><small>Czas wytworzenia: 02-12-2011<\/small>[\/vc_column_text][\/vc_column][\/vc_row]<\/p>\n","protected":false},"excerpt":{"rendered":"<p>[vc_row][vc_column][vc_column_text]Organami Sp\u00f3\u0142ki s\u0105: \u2013 Zarz\u0105d \u2013 Rada Nadzorcza \u2013 Walne Zgromadzenie[\/vc_column_text][vc_column_text css=&#8221;.vc_custom_1761032582327{padding-top: 40px !important;}&#8221;]Redaktor strony: Natalia Pop\u0142onikowska E-mail: natalia.poplonikowska@sse.lodz.pl Udost\u0119pniaj\u0105cy: Biuro Zarz\u0105du Wytwarzaj\u0105cy\/Odpowiadaj\u0105cy: Biuro Zarz\u0105du Czas udost\u0119pnienia: 21-10-2025 Czas wytworzenia: 02-12-2011[\/vc_column_text][\/vc_column][\/vc_row] [&#8230;]<\/p>\n<p><a class=\"btn btn-secondary understrap-read-more-link\" href=\"https:\/\/sse.lodz.pl\/en\/bip-organy-spolki\/\">Read More&#8230;<span class=\"screen-reader-text\"> from BIP Organy Sp\u00f3\u0142ki<\/span><\/a><\/p>\n","protected":false},"author":18,"featured_media":0,"parent":0,"menu_order":0,"comment_status":"closed","ping_status":"closed","template":"podcategory-page.php","meta":{"_acf_changed":false,"inline_featured_image":false,"footnotes":""},"class_list":["post-2488","page","type-page","status-publish","hentry"],"translation":{"provider":"WPGlobus","version":"3.0.2","language":"en","enabled_languages":["pl","en"],"languages":{"pl":{"title":true,"content":true,"excerpt":false},"en":{"title":false,"content":false,"excerpt":false}}},"acf":[],"yoast_head":"<!-- This site is optimized with the Yoast SEO plugin v27.4 - https:\/\/yoast.com\/product\/yoast-seo-wordpress\/ -->\n<title>BIP Organy Sp\u00f3\u0142ki - \u0141\u00f3dzka Specjalna Strefa Ekonomiczna<\/title>\n<meta name=\"robots\" content=\"index, follow, max-snippet:-1, max-image-preview:large, max-video-preview:-1\" \/>\n<link rel=\"canonical\" href=\"https:\/\/sse.lodz.pl\/bip-organy-spolki\/\" \/>\n<meta property=\"og:locale\" content=\"en_US\" \/>\n<meta property=\"og:type\" content=\"article\" \/>\n<meta property=\"og:title\" content=\"BIP Organy Sp\u00f3\u0142ki - \u0141\u00f3dzka Specjalna Strefa Ekonomiczna\" \/>\n<meta property=\"og:url\" content=\"https:\/\/sse.lodz.pl\/bip-organy-spolki\/\" \/>\n<meta property=\"og:site_name\" content=\"\u0141\u00f3dzka Specjalna Strefa Ekonomiczna\" \/>\n<meta property=\"article:modified_time\" content=\"2025-10-21T07:43:07+00:00\" \/>\n<meta name=\"twitter:card\" content=\"summary_large_image\" \/>\n<meta name=\"twitter:label1\" content=\"Est. reading time\" \/>\n\t<meta name=\"twitter:data1\" content=\"1 minute\" \/>\n<script type=\"application\/ld+json\" class=\"yoast-schema-graph\">{\"@context\":\"https:\\\/\\\/schema.org\",\"@graph\":[{\"@type\":\"WebPage\",\"@id\":\"https:\\\/\\\/sse.lodz.pl\\\/bip-organy-spolki\\\/\",\"url\":\"https:\\\/\\\/sse.lodz.pl\\\/bip-organy-spolki\\\/\",\"name\":\"BIP Organy Sp\u00f3\u0142ki - \u0141\u00f3dzka Specjalna Strefa Ekonomiczna\",\"isPartOf\":{\"@id\":\"https:\\\/\\\/sse.lodz.pl\\\/#website\"},\"datePublished\":\"2023-03-22T15:37:58+00:00\",\"dateModified\":\"2025-10-21T07:43:07+00:00\",\"breadcrumb\":{\"@id\":\"https:\\\/\\\/sse.lodz.pl\\\/bip-organy-spolki\\\/#breadcrumb\"},\"inLanguage\":\"en-US\",\"potentialAction\":[{\"@type\":\"ReadAction\",\"target\":[\"https:\\\/\\\/sse.lodz.pl\\\/bip-organy-spolki\\\/\"]}]},{\"@type\":\"BreadcrumbList\",\"@id\":\"https:\\\/\\\/sse.lodz.pl\\\/bip-organy-spolki\\\/#breadcrumb\",\"itemListElement\":[{\"@type\":\"ListItem\",\"position\":1,\"name\":\"Strona g\u0142\u00f3wna\",\"item\":\"https:\\\/\\\/sse.lodz.pl\\\/\"},{\"@type\":\"ListItem\",\"position\":2,\"name\":\"BIP Organy Sp\u00f3\u0142ki\"}]},{\"@type\":\"WebSite\",\"@id\":\"https:\\\/\\\/sse.lodz.pl\\\/#website\",\"url\":\"https:\\\/\\\/sse.lodz.pl\\\/\",\"name\":\"\u0141\u00f3dzka Specjalna Strefa Ekonomiczna\",\"description\":\"\",\"potentialAction\":[{\"@type\":\"SearchAction\",\"target\":{\"@type\":\"EntryPoint\",\"urlTemplate\":\"https:\\\/\\\/sse.lodz.pl\\\/?s={search_term_string}\"},\"query-input\":{\"@type\":\"PropertyValueSpecification\",\"valueRequired\":true,\"valueName\":\"search_term_string\"}}],\"inLanguage\":\"en-US\"}]}<\/script>\n<!-- \/ Yoast SEO plugin. -->","yoast_head_json":{"title":"BIP Organy Sp\u00f3\u0142ki - \u0141\u00f3dzka Specjalna Strefa Ekonomiczna","robots":{"index":"index","follow":"follow","max-snippet":"max-snippet:-1","max-image-preview":"max-image-preview:large","max-video-preview":"max-video-preview:-1"},"canonical":"https:\/\/sse.lodz.pl\/bip-organy-spolki\/","og_locale":"en_US","og_type":"article","og_title":"BIP Organy Sp\u00f3\u0142ki - \u0141\u00f3dzka Specjalna Strefa Ekonomiczna","og_url":"https:\/\/sse.lodz.pl\/bip-organy-spolki\/","og_site_name":"\u0141\u00f3dzka Specjalna Strefa Ekonomiczna","article_modified_time":"2025-10-21T07:43:07+00:00","twitter_card":"summary_large_image","twitter_misc":{"Est. reading time":"1 minute"},"schema":{"@context":"https:\/\/schema.org","@graph":[{"@type":"WebPage","@id":"https:\/\/sse.lodz.pl\/bip-organy-spolki\/","url":"https:\/\/sse.lodz.pl\/bip-organy-spolki\/","name":"BIP Organy Sp\u00f3\u0142ki - \u0141\u00f3dzka Specjalna Strefa Ekonomiczna","isPartOf":{"@id":"https:\/\/sse.lodz.pl\/#website"},"datePublished":"2023-03-22T15:37:58+00:00","dateModified":"2025-10-21T07:43:07+00:00","breadcrumb":{"@id":"https:\/\/sse.lodz.pl\/bip-organy-spolki\/#breadcrumb"},"inLanguage":"en-US","potentialAction":[{"@type":"ReadAction","target":["https:\/\/sse.lodz.pl\/bip-organy-spolki\/"]}]},{"@type":"BreadcrumbList","@id":"https:\/\/sse.lodz.pl\/bip-organy-spolki\/#breadcrumb","itemListElement":[{"@type":"ListItem","position":1,"name":"Strona g\u0142\u00f3wna","item":"https:\/\/sse.lodz.pl\/"},{"@type":"ListItem","position":2,"name":"BIP Organy Sp\u00f3\u0142ki"}]},{"@type":"WebSite","@id":"https:\/\/sse.lodz.pl\/#website","url":"https:\/\/sse.lodz.pl\/","name":"\u0141\u00f3dzka Specjalna Strefa Ekonomiczna","description":"","potentialAction":[{"@type":"SearchAction","target":{"@type":"EntryPoint","urlTemplate":"https:\/\/sse.lodz.pl\/?s={search_term_string}"},"query-input":{"@type":"PropertyValueSpecification","valueRequired":true,"valueName":"search_term_string"}}],"inLanguage":"en-US"}]}},"_links":{"self":[{"href":"https:\/\/sse.lodz.pl\/en\/wp-json\/wp\/v2\/pages\/2488","targetHints":{"allow":["GET"]}}],"collection":[{"href":"https:\/\/sse.lodz.pl\/en\/wp-json\/wp\/v2\/pages"}],"about":[{"href":"https:\/\/sse.lodz.pl\/en\/wp-json\/wp\/v2\/types\/page"}],"author":[{"embeddable":true,"href":"https:\/\/sse.lodz.pl\/en\/wp-json\/wp\/v2\/users\/18"}],"replies":[{"embeddable":true,"href":"https:\/\/sse.lodz.pl\/en\/wp-json\/wp\/v2\/comments?post=2488"}],"version-history":[{"count":5,"href":"https:\/\/sse.lodz.pl\/en\/wp-json\/wp\/v2\/pages\/2488\/revisions"}],"predecessor-version":[{"id":7074,"href":"https:\/\/sse.lodz.pl\/en\/wp-json\/wp\/v2\/pages\/2488\/revisions\/7074"}],"wp:attachment":[{"href":"https:\/\/sse.lodz.pl\/en\/wp-json\/wp\/v2\/media?parent=2488"}],"curies":[{"name":"wp","href":"https:\/\/api.w.org\/{rel}","templated":true}]}}