{"id":4527,"date":"2024-06-06T00:28:02","date_gmt":"2024-06-05T22:28:02","guid":{"rendered":"https:\/\/sse.lodz.pl\/?page_id=4527"},"modified":"2025-05-12T14:41:58","modified_gmt":"2025-05-12T12:41:58","slug":"projekty","status":"publish","type":"page","link":"https:\/\/sse.lodz.pl\/en\/projekty\/","title":{"rendered":"Projekty"},"content":{"rendered":"<p>[vc_row][vc_column][vc_empty_space height=&#8221;50px&#8221;][vc_column_text]<\/p>\n<blockquote class=\"blockquote\">\n<h3 style=\"text-align: center;\"><strong>Projekt: Startup Spark 3.0<\/strong><\/h3>\n<\/blockquote>\n<p>[\/vc_column_text][vc_column_text]<\/p>\n<p style=\"text-align: justify;\">\u0141\u00f3dzka Specjalna Strefa Ekonomiczna S.A. realizuje projekt <strong>Startup Spark 3.0<\/strong>, kt\u00f3ry jest wsp\u00f3\u0142finansowany ze \u015brodk\u00f3w Unii Europejskiej w ramach programu Fundusze Europejskie dla Nowoczesnej Gospodarki, Priorytet II: \u015arodowisko sprzyjaj\u0105ce innowacjom, Dzia\u0142anie: Startup Booster Poland \u2013 Smart Up.<\/p>\n<p><strong>Cel programu:<\/strong><\/p>\n<p style=\"text-align: justify;\">Celem programu jest wsparcie innowacyjnych przedsi\u0119biorstw na wczesnym etapie rozwoju (startup\u00f3w) poprzez programy rozwojowe o charakterze akceleracyjnym i post-akceleracyjnym oferowane przez akceleratory wybrane w trybie konkursowym.<\/p>\n<p><strong>Grupa docelowa:<\/strong><\/p>\n<p style=\"text-align: justify;\">Program akceleracyjny Startup Spark 3.0 to kompleksowy program akceleracyjny i post-akceleracyjny dla startup\u00f3w tworz\u0105cych rozwi\u0105zania z obszar\u00f3w automatyki i robotyki, web3, blockchain, zr\u00f3wnowa\u017conego rozwoju, ESG.<\/p>\n<p><strong>Opis programu:<\/strong><\/p>\n<p>Program zak\u0142ada wsparcie innowacyjnych projekt\u00f3w w ramach jednej z trzech \u015bcie\u017cek wsp\u00f3\u0142pracy:<\/p>\n<ol>\n<li><strong>\u015acie\u017cka bran\u017cowa z Partnerem Biznesowym<\/strong>: \u0142\u0105czenie potencja\u0142u startup\u00f3w z do\u015bwiadczeniem, zasobami, infrastruktur\u0105 i potrzebami dojrza\u0142ego biznesu;<\/li>\n<li><strong>\u015acie\u017cka sector-agnostic:<\/strong> wsparcie startup\u00f3w w skalowaniu produktu, networkingu biznesowym i product developmencie;<\/li>\n<li><strong>\u015acie\u017cka Go Global<\/strong>: wsparcie startup\u00f3w w ekspansji zagranicznej.<\/li>\n<\/ol>\n<p style=\"text-align: justify;\">Uczestnicz\u0105ce w programie startupy otrzymaj\u0105 granty, kt\u00f3re: w przypadku akceleracji w ramach \u015bcie\u017cki Sector-Agnostic wynosz\u0105 maksymalnie 200.000,00 z\u0142 na startup, a w przypadku \u015bcie\u017cki bran\u017cowej z Partnerem Biznesowym oraz \u015bcie\u017cki Go Global maksymalnie 400.000,00 z\u0142\u00a0 na startup.<\/p>\n<p><strong>Zak\u0142adane rezultaty projektu:<\/strong><\/p>\n<p style=\"text-align: justify;\">Zak\u0142ada si\u0119, \u017ce w ramach zamierzonych rezultat\u00f3w program Startup Spark 3.0 obejmie wsparciem o charakterze akceleracyjnym i post-akceleracyjnym co najmniej 44 startupy. W okresie realizacji projektu (II kwarta\u0142 2024 \u2013 I kwarta\u0142 2026) zak\u0142ada si\u0119 przeprowadzenie pi\u0119ciu rund akceleracyjnych z czego co najmniej dwie obejmowa\u0107 b\u0119d\u0105 \u015bcie\u017ck\u0119 Go Global.<\/p>\n<p>[\/vc_column_text][vc_column_text]<\/p>\n<h5 style=\"font-weight: 400; text-align: center;\"><strong>Ca\u0142kowity koszt realizacji projektu: 18 923 283,25 z\u0142<\/strong><\/h5>\n<h5 style=\"font-weight: 400; text-align: center;\"><strong>Kwota dofinansowania: 17 927 620,00 z\u0142<\/strong><\/h5>\n<h5 style=\"text-align: center;\"><a href=\"https:\/\/startupspark.sse.lodz.pl\/\" target=\"_blank\" rel=\"noopener\">www.startupspark.sse.lodz.pl<\/a><\/h5>\n<p>[\/vc_column_text][vc_empty_space height=&#8221;50px&#8221;][vc_single_image image=&#8221;4537&#8243; img_size=&#8221;full&#8221; alignment=&#8221;center&#8221;][vc_empty_space height=&#8221;50px&#8221;][vc_column_text]<\/p>\n<blockquote class=\"blockquote\">\n<h3 style=\"text-align: center;\"><strong>Projekt re_d: rethink digital &#8211; Central Poland Digitalisation Hub<\/strong><\/h3>\n<\/blockquote>\n<p>[\/vc_column_text][vc_column_text]<\/p>\n<p style=\"font-weight: 400; text-align: justify;\">\u0141\u00f3dzka Specjalna Strefa Ekonomiczna S.A. realizuje\u00a0<strong>projekt re_d: rethink digital &#8211; Central Poland Digitalisation Hub<\/strong>, kt\u00f3ry jest jest wsp\u00f3\u0142finansowany przez Komisj\u0119 Europejsk\u0105 w ramach Programu \u201eCyfrowa Europa\u201d na lata 2021-2027 oraz wsp\u00f3\u0142finansowany ze \u015brodk\u00f3w Unii Europejskiej w ramach Programu Fundusze Europejskie dla Nowoczesnej Gospodarki 2021-2027, Priorytet II, \u015arodowisko sprzyjaj\u0105ce innowacjom, dzia\u0142anie 2.22 \u201eWsp\u00f3\u0142finansowanie dzia\u0142a\u0144 EDIH\u201d.<\/p>\n<p style=\"font-weight: 400; text-align: justify;\">Projekt Hubu Transformacji Cyfrowej realizujemy wsp\u00f3lnie z Partnerami w postaci przedstawicieli: o\u015brodk\u00f3w badawczo-rozwojowych, dojrza\u0142ego biznesu oraz m\u0142odych firm technologicznych: Ericsson, ICsec, Leads, Politechnika \u0141\u00f3dzka, Red Ivy, Sie\u0107 Badawcza \u0141ukasiewicz \u2013 \u0141\u00f3dzki Instytut Technologiczny, Zwi\u0105zek Cyfrowa Polska.<\/p>\n<p style=\"font-weight: 400; text-align: justify;\">Hub stanowi\u0107 b\u0119dzie centrum edukacji, doradztwa i implementacji us\u0142ug do M\u015aP z obszar\u00f3w nowoczesnych technologii, takich jak: metaverse, VR\/AR, cyberbezpiecze\u0144stwo, blockchain, sztuczna inteligencja, robotyka i automatyka.<\/p>\n<p style=\"font-weight: 400; text-align: justify;\">W ramach projektu \u0141SSE wraz z Partnerami b\u0119dzie wspiera\u0107 ma\u0142e i \u015brednie firmy w transformacji cyfrowej, proponuj\u0105c 50 rodzaj\u00f3w us\u0142ug takich jak:<\/p>\n<ul style=\"font-weight: 400;\">\n<li>szkolenia, demonstracje, wdro\u017cenia,<\/li>\n<li>rozw\u00f3j kompetencji,<\/li>\n<li>us\u0142ugi Test Before Invest,<\/li>\n<li>wsparcie w szukaniu \u017ar\u00f3de\u0142 finansowania projekt\u00f3w cyfryzacyjnych,<\/li>\n<li>dzia\u0142ania zwi\u0105zane z budowaniem lokalnych ekosystem\u00f3w innowacji.<\/li>\n<\/ul>\n<p style=\"font-weight: 400; text-align: justify;\">Grupa docelowa dla Rethink Digital Hub to 80 M\u015aP z regionu Centralnej Polski (wojew\u00f3dztwo \u0142\u00f3dzkie, cz\u0119\u015b\u0107 wojew\u00f3dztwa mazowieckiego i cz\u0119\u015b\u0107 wojew\u00f3dztwa wielkopolskiego), w tym inwestorzy \u0141SSE oraz startupy, kt\u00f3re ju\u017c dzi\u015b stanowi\u0105 g\u0142\u00f3wny segment klient\u00f3w \u0141\u00f3dzkiej Specjalnej Strefy Ekonomicznej.<\/p>\n<p style=\"font-weight: 400; text-align: justify;\">Efektem Projektu b\u0119dzie podniesienie kompetencji cyfrowych i wdro\u017cenie rozwi\u0105za\u0144 cyfryzacyjnych w 80 M\u015aP, kt\u00f3re skorzystaj\u0105 z us\u0142ug w zakresie nowoczesnych technologii, oferowanych w ramach projektu.<\/p>\n<p>#FunduszeUE #FunduszeEuropejskie[\/vc_column_text][vc_column_text]<\/p>\n<h5 style=\"font-weight: 400; text-align: center;\"><strong>Warto\u015b\u0107 projektu: 22 040 012,08 z\u0142<\/strong><\/h5>\n<h5 style=\"font-weight: 400; text-align: center;\"><strong>Wysoko\u015b\u0107 wk\u0142adu funduszy europejskich: 20 164 646,27 z\u0142<\/strong><\/h5>\n<h5 style=\"text-align: center;\"><a href=\"https:\/\/re-d.pl\/\" target=\"_blank\" rel=\"noopener\">www.re-d.pl<\/a><\/h5>\n<p>[\/vc_column_text][vc_empty_space height=&#8221;50px&#8221;][vc_single_image image=&#8221;4537&#8243; img_size=&#8221;full&#8221; alignment=&#8221;center&#8221;][vc_empty_space height=&#8221;50px&#8221;][vc_column_text]<\/p>\n<blockquote class=\"blockquote\">\n<h3 style=\"text-align: center;\"><strong>Projekt: S5-Akcelerator Technologii 5G<\/strong><\/h3>\n<\/blockquote>\n<p>[\/vc_column_text][vc_column_text]<\/p>\n<p style=\"text-align: justify;\">&#8220;Modele Akceleracyjne w Innowacjach Technologicznych\u201d to projekt polegaj\u0105cy na profesjonalizacji kadry \u0141SSE w obszarze tworzenia i wdro\u017cenia modeli akceleracyjnych opartych na trzech wyr\u00f3\u017cnikach: regionalizacja, subsydiaryzacja, personalizacja.<\/p>\n<p><strong>Cel g\u0142\u00f3wny:<\/strong><\/p>\n<p style=\"text-align: justify;\">Wykszta\u0142cenie umiej\u0119tno\u015bci tworzenia program\u00f3w akceleracji z wypracowanych modeli, zale\u017cnie od wertyka\u0142\u00f3w technologicznych.<\/p>\n<p><strong>Grupa docelowa:<\/strong><\/p>\n<p style=\"text-align: justify;\">Projekty dedykowany jest sektorowi M\u015aP i realizowany jest poprzez pilota\u017cowy program akceleracyjny \u201eS5-Akcelerator Technologii 5G\u201d, kt\u00f3ry obejmuje inkubacj\u0119 oraz akceleracj\u0119 wy\u0142onionych w procesie rekrutacji Uczestnik\u00f3w Pilota\u017cu (M\u015aP), kt\u00f3rym Wnioskodawca przyzna pomoc finansowan\u0105 w wysoko\u015bci: I etap: inkubacja do 50 000 PLN, II etap: akceleracja do 550 000 PLN. Poszukiwane b\u0119d\u0105 rozwi\u0105zania skupiaj\u0105ce si\u0119 wok\u00f3\u0142 technologii 5G i mo\u017cliwo\u015bci jakie daje ona w szeroko rozumianym Przemy\u015ble 4.0.<\/p>\n<p><strong><b>Termin realizacji projektu:<\/b><\/strong><\/p>\n<p>09.2019-02.2022 r.<\/p>\n<p style=\"text-align: justify;\"><strong>Projekt wsp\u00f3\u0142finansowany jest ze \u015brodk\u00f3w Osi priorytetowej II: Innowacyjna i konkurencyjna gospodarka Regionalnego Programu Operacyjnego Wojew\u00f3dztwa \u0141\u00f3dzkiego na lata 2014-2020, dzia\u0142anie II.1. Otoczenie biznesu, Poddzia\u0142anie II.1.2: Profesjonalizacja us\u0142ug biznesowych.<\/strong><\/p>\n<p>[\/vc_column_text][vc_column_text]<\/p>\n<h5 style=\"font-weight: 400; text-align: center;\"><strong>Warto\u015b\u0107 projektu og\u00f3\u0142em: 13\u00a0983\u00a0831,00 z\u0142<\/strong><\/h5>\n<h5 style=\"font-weight: 400; text-align: center;\"><strong>Dofinansowanie: 13\u00a0142\u00a0116,60 z\u0142<\/strong><\/h5>\n<p>[\/vc_column_text][vc_empty_space height=&#8221;50px&#8221;][vc_single_image image=&#8221;5422&#8243; img_size=&#8221;full&#8221; alignment=&#8221;center&#8221;][\/vc_column][\/vc_row]<\/p>\n","protected":false},"excerpt":{"rendered":"<p>[vc_row][vc_column][vc_empty_space height=&#8221;50px&#8221;][vc_column_text] Projekt: Startup Spark 3.0 [\/vc_column_text][vc_column_text] \u0141\u00f3dzka Specjalna Strefa Ekonomiczna S.A. realizuje projekt Startup Spark 3.0, kt\u00f3ry jest wsp\u00f3\u0142finansowany ze \u015brodk\u00f3w Unii Europejskiej w ramach programu Fundusze Europejskie dla Nowoczesnej Gospodarki, Priorytet II: \u015arodowisko [&#8230;]<\/p>\n<p><a class=\"btn btn-secondary understrap-read-more-link\" href=\"https:\/\/sse.lodz.pl\/en\/projekty\/\">Read More&#8230;<span class=\"screen-reader-text\"> from Projekty<\/span><\/a><\/p>\n","protected":false},"author":18,"featured_media":0,"parent":0,"menu_order":0,"comment_status":"closed","ping_status":"closed","template":"podcategory-page.php","meta":{"_acf_changed":false,"inline_featured_image":false,"footnotes":""},"class_list":["post-4527","page","type-page","status-publish","hentry"],"translation":{"provider":"WPGlobus","version":"3.0.2","language":"en","enabled_languages":["pl","en"],"languages":{"pl":{"title":true,"content":true,"excerpt":false},"en":{"title":false,"content":false,"excerpt":false}}},"acf":[],"yoast_head":"<!-- This site is optimized with the Yoast SEO plugin v27.4 - https:\/\/yoast.com\/product\/yoast-seo-wordpress\/ -->\n<title>Projekty - \u0141\u00f3dzka Specjalna Strefa Ekonomiczna<\/title>\n<meta name=\"robots\" content=\"index, follow, max-snippet:-1, max-image-preview:large, max-video-preview:-1\" \/>\n<link rel=\"canonical\" href=\"https:\/\/sse.lodz.pl\/projekty\/\" \/>\n<meta property=\"og:locale\" content=\"en_US\" \/>\n<meta property=\"og:type\" content=\"article\" \/>\n<meta property=\"og:title\" content=\"Projekty - \u0141\u00f3dzka Specjalna Strefa Ekonomiczna\" \/>\n<meta property=\"og:url\" content=\"https:\/\/sse.lodz.pl\/projekty\/\" \/>\n<meta property=\"og:site_name\" content=\"\u0141\u00f3dzka Specjalna Strefa Ekonomiczna\" \/>\n<meta property=\"article:modified_time\" content=\"2025-05-12T12:41:58+00:00\" \/>\n<meta name=\"twitter:card\" content=\"summary_large_image\" \/>\n<meta name=\"twitter:label1\" content=\"Est. reading time\" \/>\n\t<meta name=\"twitter:data1\" content=\"5 minutes\" \/>\n<script type=\"application\/ld+json\" class=\"yoast-schema-graph\">{\"@context\":\"https:\\\/\\\/schema.org\",\"@graph\":[{\"@type\":\"WebPage\",\"@id\":\"https:\\\/\\\/sse.lodz.pl\\\/projekty\\\/\",\"url\":\"https:\\\/\\\/sse.lodz.pl\\\/projekty\\\/\",\"name\":\"Projekty - \u0141\u00f3dzka Specjalna Strefa Ekonomiczna\",\"isPartOf\":{\"@id\":\"https:\\\/\\\/sse.lodz.pl\\\/#website\"},\"datePublished\":\"2024-06-05T22:28:02+00:00\",\"dateModified\":\"2025-05-12T12:41:58+00:00\",\"breadcrumb\":{\"@id\":\"https:\\\/\\\/sse.lodz.pl\\\/projekty\\\/#breadcrumb\"},\"inLanguage\":\"en-US\",\"potentialAction\":[{\"@type\":\"ReadAction\",\"target\":[\"https:\\\/\\\/sse.lodz.pl\\\/projekty\\\/\"]}]},{\"@type\":\"BreadcrumbList\",\"@id\":\"https:\\\/\\\/sse.lodz.pl\\\/projekty\\\/#breadcrumb\",\"itemListElement\":[{\"@type\":\"ListItem\",\"position\":1,\"name\":\"Strona g\u0142\u00f3wna\",\"item\":\"https:\\\/\\\/sse.lodz.pl\\\/\"},{\"@type\":\"ListItem\",\"position\":2,\"name\":\"Projekty\"}]},{\"@type\":\"WebSite\",\"@id\":\"https:\\\/\\\/sse.lodz.pl\\\/#website\",\"url\":\"https:\\\/\\\/sse.lodz.pl\\\/\",\"name\":\"\u0141\u00f3dzka Specjalna Strefa Ekonomiczna\",\"description\":\"\",\"potentialAction\":[{\"@type\":\"SearchAction\",\"target\":{\"@type\":\"EntryPoint\",\"urlTemplate\":\"https:\\\/\\\/sse.lodz.pl\\\/?s={search_term_string}\"},\"query-input\":{\"@type\":\"PropertyValueSpecification\",\"valueRequired\":true,\"valueName\":\"search_term_string\"}}],\"inLanguage\":\"en-US\"}]}<\/script>\n<!-- \/ Yoast SEO plugin. -->","yoast_head_json":{"title":"Projekty - \u0141\u00f3dzka Specjalna Strefa Ekonomiczna","robots":{"index":"index","follow":"follow","max-snippet":"max-snippet:-1","max-image-preview":"max-image-preview:large","max-video-preview":"max-video-preview:-1"},"canonical":"https:\/\/sse.lodz.pl\/projekty\/","og_locale":"en_US","og_type":"article","og_title":"Projekty - \u0141\u00f3dzka Specjalna Strefa Ekonomiczna","og_url":"https:\/\/sse.lodz.pl\/projekty\/","og_site_name":"\u0141\u00f3dzka Specjalna Strefa Ekonomiczna","article_modified_time":"2025-05-12T12:41:58+00:00","twitter_card":"summary_large_image","twitter_misc":{"Est. reading time":"5 minutes"},"schema":{"@context":"https:\/\/schema.org","@graph":[{"@type":"WebPage","@id":"https:\/\/sse.lodz.pl\/projekty\/","url":"https:\/\/sse.lodz.pl\/projekty\/","name":"Projekty - \u0141\u00f3dzka Specjalna Strefa Ekonomiczna","isPartOf":{"@id":"https:\/\/sse.lodz.pl\/#website"},"datePublished":"2024-06-05T22:28:02+00:00","dateModified":"2025-05-12T12:41:58+00:00","breadcrumb":{"@id":"https:\/\/sse.lodz.pl\/projekty\/#breadcrumb"},"inLanguage":"en-US","potentialAction":[{"@type":"ReadAction","target":["https:\/\/sse.lodz.pl\/projekty\/"]}]},{"@type":"BreadcrumbList","@id":"https:\/\/sse.lodz.pl\/projekty\/#breadcrumb","itemListElement":[{"@type":"ListItem","position":1,"name":"Strona g\u0142\u00f3wna","item":"https:\/\/sse.lodz.pl\/"},{"@type":"ListItem","position":2,"name":"Projekty"}]},{"@type":"WebSite","@id":"https:\/\/sse.lodz.pl\/#website","url":"https:\/\/sse.lodz.pl\/","name":"\u0141\u00f3dzka Specjalna Strefa Ekonomiczna","description":"","potentialAction":[{"@type":"SearchAction","target":{"@type":"EntryPoint","urlTemplate":"https:\/\/sse.lodz.pl\/?s={search_term_string}"},"query-input":{"@type":"PropertyValueSpecification","valueRequired":true,"valueName":"search_term_string"}}],"inLanguage":"en-US"}]}},"_links":{"self":[{"href":"https:\/\/sse.lodz.pl\/en\/wp-json\/wp\/v2\/pages\/4527","targetHints":{"allow":["GET"]}}],"collection":[{"href":"https:\/\/sse.lodz.pl\/en\/wp-json\/wp\/v2\/pages"}],"about":[{"href":"https:\/\/sse.lodz.pl\/en\/wp-json\/wp\/v2\/types\/page"}],"author":[{"embeddable":true,"href":"https:\/\/sse.lodz.pl\/en\/wp-json\/wp\/v2\/users\/18"}],"replies":[{"embeddable":true,"href":"https:\/\/sse.lodz.pl\/en\/wp-json\/wp\/v2\/comments?post=4527"}],"version-history":[{"count":31,"href":"https:\/\/sse.lodz.pl\/en\/wp-json\/wp\/v2\/pages\/4527\/revisions"}],"predecessor-version":[{"id":6226,"href":"https:\/\/sse.lodz.pl\/en\/wp-json\/wp\/v2\/pages\/4527\/revisions\/6226"}],"wp:attachment":[{"href":"https:\/\/sse.lodz.pl\/en\/wp-json\/wp\/v2\/media?parent=4527"}],"curies":[{"name":"wp","href":"https:\/\/api.w.org\/{rel}","templated":true}]}}