{"id":5981,"date":"2025-04-01T14:51:44","date_gmt":"2025-04-01T12:51:44","guid":{"rendered":"https:\/\/sse.lodz.pl\/?page_id=5981"},"modified":"2025-04-01T14:52:07","modified_gmt":"2025-04-01T12:52:07","slug":"bip-rozporzadzenie-w-sprawie-lsse","status":"publish","type":"page","link":"https:\/\/sse.lodz.pl\/en\/bip-rozporzadzenie-w-sprawie-lsse\/","title":{"rendered":"BIP Rozporz\u0105dzenie w sprawie \u0141SSE"},"content":{"rendered":"<p>[vc_row][vc_column][vc_column_text]\u0141\u00f3dzka Specjalna Strefa Ekonomiczna ustanowiona zosta\u0142a rozporz\u0105dzeniem Rady Ministr\u00f3w z dnia 15 kwietnia 1997 r. w sprawie ustanowienia \u0142\u00f3dzkiej specjalnej strefy ekonomicznej (Dz.U. 1997 nr 46 poz. 289, z p\u00f3\u017an. zm.), zwana dalej &#8220;stref\u0105&#8221;, obejmuje\u00a0<b>teren wyznaczony granicami, kt\u00f3rych opis stanowi za\u0142\u0105cznik do rozporz\u0105dzenia Rady Ministr\u00f3w z dnia 15 grudnia 2008 r. w sprawie \u0142\u00f3dzkiej specjalnej strefy ekonomicznej\u00a0<\/b>(zwane dalej \u201erozporz\u0105dzeniem\u201d), kt\u00f3re dost\u0119pne jest poni\u017cej:[\/vc_column_text][\/vc_column][\/vc_row][vc_row][vc_column][vc_btn title=&#8221;Rozporz\u0105dzenie w sprawie \u0141SSE&#8221; style=&#8221;classic&#8221; color=&#8221;btn-downloaded-partner&#8221; link=&#8221;url:%2Fwp-content%2Fuploads%2F2025%2F04%2FRozporzadzenie-w-sprawie-LSSE.pdf|title:Rozporz%C4%85dzenie%20w%20sprawie%20%C5%81SSE|target:_blank&#8221;][\/vc_column][\/vc_row]<\/p>\n","protected":false},"excerpt":{"rendered":"<p>[vc_row][vc_column][vc_column_text]\u0141\u00f3dzka Specjalna Strefa Ekonomiczna ustanowiona zosta\u0142a rozporz\u0105dzeniem Rady Ministr\u00f3w z dnia 15 kwietnia 1997 r. w sprawie ustanowienia \u0142\u00f3dzkiej specjalnej strefy ekonomicznej (Dz.U. 1997 nr 46 poz. 289, z p\u00f3\u017an. zm.), zwana dalej &#8220;stref\u0105&#8221;, obejmuje\u00a0teren [&#8230;]<\/p>\n<p><a class=\"btn btn-secondary understrap-read-more-link\" href=\"https:\/\/sse.lodz.pl\/en\/bip-rozporzadzenie-w-sprawie-lsse\/\">Read More&#8230;<span class=\"screen-reader-text\"> from BIP Rozporz\u0105dzenie w sprawie \u0141SSE<\/span><\/a><\/p>\n","protected":false},"author":23,"featured_media":0,"parent":0,"menu_order":0,"comment_status":"closed","ping_status":"closed","template":"podcategory-page.php","meta":{"_acf_changed":false,"inline_featured_image":false,"footnotes":""},"class_list":["post-5981","page","type-page","status-publish","hentry"],"translation":{"provider":"WPGlobus","version":"3.0.2","language":"en","enabled_languages":["pl","en"],"languages":{"pl":{"title":true,"content":true,"excerpt":false},"en":{"title":false,"content":false,"excerpt":false}}},"acf":[],"yoast_head":"<!-- This site is optimized with the Yoast SEO plugin v27.4 - https:\/\/yoast.com\/product\/yoast-seo-wordpress\/ -->\n<title>BIP Rozporz\u0105dzenie w sprawie \u0141SSE - \u0141\u00f3dzka Specjalna Strefa Ekonomiczna<\/title>\n<meta name=\"robots\" content=\"index, follow, max-snippet:-1, max-image-preview:large, max-video-preview:-1\" \/>\n<link rel=\"canonical\" href=\"https:\/\/sse.lodz.pl\/bip-rozporzadzenie-w-sprawie-lsse\/\" \/>\n<meta property=\"og:locale\" content=\"en_US\" \/>\n<meta property=\"og:type\" content=\"article\" \/>\n<meta property=\"og:title\" content=\"BIP Rozporz\u0105dzenie w sprawie \u0141SSE - \u0141\u00f3dzka Specjalna Strefa Ekonomiczna\" \/>\n<meta property=\"og:url\" content=\"https:\/\/sse.lodz.pl\/bip-rozporzadzenie-w-sprawie-lsse\/\" \/>\n<meta property=\"og:site_name\" content=\"\u0141\u00f3dzka Specjalna Strefa Ekonomiczna\" \/>\n<meta property=\"article:modified_time\" content=\"2025-04-01T12:52:07+00:00\" \/>\n<meta name=\"twitter:card\" content=\"summary_large_image\" \/>\n<meta name=\"twitter:label1\" content=\"Est. reading time\" \/>\n\t<meta name=\"twitter:data1\" content=\"1 minute\" \/>\n<script type=\"application\/ld+json\" class=\"yoast-schema-graph\">{\"@context\":\"https:\\\/\\\/schema.org\",\"@graph\":[{\"@type\":\"WebPage\",\"@id\":\"https:\\\/\\\/sse.lodz.pl\\\/bip-rozporzadzenie-w-sprawie-lsse\\\/\",\"url\":\"https:\\\/\\\/sse.lodz.pl\\\/bip-rozporzadzenie-w-sprawie-lsse\\\/\",\"name\":\"BIP Rozporz\u0105dzenie w sprawie \u0141SSE - \u0141\u00f3dzka Specjalna Strefa Ekonomiczna\",\"isPartOf\":{\"@id\":\"https:\\\/\\\/sse.lodz.pl\\\/#website\"},\"datePublished\":\"2025-04-01T12:51:44+00:00\",\"dateModified\":\"2025-04-01T12:52:07+00:00\",\"breadcrumb\":{\"@id\":\"https:\\\/\\\/sse.lodz.pl\\\/bip-rozporzadzenie-w-sprawie-lsse\\\/#breadcrumb\"},\"inLanguage\":\"en-US\",\"potentialAction\":[{\"@type\":\"ReadAction\",\"target\":[\"https:\\\/\\\/sse.lodz.pl\\\/bip-rozporzadzenie-w-sprawie-lsse\\\/\"]}]},{\"@type\":\"BreadcrumbList\",\"@id\":\"https:\\\/\\\/sse.lodz.pl\\\/bip-rozporzadzenie-w-sprawie-lsse\\\/#breadcrumb\",\"itemListElement\":[{\"@type\":\"ListItem\",\"position\":1,\"name\":\"Strona g\u0142\u00f3wna\",\"item\":\"https:\\\/\\\/sse.lodz.pl\\\/\"},{\"@type\":\"ListItem\",\"position\":2,\"name\":\"BIP Rozporz\u0105dzenie w sprawie \u0141SSE\"}]},{\"@type\":\"WebSite\",\"@id\":\"https:\\\/\\\/sse.lodz.pl\\\/#website\",\"url\":\"https:\\\/\\\/sse.lodz.pl\\\/\",\"name\":\"\u0141\u00f3dzka Specjalna Strefa Ekonomiczna\",\"description\":\"\",\"potentialAction\":[{\"@type\":\"SearchAction\",\"target\":{\"@type\":\"EntryPoint\",\"urlTemplate\":\"https:\\\/\\\/sse.lodz.pl\\\/?s={search_term_string}\"},\"query-input\":{\"@type\":\"PropertyValueSpecification\",\"valueRequired\":true,\"valueName\":\"search_term_string\"}}],\"inLanguage\":\"en-US\"}]}<\/script>\n<!-- \/ Yoast SEO plugin. -->","yoast_head_json":{"title":"BIP Rozporz\u0105dzenie w sprawie \u0141SSE - \u0141\u00f3dzka Specjalna Strefa Ekonomiczna","robots":{"index":"index","follow":"follow","max-snippet":"max-snippet:-1","max-image-preview":"max-image-preview:large","max-video-preview":"max-video-preview:-1"},"canonical":"https:\/\/sse.lodz.pl\/bip-rozporzadzenie-w-sprawie-lsse\/","og_locale":"en_US","og_type":"article","og_title":"BIP Rozporz\u0105dzenie w sprawie \u0141SSE - \u0141\u00f3dzka Specjalna Strefa Ekonomiczna","og_url":"https:\/\/sse.lodz.pl\/bip-rozporzadzenie-w-sprawie-lsse\/","og_site_name":"\u0141\u00f3dzka Specjalna Strefa Ekonomiczna","article_modified_time":"2025-04-01T12:52:07+00:00","twitter_card":"summary_large_image","twitter_misc":{"Est. reading time":"1 minute"},"schema":{"@context":"https:\/\/schema.org","@graph":[{"@type":"WebPage","@id":"https:\/\/sse.lodz.pl\/bip-rozporzadzenie-w-sprawie-lsse\/","url":"https:\/\/sse.lodz.pl\/bip-rozporzadzenie-w-sprawie-lsse\/","name":"BIP Rozporz\u0105dzenie w sprawie \u0141SSE - \u0141\u00f3dzka Specjalna Strefa Ekonomiczna","isPartOf":{"@id":"https:\/\/sse.lodz.pl\/#website"},"datePublished":"2025-04-01T12:51:44+00:00","dateModified":"2025-04-01T12:52:07+00:00","breadcrumb":{"@id":"https:\/\/sse.lodz.pl\/bip-rozporzadzenie-w-sprawie-lsse\/#breadcrumb"},"inLanguage":"en-US","potentialAction":[{"@type":"ReadAction","target":["https:\/\/sse.lodz.pl\/bip-rozporzadzenie-w-sprawie-lsse\/"]}]},{"@type":"BreadcrumbList","@id":"https:\/\/sse.lodz.pl\/bip-rozporzadzenie-w-sprawie-lsse\/#breadcrumb","itemListElement":[{"@type":"ListItem","position":1,"name":"Strona g\u0142\u00f3wna","item":"https:\/\/sse.lodz.pl\/"},{"@type":"ListItem","position":2,"name":"BIP Rozporz\u0105dzenie w sprawie \u0141SSE"}]},{"@type":"WebSite","@id":"https:\/\/sse.lodz.pl\/#website","url":"https:\/\/sse.lodz.pl\/","name":"\u0141\u00f3dzka Specjalna Strefa Ekonomiczna","description":"","potentialAction":[{"@type":"SearchAction","target":{"@type":"EntryPoint","urlTemplate":"https:\/\/sse.lodz.pl\/?s={search_term_string}"},"query-input":{"@type":"PropertyValueSpecification","valueRequired":true,"valueName":"search_term_string"}}],"inLanguage":"en-US"}]}},"_links":{"self":[{"href":"https:\/\/sse.lodz.pl\/en\/wp-json\/wp\/v2\/pages\/5981","targetHints":{"allow":["GET"]}}],"collection":[{"href":"https:\/\/sse.lodz.pl\/en\/wp-json\/wp\/v2\/pages"}],"about":[{"href":"https:\/\/sse.lodz.pl\/en\/wp-json\/wp\/v2\/types\/page"}],"author":[{"embeddable":true,"href":"https:\/\/sse.lodz.pl\/en\/wp-json\/wp\/v2\/users\/23"}],"replies":[{"embeddable":true,"href":"https:\/\/sse.lodz.pl\/en\/wp-json\/wp\/v2\/comments?post=5981"}],"version-history":[{"count":8,"href":"https:\/\/sse.lodz.pl\/en\/wp-json\/wp\/v2\/pages\/5981\/revisions"}],"predecessor-version":[{"id":5991,"href":"https:\/\/sse.lodz.pl\/en\/wp-json\/wp\/v2\/pages\/5981\/revisions\/5991"}],"wp:attachment":[{"href":"https:\/\/sse.lodz.pl\/en\/wp-json\/wp\/v2\/media?parent=5981"}],"curies":[{"name":"wp","href":"https:\/\/api.w.org\/{rel}","templated":true}]}}