{"id":6400,"date":"2025-06-17T08:06:33","date_gmt":"2025-06-17T06:06:33","guid":{"rendered":"https:\/\/sse.lodz.pl\/?page_id=6400"},"modified":"2025-08-21T08:56:34","modified_gmt":"2025-08-21T06:56:34","slug":"csr-pikniki","status":"publish","type":"page","link":"https:\/\/sse.lodz.pl\/en\/csr-pikniki\/","title":{"rendered":"CSR Pikniki"},"content":{"rendered":"<p>[vc_row css=&#8221;.vc_custom_1678206824393{margin-top: 50px !important;}&#8221;][vc_column][vc_gallery type=&#8221;flexslider_slide&#8221; interval=&#8221;3&#8243; images=&#8221;6434,6433,6435,6431,6437,6505,6506,6507,6508,6509,6510,6511,6604,6605,6606,6607,6608&#8243; img_size=&#8221;full&#8221;][vc_column_text]<\/p>\n<h2>Pikniki #GROHMANIA<\/h2>\n<p>\u0141\u00f3dzka Specjalna Strefa Ekonomiczna od lat nie tylko wspiera rozw\u00f3j przedsi\u0119biorczo\u015bci i innowacji, ale r\u00f3wnie\u017c aktywnie anga\u017cuje si\u0119 w inicjatywy, kt\u00f3re buduj\u0105 i integruj\u0105 lokaln\u0105 spo\u0142eczno\u015b\u0107. Wierzymy, \u017ce prawdziwy sukces biznesu mierzy si\u0119 nie tylko wynikami finansowymi, ale tak\u017ce realnym wp\u0142ywem na otoczenie \u2013 dlatego z dum\u0105 zapraszamy <strong>na letnie pikniki #GROHMANIA.<\/strong><\/p>\n<p>Nasze pikniki to co\u015b wi\u0119cej ni\u017c rozrywka \u2013 to przestrze\u0144, w kt\u00f3rej spotykaj\u0105 si\u0119 mieszka\u0144cy \u0141odzi, rodziny, przedsi\u0119biorcy oraz przedstawiciele r\u00f3\u017cnych \u015brodowisk. \u0141\u0105czymy \u015bwiat biznesu z bogatym dziedzictwem kulturowym miasta, pokazuj\u0105c, \u017ce odpowiedzialno\u015b\u0107 spo\u0142eczna to nie tylko has\u0142o, ale realne dzia\u0142ania na rzecz integracji, edukacji i budowania wi\u0119zi mi\u0119dzyludzkich.<\/p>\n<p>Ka\u017cdy z czterech piknik\u00f3w to podr\u00f3\u017c w czasie \u2013 od \u0142\u00f3dzkiej Belle \u00c9poque, przez szalone lata 20-te i 90-te, a\u017c po nowoczesno\u015b\u0107 i innowacje.<\/p>\n<p><strong>Terminy najbli\u017cszych piknik\u00f3w:<\/strong><\/p>\n<h5><strong>24 sierpnia \u2013 Piknik przysz\u0142o\u015bci<\/strong><\/h5>\n<p>Na zako\u0144czenie lata sp\u00f3jrzmy w przysz\u0142o\u015b\u0107!<\/p>\n<ul>\n<li><strong>Strefa dla dzieci:<\/strong>dmucha\u0144ce, wata cukrowa i popcorn.<\/li>\n<li><strong>Atrakcje dla wszystkich:<\/strong>\u00a0skimboarding, wrotkarnia \u201eBaw si\u0119 z nami\u201d (b\u0119dziesz mie\u0107 okazj\u0119 wypo\u017cyczy\u0107 wrotki, szale\u0107 na specjalnie przygotowanym pod\u0142o\u017cu pod okiem instruktora), \u015bwiat wirtualnej rzeczywisto\u015bci z \u00a0Technikum Automatyki i Robotyki, us\u0142ugi barbera, warsztaty tworzenia torebek, pokaz taneczny AHE oraz serwis rowerowy \u201eBezpieczne 2 k\u00f3\u0142ka\u201d ( drobne naprawy, konserwacja rower\u00f3w).<\/li>\n<li><strong>Pokaz taneczny:<\/strong>\u00a0swoje umiej\u0119tno\u015bci zaprezentuje grupa breakdance Eudezet Skillz.<\/li>\n<li><strong>Muzyka:<\/strong>\u00a0o opraw\u0119 muzyczn\u0105 zadba DJ Lizard.<\/li>\n<li><strong>Dodatkowo:<\/strong>\u00a0strefa gastronomiczna, konkursy z nagrodami oraz strefa Radia \u0141\u00f3d\u017a.<\/li>\n<\/ul>\n<div class=\"xdj266r x14z9mp xat24cr x1lziwak x1vvkbs x126k92a\">\n<div dir=\"auto\">Przy okazji pikniku odb\u0119dzie si\u0119 wydarzenie towarzysz\u0105ce \u2013 pokaz filmu<\/div>\n<\/div>\n<div class=\"x14z9mp xat24cr x1lziwak x1vvkbs xtlvy1s x126k92a\">\n<div dir=\"auto\"><strong><span class=\"html-span xexx8yu xyri2b x18d9i69 x1c1uobl x1hl2dhg x16tdsg8 x1vvkbs x3nfvp2 x1j61x8r x1fcty0u xdj266r xat24cr xm2jcoa x1mpyi22 xxymvpz xlup9mm x1kky2od\"><img loading=\"lazy\" decoding=\"async\" class=\"xz74otr x15mokao x1ga7v0g x16uus16 xbiv7yw\" src=\"https:\/\/static.xx.fbcdn.net\/images\/emoji.php\/v9\/t2d\/1\/16\/1f3ac.png\" alt=\"\" width=\"16\" height=\"16\" \/><\/span> Naqoyqatsi<\/strong><\/div>\n<div dir=\"auto\"><strong>USA 2002 | dokument | 89\u2019<\/strong><\/div>\n<\/div>\n<div class=\"x14z9mp xat24cr x1lziwak x1vvkbs xtlvy1s x126k92a\">\n<div dir=\"auto\">\u201eNaqoyqatsi\u201d \u2013 czyli \u201e\u017cycie w stanie wojny\u201d \u2013 to trzecia i ostatnia cz\u0119\u015b\u0107 s\u0142ynnej Trylogii Qatsi autorstwa Godfreya Reggio. Film jest wizj\u0105 \u015bwiata ca\u0142kowicie zdominowanego przez technologi\u0119, stworzon\u0105 przy u\u017cyciu nowoczesnych technik komputerowych.<\/div>\n<\/div>\n<div class=\"x14z9mp xat24cr x1lziwak x1vvkbs xtlvy1s x126k92a\">\n<div dir=\"auto\"><span class=\"html-span xexx8yu xyri2b x18d9i69 x1c1uobl x1hl2dhg x16tdsg8 x1vvkbs x3nfvp2 x1j61x8r x1fcty0u xdj266r xat24cr xm2jcoa x1mpyi22 xxymvpz xlup9mm x1kky2od\"><img loading=\"lazy\" decoding=\"async\" class=\"xz74otr x15mokao x1ga7v0g x16uus16 xbiv7yw\" src=\"https:\/\/static.xx.fbcdn.net\/images\/emoji.php\/v9\/ta\/1\/16\/1f464.png\" alt=\"\" width=\"16\" height=\"16\" \/><\/span> <strong>Godfrey Reggio<\/strong> \u2013 urodzony w 1940 roku w Nowym Orleanie, pionier filmowej formy poetyckiej. Jego dzie\u0142a \u2013 od Koyaanisqatsi i Powaqqatsi po Naqoyqatsi \u2013 \u0142\u0105cz\u0105 refleksj\u0119 nad wsp\u00f3\u0142czesn\u0105 cywilizacj\u0105 z niezwyk\u0142\u0105 si\u0142\u0105 wizualn\u0105 i emocjonaln\u0105.<\/div>\n<\/div>\n<div class=\"x14z9mp xat24cr x1lziwak x1vvkbs xtlvy1s x126k92a\">\n<div dir=\"auto\"><span class=\"html-span xexx8yu xyri2b x18d9i69 x1c1uobl x1hl2dhg x16tdsg8 x1vvkbs x3nfvp2 x1j61x8r x1fcty0u xdj266r xat24cr xm2jcoa x1mpyi22 xxymvpz xlup9mm x1kky2od\"><img loading=\"lazy\" decoding=\"async\" class=\"xz74otr x15mokao x1ga7v0g x16uus16 xbiv7yw\" src=\"https:\/\/static.xx.fbcdn.net\/images\/emoji.php\/v9\/t7e\/1\/16\/1f4c5.png\" alt=\"\" width=\"16\" height=\"16\" \/><\/span> 24 sierpnia, godz. 12:00<\/div>\n<div dir=\"auto\"><span class=\"html-span xexx8yu xyri2b x18d9i69 x1c1uobl x1hl2dhg x16tdsg8 x1vvkbs x3nfvp2 x1j61x8r x1fcty0u xdj266r xat24cr xm2jcoa x1mpyi22 xxymvpz xlup9mm x1kky2od\"><img loading=\"lazy\" decoding=\"async\" class=\"xz74otr x15mokao x1ga7v0g x16uus16 xbiv7yw\" src=\"https:\/\/static.xx.fbcdn.net\/images\/emoji.php\/v9\/t2d\/1\/16\/1f4cd.png\" alt=\"\" width=\"16\" height=\"16\" \/><\/span> \u0141\u00f3dzka Specjalna Strefa Ekonomiczna \u2013 sala K1<\/div>\n<\/div>\n<div class=\"x14z9mp xat24cr x1lziwak x1vvkbs xtlvy1s x126k92a\">\n<div dir=\"auto\"><\/div>\n<div dir=\"auto\">Po pokazie odb\u0119d\u0105 si\u0119 warsztaty z animacji poklatkowej prowadzone przez <strong>Sergiusza Wasilewskiego<\/strong> \u2013 operatora, re\u017cysera i producenta filmowego, eksperta ds. dokumentu oraz tw\u00f3rc\u0119 projekt\u00f3w VR i multimedialnych.<\/div>\n<div dir=\"auto\"><\/div>\n<\/div>\n<p>Do\u0142\u0105czcie do nas i sp\u0119d\u017acie to lato kreatywnie i aktywnie w \u0141\u00f3dzkiej Specjalnej Strefie Ekonomicznej.\u00a0Czekamy na Was![\/vc_column_text][vc_btn title=&#8221;Sprawd\u017a szczeg\u00f3\u0142owy plan piknik\u00f3w&#8221; color=&#8221;btn-downloaded-partner&#8221; align=&#8221;left&#8221; link=&#8221;url:https%3A%2F%2Fsse.lodz.pl%2Fwp-content%2Fuploads%2F2025%2F06%2FUlotka-piknikowa-www.pdf|target:_blank&#8221;][vc_btn title=&#8221;Regulamin konkursu &#8220;Piknik Grohmania #4&#8220;&#8221; color=&#8221;btn-downloaded-partner&#8221; align=&#8221;left&#8221; link=&#8221;url:https%3A%2F%2Fsse.lodz.pl%2Fwp-content%2Fuploads%2F2025%2F08%2FKonkurs-Grohmania4-1.pdf|target:_blank&#8221;][vc_empty_space][\/vc_column][\/vc_row][vc_row full_width=&#8221;stretch_row&#8221; css=&#8221;.vc_custom_1678188695616{background-color: #ededed !important;}&#8221;][vc_column][vc_custom_heading text=&#8221;Zapraszamy do kontaktu:&#8221; font_container=&#8221;tag:h3|font_size:18px|text_align:left|line_height:34px&#8221; use_theme_fonts=&#8221;yes&#8221; css=&#8221;.vc_custom_1678207017186{padding-bottom: 10px !important;}&#8221;][\/vc_column][\/vc_row][vc_row][vc_column width=&#8221;1\/2&#8243;][vc_row_inner][vc_column_inner width=&#8221;1\/4&#8243;][vc_single_image image=&#8221;5965&#8243; img_size=&#8221;full&#8221;][\/vc_column_inner][vc_column_inner width=&#8221;3\/4&#8243;][vc_custom_heading text=&#8221;Wiktor Komorowski&#8221; font_container=&#8221;tag:h3|font_size:18px|text_align:left|color:%23141414|line_height:21px&#8221; use_theme_fonts=&#8221;yes&#8221;][vc_column_text]Specjalista ds. Marketingu i Promocji[\/vc_column_text][vc_btn title=&#8221;re_action@sse.lodz.pl&#8221; color=&#8221;btn-small-mail-button&#8221; align=&#8221;left&#8221; link=&#8221;url:mailto%3Are_action%40sse.lodz.pl|target:_blank&#8221; css=&#8221;.vc_custom_1681393119863{margin-top: 0px !important;margin-bottom: 0px !important;border-bottom-width: 0px !important;padding-top: 0px !important;padding-bottom: 0px !important;}&#8221;][vc_btn title=&#8221;tel. (+48) 605 161 135&#8243; color=&#8221;btn-small-phone-button&#8221; align=&#8221;left&#8221; link=&#8221;url:tel%3A%2B48605161135|target:_blank&#8221; css=&#8221;.vc_custom_1743071614605{margin-top: 0px !important;margin-bottom: 0px !important;border-top-width: 0px !important;border-bottom-width: 0px !important;padding-top: 0px !important;padding-bottom: 0px !important;}&#8221;][\/vc_column_inner][\/vc_row_inner][\/vc_column][vc_column width=&#8221;1\/2&#8243;][vc_row_inner][vc_column_inner width=&#8221;1\/4&#8243;][vc_single_image image=&#8221;1131&#8243; img_size=&#8221;full&#8221;][\/vc_column_inner][vc_column_inner width=&#8221;3\/4&#8243;][vc_custom_heading text=&#8221;Barbara W\u00f3jcicka&#8221; font_container=&#8221;tag:h3|font_size:18px|text_align:left|color:%23141414|line_height:21px&#8221; use_theme_fonts=&#8221;yes&#8221;][vc_column_text]Specjalista ds. Marketingu i Promocji[\/vc_column_text][vc_btn title=&#8221;re_action@sse.lodz.pl&#8221; color=&#8221;btn-small-mail-button&#8221; align=&#8221;left&#8221; link=&#8221;url:mailto%3Are_action%40sse.lodz.pl|target:_blank&#8221; css=&#8221;.vc_custom_1681393119863{margin-top: 0px !important;margin-bottom: 0px !important;border-bottom-width: 0px !important;padding-top: 0px !important;padding-bottom: 0px !important;}&#8221;][\/vc_column_inner][\/vc_row_inner][\/vc_column][\/vc_row]<\/p>\n","protected":false},"excerpt":{"rendered":"<p>[vc_row css=&#8221;.vc_custom_1678206824393{margin-top: 50px !important;}&#8221;][vc_column][vc_gallery type=&#8221;flexslider_slide&#8221; interval=&#8221;3&#8243; images=&#8221;6434,6433,6435,6431,6437,6505,6506,6507,6508,6509,6510,6511,6604,6605,6606,6607,6608&#8243; img_size=&#8221;full&#8221;][vc_column_text] Pikniki #GROHMANIA \u0141\u00f3dzka Specjalna Strefa Ekonomiczna od lat nie tylko wspiera rozw\u00f3j przedsi\u0119biorczo\u015bci i innowacji, ale r\u00f3wnie\u017c aktywnie anga\u017cuje si\u0119 w inicjatywy, kt\u00f3re buduj\u0105 i integruj\u0105 lokaln\u0105 [&#8230;]<\/p>\n<p><a class=\"btn btn-secondary understrap-read-more-link\" href=\"https:\/\/sse.lodz.pl\/en\/csr-pikniki\/\">Read More&#8230;<span class=\"screen-reader-text\"> from CSR Pikniki<\/span><\/a><\/p>\n","protected":false},"author":23,"featured_media":0,"parent":0,"menu_order":0,"comment_status":"closed","ping_status":"closed","template":"podcategory-page.php","meta":{"_acf_changed":false,"inline_featured_image":false,"footnotes":""},"class_list":["post-6400","page","type-page","status-publish","hentry"],"translation":{"provider":"WPGlobus","version":"3.0.2","language":"en","enabled_languages":["pl","en"],"languages":{"pl":{"title":true,"content":true,"excerpt":false},"en":{"title":false,"content":false,"excerpt":false}}},"acf":[],"yoast_head":"<!-- This site is optimized with the Yoast SEO plugin v27.4 - https:\/\/yoast.com\/product\/yoast-seo-wordpress\/ -->\n<title>CSR Pikniki - \u0141\u00f3dzka Specjalna Strefa Ekonomiczna<\/title>\n<meta name=\"robots\" content=\"index, follow, max-snippet:-1, max-image-preview:large, max-video-preview:-1\" \/>\n<link rel=\"canonical\" href=\"https:\/\/sse.lodz.pl\/csr-pikniki\/\" \/>\n<meta property=\"og:locale\" content=\"en_US\" \/>\n<meta property=\"og:type\" content=\"article\" \/>\n<meta property=\"og:title\" content=\"CSR Pikniki - \u0141\u00f3dzka Specjalna Strefa Ekonomiczna\" \/>\n<meta property=\"og:url\" content=\"https:\/\/sse.lodz.pl\/csr-pikniki\/\" \/>\n<meta property=\"og:site_name\" content=\"\u0141\u00f3dzka Specjalna Strefa Ekonomiczna\" \/>\n<meta property=\"article:modified_time\" content=\"2025-08-21T06:56:34+00:00\" \/>\n<meta property=\"og:image\" content=\"https:\/\/static.xx.fbcdn.net\/images\/emoji.php\/v9\/t2d\/1\/16\/1f3ac.png\" \/>\n<meta name=\"twitter:card\" content=\"summary_large_image\" \/>\n<meta name=\"twitter:label1\" content=\"Est. reading time\" \/>\n\t<meta name=\"twitter:data1\" content=\"5 minutes\" \/>\n<script type=\"application\/ld+json\" class=\"yoast-schema-graph\">{\"@context\":\"https:\\\/\\\/schema.org\",\"@graph\":[{\"@type\":\"WebPage\",\"@id\":\"https:\\\/\\\/sse.lodz.pl\\\/csr-pikniki\\\/\",\"url\":\"https:\\\/\\\/sse.lodz.pl\\\/csr-pikniki\\\/\",\"name\":\"CSR Pikniki - \u0141\u00f3dzka Specjalna Strefa Ekonomiczna\",\"isPartOf\":{\"@id\":\"https:\\\/\\\/sse.lodz.pl\\\/#website\"},\"primaryImageOfPage\":{\"@id\":\"https:\\\/\\\/sse.lodz.pl\\\/csr-pikniki\\\/#primaryimage\"},\"image\":{\"@id\":\"https:\\\/\\\/sse.lodz.pl\\\/csr-pikniki\\\/#primaryimage\"},\"thumbnailUrl\":\"https:\\\/\\\/static.xx.fbcdn.net\\\/images\\\/emoji.php\\\/v9\\\/t2d\\\/1\\\/16\\\/1f3ac.png\",\"datePublished\":\"2025-06-17T06:06:33+00:00\",\"dateModified\":\"2025-08-21T06:56:34+00:00\",\"breadcrumb\":{\"@id\":\"https:\\\/\\\/sse.lodz.pl\\\/csr-pikniki\\\/#breadcrumb\"},\"inLanguage\":\"en-US\",\"potentialAction\":[{\"@type\":\"ReadAction\",\"target\":[\"https:\\\/\\\/sse.lodz.pl\\\/csr-pikniki\\\/\"]}]},{\"@type\":\"ImageObject\",\"inLanguage\":\"en-US\",\"@id\":\"https:\\\/\\\/sse.lodz.pl\\\/csr-pikniki\\\/#primaryimage\",\"url\":\"https:\\\/\\\/static.xx.fbcdn.net\\\/images\\\/emoji.php\\\/v9\\\/t2d\\\/1\\\/16\\\/1f3ac.png\",\"contentUrl\":\"https:\\\/\\\/static.xx.fbcdn.net\\\/images\\\/emoji.php\\\/v9\\\/t2d\\\/1\\\/16\\\/1f3ac.png\"},{\"@type\":\"BreadcrumbList\",\"@id\":\"https:\\\/\\\/sse.lodz.pl\\\/csr-pikniki\\\/#breadcrumb\",\"itemListElement\":[{\"@type\":\"ListItem\",\"position\":1,\"name\":\"Strona g\u0142\u00f3wna\",\"item\":\"https:\\\/\\\/sse.lodz.pl\\\/\"},{\"@type\":\"ListItem\",\"position\":2,\"name\":\"CSR Pikniki\"}]},{\"@type\":\"WebSite\",\"@id\":\"https:\\\/\\\/sse.lodz.pl\\\/#website\",\"url\":\"https:\\\/\\\/sse.lodz.pl\\\/\",\"name\":\"\u0141\u00f3dzka Specjalna Strefa Ekonomiczna\",\"description\":\"\",\"potentialAction\":[{\"@type\":\"SearchAction\",\"target\":{\"@type\":\"EntryPoint\",\"urlTemplate\":\"https:\\\/\\\/sse.lodz.pl\\\/?s={search_term_string}\"},\"query-input\":{\"@type\":\"PropertyValueSpecification\",\"valueRequired\":true,\"valueName\":\"search_term_string\"}}],\"inLanguage\":\"en-US\"}]}<\/script>\n<!-- \/ Yoast SEO plugin. -->","yoast_head_json":{"title":"CSR Pikniki - \u0141\u00f3dzka Specjalna Strefa Ekonomiczna","robots":{"index":"index","follow":"follow","max-snippet":"max-snippet:-1","max-image-preview":"max-image-preview:large","max-video-preview":"max-video-preview:-1"},"canonical":"https:\/\/sse.lodz.pl\/csr-pikniki\/","og_locale":"en_US","og_type":"article","og_title":"CSR Pikniki - \u0141\u00f3dzka Specjalna Strefa Ekonomiczna","og_url":"https:\/\/sse.lodz.pl\/csr-pikniki\/","og_site_name":"\u0141\u00f3dzka Specjalna Strefa Ekonomiczna","article_modified_time":"2025-08-21T06:56:34+00:00","og_image":[{"url":"https:\/\/static.xx.fbcdn.net\/images\/emoji.php\/v9\/t2d\/1\/16\/1f3ac.png","type":"","width":"","height":""}],"twitter_card":"summary_large_image","twitter_misc":{"Est. reading time":"5 minutes"},"schema":{"@context":"https:\/\/schema.org","@graph":[{"@type":"WebPage","@id":"https:\/\/sse.lodz.pl\/csr-pikniki\/","url":"https:\/\/sse.lodz.pl\/csr-pikniki\/","name":"CSR Pikniki - \u0141\u00f3dzka Specjalna Strefa Ekonomiczna","isPartOf":{"@id":"https:\/\/sse.lodz.pl\/#website"},"primaryImageOfPage":{"@id":"https:\/\/sse.lodz.pl\/csr-pikniki\/#primaryimage"},"image":{"@id":"https:\/\/sse.lodz.pl\/csr-pikniki\/#primaryimage"},"thumbnailUrl":"https:\/\/static.xx.fbcdn.net\/images\/emoji.php\/v9\/t2d\/1\/16\/1f3ac.png","datePublished":"2025-06-17T06:06:33+00:00","dateModified":"2025-08-21T06:56:34+00:00","breadcrumb":{"@id":"https:\/\/sse.lodz.pl\/csr-pikniki\/#breadcrumb"},"inLanguage":"en-US","potentialAction":[{"@type":"ReadAction","target":["https:\/\/sse.lodz.pl\/csr-pikniki\/"]}]},{"@type":"ImageObject","inLanguage":"en-US","@id":"https:\/\/sse.lodz.pl\/csr-pikniki\/#primaryimage","url":"https:\/\/static.xx.fbcdn.net\/images\/emoji.php\/v9\/t2d\/1\/16\/1f3ac.png","contentUrl":"https:\/\/static.xx.fbcdn.net\/images\/emoji.php\/v9\/t2d\/1\/16\/1f3ac.png"},{"@type":"BreadcrumbList","@id":"https:\/\/sse.lodz.pl\/csr-pikniki\/#breadcrumb","itemListElement":[{"@type":"ListItem","position":1,"name":"Strona g\u0142\u00f3wna","item":"https:\/\/sse.lodz.pl\/"},{"@type":"ListItem","position":2,"name":"CSR Pikniki"}]},{"@type":"WebSite","@id":"https:\/\/sse.lodz.pl\/#website","url":"https:\/\/sse.lodz.pl\/","name":"\u0141\u00f3dzka Specjalna Strefa Ekonomiczna","description":"","potentialAction":[{"@type":"SearchAction","target":{"@type":"EntryPoint","urlTemplate":"https:\/\/sse.lodz.pl\/?s={search_term_string}"},"query-input":{"@type":"PropertyValueSpecification","valueRequired":true,"valueName":"search_term_string"}}],"inLanguage":"en-US"}]}},"_links":{"self":[{"href":"https:\/\/sse.lodz.pl\/en\/wp-json\/wp\/v2\/pages\/6400","targetHints":{"allow":["GET"]}}],"collection":[{"href":"https:\/\/sse.lodz.pl\/en\/wp-json\/wp\/v2\/pages"}],"about":[{"href":"https:\/\/sse.lodz.pl\/en\/wp-json\/wp\/v2\/types\/page"}],"author":[{"embeddable":true,"href":"https:\/\/sse.lodz.pl\/en\/wp-json\/wp\/v2\/users\/23"}],"replies":[{"embeddable":true,"href":"https:\/\/sse.lodz.pl\/en\/wp-json\/wp\/v2\/comments?post=6400"}],"version-history":[{"count":23,"href":"https:\/\/sse.lodz.pl\/en\/wp-json\/wp\/v2\/pages\/6400\/revisions"}],"predecessor-version":[{"id":6807,"href":"https:\/\/sse.lodz.pl\/en\/wp-json\/wp\/v2\/pages\/6400\/revisions\/6807"}],"wp:attachment":[{"href":"https:\/\/sse.lodz.pl\/en\/wp-json\/wp\/v2\/media?parent=6400"}],"curies":[{"name":"wp","href":"https:\/\/api.w.org\/{rel}","templated":true}]}}