{"id":6937,"date":"2025-09-16T15:08:25","date_gmt":"2025-09-16T13:08:25","guid":{"rendered":"https:\/\/sse.lodz.pl\/?page_id=6937"},"modified":"2025-11-03T14:45:41","modified_gmt":"2025-11-03T13:45:41","slug":"program-stypendialny-growmania-strefa-talentow","status":"publish","type":"page","link":"https:\/\/sse.lodz.pl\/en\/program-stypendialny-growmania-strefa-talentow\/","title":{"rendered":"Program Stypendialny &#8220;#GrowMania Strefa Talent\u00f3w&#8221;"},"content":{"rendered":"<p>[vc_row css=&#8221;.vc_custom_1678206824393{margin-top: 50px !important;}&#8221;][vc_column][vc_column_text]<strong>Zmiana terminu og\u0142oszenia wynik\u00f3w Programu Stypendialnego \u201e#GrowMania Strefa Talent\u00f3w\u201d<\/strong><\/p>\n<p>Dzi\u0119kujemy wszystkim kandydatom za udzia\u0142 w naborze do Programu Stypendialnego \u201e#GrowMania Strefa Talent\u00f3w\u201d.<\/p>\n<p>Informujemy, \u017ce w zwi\u0105zku z bardzo du\u017cym zainteresowaniem programem proces oceny aplikacji zosta\u0142 wyd\u0142u\u017cony. Chcemy zapewni\u0107 komisji stypendialnej odpowiedni czas na rzeteln\u0105 i wnikliw\u0105 analiz\u0119 ka\u017cdej kandydatury.<\/p>\n<p><strong>W zwi\u0105zku z tym termin og\u0142oszenia wynik\u00f3w zostaje przesuni\u0119ty na 14 listopada 2025 roku.<\/strong><\/p>\n<p>Przepraszamy za ewentualne niedogodno\u015bci i dzi\u0119kujemy za Pa\u0144stwa cierpliwo\u015b\u0107.<\/p>\n<p>&#8212;&#8212;&#8212;&#8212;&#8212;&#8212;&#8212;&#8212;&#8212;&#8212;&#8212;&#8212;&#8212;&#8212;&#8212;&#8212;&#8212;&#8212;&#8212;&#8212;&#8212;&#8212;&#8212;&#8212;&#8212;<br \/>\nProgram ma na celu <strong>wsparcie utalentowanej m\u0142odzie\u017cy z ma\u0142ych miejscowo\u015bci<\/strong>, kt\u00f3ra wyr\u00f3\u017cnia si\u0119 wynikami w nauce oraz sukcesami w rozwijaniu swoich pasji, aby pom\u00f3c jej sta\u0107 si\u0119 <strong>przysz\u0142ymi liderami\u00a0<\/strong>dzi\u0119ki wsparciu finansowemu i rozwojowemu. Program \u0142\u0105czy stypendia z indywidualnym mentoringiem, zapewniaj\u0105c systematyczn\u0105 opiek\u0119 eksperta oraz realizacj\u0119 planu rozwoju.<\/p>\n<p>Nazwa programu: <strong>\u201e#GrowMania\u201d<\/strong> \u0142\u0105czy dwa \u017ar\u00f3d\u0142a inspiracji: dziedzictwo Henryka Grohmana \u2013 \u0142\u00f3dzkiego przemys\u0142owca, mecenasa kultury i sztuki, kolekcjonera oraz promotora \u017cycia artystycznego, patrona \u0141SSE oraz ide\u0119 \u201egrow\u201d, czyli wzrastania, rozwoju i rozkwitu talent\u00f3w.[\/vc_column_text][vc_btn title=&#8221;Regulamin&#8221; color=&#8221;btn-downloaded-partner&#8221; align=&#8221;left&#8221; link=&#8221;url:https%3A%2F%2Fsse.lodz.pl%2Fwp-content%2Fuploads%2F2025%2F09%2FRegulamin.pdf|target:_blank&#8221;][vc_btn title=&#8221;Za\u0142. 1&#8243; color=&#8221;btn-downloaded-partner&#8221; align=&#8221;left&#8221; link=&#8221;url:https%3A%2F%2Fsse.lodz.pl%2Fwp-content%2Fuploads%2F2025%2F09%2FZal.-1.pdf|target:_blank&#8221;][vc_btn title=&#8221;Za\u0142. 2&#8243; color=&#8221;btn-downloaded-partner&#8221; align=&#8221;left&#8221; link=&#8221;url:https%3A%2F%2Fsse.lodz.pl%2Fwp-content%2Fuploads%2F2025%2F09%2FZal.-2.docx|target:_blank&#8221;][vc_btn title=&#8221;Za\u0142. 3&#8243; color=&#8221;btn-downloaded-partner&#8221; align=&#8221;left&#8221; link=&#8221;url:https%3A%2F%2Fsse.lodz.pl%2Fwp-content%2Fuploads%2F2025%2F09%2FZal.-3.docx|target:_blank&#8221;][vc_btn title=&#8221;Za\u0142. 4&#8243; color=&#8221;btn-downloaded-partner&#8221; align=&#8221;left&#8221; link=&#8221;url:https%3A%2F%2Fsse.lodz.pl%2Fwp-content%2Fuploads%2F2025%2F09%2FZal.-4.docx|target:_blank&#8221;][vc_btn title=&#8221;Za\u0142. 5&#8243; color=&#8221;btn-downloaded-partner&#8221; align=&#8221;left&#8221; link=&#8221;url:https%3A%2F%2Fsse.lodz.pl%2Fwp-content%2Fuploads%2F2025%2F09%2FZal.-5.pdf|target:_blank&#8221;][vc_btn title=&#8221;Za\u0142. 5a Zgoda na wykorzystanie wizerunku&#8221; color=&#8221;btn-downloaded-partner&#8221; align=&#8221;left&#8221; link=&#8221;url:https%3A%2F%2Fsse.lodz.pl%2Fwp-content%2Fuploads%2F2025%2F09%2FZal.-5a-Zgoda-na-wykorzystanie-wizerunku.pdf|target:_blank&#8221;][vc_empty_space][\/vc_column][\/vc_row][vc_row full_width=&#8221;stretch_row&#8221; css=&#8221;.vc_custom_1678188695616{background-color: #ededed !important;}&#8221;][vc_column][vc_custom_heading text=&#8221;Zapraszamy do kontaktu:&#8221; font_container=&#8221;tag:h3|font_size:18px|text_align:left|line_height:34px&#8221; use_theme_fonts=&#8221;yes&#8221; css=&#8221;.vc_custom_1678207017186{padding-bottom: 10px !important;}&#8221;][\/vc_column][\/vc_row][vc_row][vc_column width=&#8221;1\/2&#8243;][vc_row_inner][vc_column_inner width=&#8221;1\/4&#8243;][vc_single_image image=&#8221;5965&#8243; img_size=&#8221;full&#8221;][\/vc_column_inner][vc_column_inner width=&#8221;3\/4&#8243;][vc_custom_heading text=&#8221;Wiktor Komorowski&#8221; font_container=&#8221;tag:h3|font_size:18px|text_align:left|color:%23141414|line_height:21px&#8221; use_theme_fonts=&#8221;yes&#8221;][vc_column_text]Specjalista ds. Marketingu i Promocji[\/vc_column_text][vc_btn title=&#8221;re_action@sse.lodz.pl&#8221; color=&#8221;btn-small-mail-button&#8221; align=&#8221;left&#8221; link=&#8221;url:mailto%3Are_action%40sse.lodz.pl|target:_blank&#8221; css=&#8221;.vc_custom_1681393119863{margin-top: 0px !important;margin-bottom: 0px !important;border-bottom-width: 0px !important;padding-top: 0px !important;padding-bottom: 0px !important;}&#8221;][vc_btn title=&#8221;tel. (+48) 605 161 135&#8243; color=&#8221;btn-small-phone-button&#8221; align=&#8221;left&#8221; link=&#8221;url:tel%3A%2B48605161135|target:_blank&#8221; css=&#8221;.vc_custom_1743071614605{margin-top: 0px !important;margin-bottom: 0px !important;border-top-width: 0px !important;border-bottom-width: 0px !important;padding-top: 0px !important;padding-bottom: 0px !important;}&#8221;][\/vc_column_inner][\/vc_row_inner][\/vc_column][vc_column width=&#8221;1\/2&#8243;][vc_row_inner][vc_column_inner width=&#8221;1\/4&#8243;][vc_single_image image=&#8221;1131&#8243; img_size=&#8221;full&#8221;][\/vc_column_inner][vc_column_inner width=&#8221;3\/4&#8243;][vc_custom_heading text=&#8221;Barbara W\u00f3jcicka&#8221; font_container=&#8221;tag:h3|font_size:18px|text_align:left|color:%23141414|line_height:21px&#8221; use_theme_fonts=&#8221;yes&#8221;][vc_column_text]Specjalista ds. Marketingu i Promocji[\/vc_column_text][vc_btn title=&#8221;re_action@sse.lodz.pl&#8221; color=&#8221;btn-small-mail-button&#8221; align=&#8221;left&#8221; link=&#8221;url:mailto%3Are_action%40sse.lodz.pl|target:_blank&#8221; css=&#8221;.vc_custom_1681393119863{margin-top: 0px !important;margin-bottom: 0px !important;border-bottom-width: 0px !important;padding-top: 0px !important;padding-bottom: 0px !important;}&#8221;][\/vc_column_inner][\/vc_row_inner][\/vc_column][\/vc_row]<\/p>\n","protected":false},"excerpt":{"rendered":"<p>[vc_row css=&#8221;.vc_custom_1678206824393{margin-top: 50px !important;}&#8221;][vc_column][vc_column_text]Zmiana terminu og\u0142oszenia wynik\u00f3w Programu Stypendialnego \u201e#GrowMania Strefa Talent\u00f3w\u201d Dzi\u0119kujemy wszystkim kandydatom za udzia\u0142 w naborze do Programu Stypendialnego \u201e#GrowMania Strefa Talent\u00f3w\u201d. Informujemy, \u017ce w zwi\u0105zku z bardzo du\u017cym zainteresowaniem programem proces [&#8230;]<\/p>\n<p><a class=\"btn btn-secondary understrap-read-more-link\" href=\"https:\/\/sse.lodz.pl\/en\/program-stypendialny-growmania-strefa-talentow\/\">Read More&#8230;<span class=\"screen-reader-text\"> from Program Stypendialny &#8220;#GrowMania Strefa Talent\u00f3w&#8221;<\/span><\/a><\/p>\n","protected":false},"author":23,"featured_media":0,"parent":0,"menu_order":0,"comment_status":"closed","ping_status":"closed","template":"podcategory-page.php","meta":{"_acf_changed":false,"inline_featured_image":false,"footnotes":""},"class_list":["post-6937","page","type-page","status-publish","hentry"],"translation":{"provider":"WPGlobus","version":"3.0.2","language":"en","enabled_languages":["pl","en"],"languages":{"pl":{"title":true,"content":true,"excerpt":false},"en":{"title":false,"content":false,"excerpt":false}}},"acf":[],"yoast_head":"<!-- This site is optimized with the Yoast SEO plugin v27.4 - https:\/\/yoast.com\/product\/yoast-seo-wordpress\/ -->\n<title>Program Stypendialny &quot;#GrowMania Strefa Talent\u00f3w&quot; - \u0141\u00f3dzka Specjalna Strefa Ekonomiczna<\/title>\n<meta name=\"robots\" content=\"index, follow, max-snippet:-1, max-image-preview:large, max-video-preview:-1\" \/>\n<link rel=\"canonical\" href=\"https:\/\/sse.lodz.pl\/program-stypendialny-growmania-strefa-talentow\/\" \/>\n<meta property=\"og:locale\" content=\"en_US\" \/>\n<meta property=\"og:type\" content=\"article\" \/>\n<meta property=\"og:title\" content=\"Program Stypendialny &quot;#GrowMania Strefa Talent\u00f3w&quot; - \u0141\u00f3dzka Specjalna Strefa Ekonomiczna\" \/>\n<meta property=\"og:url\" content=\"https:\/\/sse.lodz.pl\/program-stypendialny-growmania-strefa-talentow\/\" \/>\n<meta property=\"og:site_name\" content=\"\u0141\u00f3dzka Specjalna Strefa Ekonomiczna\" \/>\n<meta property=\"article:modified_time\" content=\"2025-11-03T13:45:41+00:00\" \/>\n<meta name=\"twitter:card\" content=\"summary_large_image\" \/>\n<meta name=\"twitter:label1\" content=\"Est. reading time\" \/>\n\t<meta name=\"twitter:data1\" content=\"3 minutes\" \/>\n<script type=\"application\/ld+json\" class=\"yoast-schema-graph\">{\"@context\":\"https:\\\/\\\/schema.org\",\"@graph\":[{\"@type\":\"WebPage\",\"@id\":\"https:\\\/\\\/sse.lodz.pl\\\/program-stypendialny-growmania-strefa-talentow\\\/\",\"url\":\"https:\\\/\\\/sse.lodz.pl\\\/program-stypendialny-growmania-strefa-talentow\\\/\",\"name\":\"Program Stypendialny \\\"#GrowMania Strefa Talent\u00f3w\\\" - \u0141\u00f3dzka Specjalna Strefa Ekonomiczna\",\"isPartOf\":{\"@id\":\"https:\\\/\\\/sse.lodz.pl\\\/#website\"},\"datePublished\":\"2025-09-16T13:08:25+00:00\",\"dateModified\":\"2025-11-03T13:45:41+00:00\",\"breadcrumb\":{\"@id\":\"https:\\\/\\\/sse.lodz.pl\\\/program-stypendialny-growmania-strefa-talentow\\\/#breadcrumb\"},\"inLanguage\":\"en-US\",\"potentialAction\":[{\"@type\":\"ReadAction\",\"target\":[\"https:\\\/\\\/sse.lodz.pl\\\/program-stypendialny-growmania-strefa-talentow\\\/\"]}]},{\"@type\":\"BreadcrumbList\",\"@id\":\"https:\\\/\\\/sse.lodz.pl\\\/program-stypendialny-growmania-strefa-talentow\\\/#breadcrumb\",\"itemListElement\":[{\"@type\":\"ListItem\",\"position\":1,\"name\":\"Strona g\u0142\u00f3wna\",\"item\":\"https:\\\/\\\/sse.lodz.pl\\\/\"},{\"@type\":\"ListItem\",\"position\":2,\"name\":\"Program Stypendialny &#8222;#GrowMania Strefa Talent\u00f3w&#8221;\"}]},{\"@type\":\"WebSite\",\"@id\":\"https:\\\/\\\/sse.lodz.pl\\\/#website\",\"url\":\"https:\\\/\\\/sse.lodz.pl\\\/\",\"name\":\"\u0141\u00f3dzka Specjalna Strefa Ekonomiczna\",\"description\":\"\",\"potentialAction\":[{\"@type\":\"SearchAction\",\"target\":{\"@type\":\"EntryPoint\",\"urlTemplate\":\"https:\\\/\\\/sse.lodz.pl\\\/?s={search_term_string}\"},\"query-input\":{\"@type\":\"PropertyValueSpecification\",\"valueRequired\":true,\"valueName\":\"search_term_string\"}}],\"inLanguage\":\"en-US\"}]}<\/script>\n<!-- \/ Yoast SEO plugin. -->","yoast_head_json":{"title":"Program Stypendialny \"#GrowMania Strefa Talent\u00f3w\" - \u0141\u00f3dzka Specjalna Strefa Ekonomiczna","robots":{"index":"index","follow":"follow","max-snippet":"max-snippet:-1","max-image-preview":"max-image-preview:large","max-video-preview":"max-video-preview:-1"},"canonical":"https:\/\/sse.lodz.pl\/program-stypendialny-growmania-strefa-talentow\/","og_locale":"en_US","og_type":"article","og_title":"Program Stypendialny \"#GrowMania Strefa Talent\u00f3w\" - \u0141\u00f3dzka Specjalna Strefa Ekonomiczna","og_url":"https:\/\/sse.lodz.pl\/program-stypendialny-growmania-strefa-talentow\/","og_site_name":"\u0141\u00f3dzka Specjalna Strefa Ekonomiczna","article_modified_time":"2025-11-03T13:45:41+00:00","twitter_card":"summary_large_image","twitter_misc":{"Est. reading time":"3 minutes"},"schema":{"@context":"https:\/\/schema.org","@graph":[{"@type":"WebPage","@id":"https:\/\/sse.lodz.pl\/program-stypendialny-growmania-strefa-talentow\/","url":"https:\/\/sse.lodz.pl\/program-stypendialny-growmania-strefa-talentow\/","name":"Program Stypendialny \"#GrowMania Strefa Talent\u00f3w\" - \u0141\u00f3dzka Specjalna Strefa Ekonomiczna","isPartOf":{"@id":"https:\/\/sse.lodz.pl\/#website"},"datePublished":"2025-09-16T13:08:25+00:00","dateModified":"2025-11-03T13:45:41+00:00","breadcrumb":{"@id":"https:\/\/sse.lodz.pl\/program-stypendialny-growmania-strefa-talentow\/#breadcrumb"},"inLanguage":"en-US","potentialAction":[{"@type":"ReadAction","target":["https:\/\/sse.lodz.pl\/program-stypendialny-growmania-strefa-talentow\/"]}]},{"@type":"BreadcrumbList","@id":"https:\/\/sse.lodz.pl\/program-stypendialny-growmania-strefa-talentow\/#breadcrumb","itemListElement":[{"@type":"ListItem","position":1,"name":"Strona g\u0142\u00f3wna","item":"https:\/\/sse.lodz.pl\/"},{"@type":"ListItem","position":2,"name":"Program Stypendialny &#8222;#GrowMania Strefa Talent\u00f3w&#8221;"}]},{"@type":"WebSite","@id":"https:\/\/sse.lodz.pl\/#website","url":"https:\/\/sse.lodz.pl\/","name":"\u0141\u00f3dzka Specjalna Strefa Ekonomiczna","description":"","potentialAction":[{"@type":"SearchAction","target":{"@type":"EntryPoint","urlTemplate":"https:\/\/sse.lodz.pl\/?s={search_term_string}"},"query-input":{"@type":"PropertyValueSpecification","valueRequired":true,"valueName":"search_term_string"}}],"inLanguage":"en-US"}]}},"_links":{"self":[{"href":"https:\/\/sse.lodz.pl\/en\/wp-json\/wp\/v2\/pages\/6937","targetHints":{"allow":["GET"]}}],"collection":[{"href":"https:\/\/sse.lodz.pl\/en\/wp-json\/wp\/v2\/pages"}],"about":[{"href":"https:\/\/sse.lodz.pl\/en\/wp-json\/wp\/v2\/types\/page"}],"author":[{"embeddable":true,"href":"https:\/\/sse.lodz.pl\/en\/wp-json\/wp\/v2\/users\/23"}],"replies":[{"embeddable":true,"href":"https:\/\/sse.lodz.pl\/en\/wp-json\/wp\/v2\/comments?post=6937"}],"version-history":[{"count":3,"href":"https:\/\/sse.lodz.pl\/en\/wp-json\/wp\/v2\/pages\/6937\/revisions"}],"predecessor-version":[{"id":7121,"href":"https:\/\/sse.lodz.pl\/en\/wp-json\/wp\/v2\/pages\/6937\/revisions\/7121"}],"wp:attachment":[{"href":"https:\/\/sse.lodz.pl\/en\/wp-json\/wp\/v2\/media?parent=6937"}],"curies":[{"name":"wp","href":"https:\/\/api.w.org\/{rel}","templated":true}]}}