{"id":6964,"date":"2026-01-30T08:00:50","date_gmt":"2026-01-30T07:00:50","guid":{"rendered":"https:\/\/sse.lodz.pl\/?page_id=6964"},"modified":"2026-02-17T12:10:45","modified_gmt":"2026-02-17T11:10:45","slug":"savetheplanet","status":"publish","type":"page","link":"https:\/\/sse.lodz.pl\/en\/savetheplanet\/","title":{"rendered":"Konkurs Save the Planet \u2013 Space mode"},"content":{"rendered":"<p>[vc_row css=&#8221;.vc_custom_1678206824393{margin-top: 50px !important;}&#8221;][vc_column][vc_single_image image=&#8221;7321&#8243; img_size=&#8221;full&#8221; alignment=&#8221;center&#8221;][vc_single_image image=&#8221;7318&#8243; img_size=&#8221;full&#8221; alignment=&#8221;center&#8221;][vc_column_text]<\/p>\n<h3 data-start=\"278\" data-end=\"317\">Save the Planet \u2013 Space mode<\/h3>\n<p data-start=\"318\" data-end=\"369\"><strong data-start=\"318\" data-end=\"369\">Konkurs graficzny AI dla uczni\u00f3w szk\u00f3\u0142 \u015brednich<\/strong><\/p>\n<p style=\"text-align: center;\" data-start=\"122\" data-end=\"141\"><em><strong>Szanowni Pa\u0144stwo,<\/strong><\/em><\/p>\n<p style=\"text-align: center;\" data-start=\"143\" data-end=\"308\"><em><strong>informujemy, \u017ce konkurs \u201eSave the Planet \u2013 Space mode\u201d, organizowany w ramach wydarzenia AI Space Heroes, zostaje odwo\u0142any z przyczyn niezale\u017cnych od Organizatora.<\/strong><\/em><\/p>\n<p style=\"text-align: center;\" data-start=\"310\" data-end=\"559\"><em><strong>Dzi\u0119kujemy wszystkim uczniom za zaanga\u017cowanie, kreatywno\u015b\u0107 oraz wysoki poziom nades\u0142anych prac.\u00a0<\/strong><\/em><\/p>\n<p data-start=\"371\" data-end=\"551\">Czy da si\u0119 uratowa\u0107 Ziemi\u0119\u2026 patrz\u0105c na ni\u0105 z kosmosu?<br data-start=\"428\" data-end=\"431\" \/>Je\u015bli fascynuje Ci\u0119 <strong data-start=\"451\" data-end=\"476\">sztuczna inteligencja<\/strong>, grafika i <strong data-start=\"488\" data-end=\"513\">kosmiczna perspektywa<\/strong>, ten konkurs jest w\u0142a\u015bnie dla Ciebie!<\/p>\n<p data-start=\"553\" data-end=\"794\">\u0141\u00f3dzka Specjalna Strefa Ekonomiczna zaprasza uczni\u00f3w szk\u00f3\u0142 ponadpodstawowych do udzia\u0142u w konkursie <strong data-start=\"653\" data-end=\"687\">\u201eSave the Planet \u2013 Space mode\u201d<\/strong> \u2013 wyj\u0105tkowej rywalizacji kreatywnej \u0142\u0105cz\u0105cej <strong data-start=\"733\" data-end=\"793\">ochron\u0119 \u015brodowiska, technologi\u0119 AI i inspiracj\u0119 kosmosem<\/strong>.<\/p>\n<h3 data-start=\"796\" data-end=\"828\">Na czym polega wyzwanie?<\/h3>\n<p data-start=\"829\" data-end=\"1068\">Stw\u00f3rz <strong data-start=\"836\" data-end=\"887\">grafik\u0119 z wykorzystaniem sztucznej inteligencji<\/strong>, kt\u00f3ra poka\u017ce trosk\u0119 o nasz\u0105 planet\u0119 z perspektywy kosmicznej. Liczy si\u0119 <strong data-start=\"961\" data-end=\"1011\">pomys\u0142, poetyka i kreatywne u\u017cycie narz\u0119dzi AI<\/strong> \u2013 najlepiej w po\u0142\u0105czeniu z Twoj\u0105 w\u0142asn\u0105 prac\u0105 graficzn\u0105.<\/p>\n<h3 data-start=\"1070\" data-end=\"1092\">Dlaczego warto?<\/h3>\n<ul data-start=\"1093\" data-end=\"1469\">\n<li data-start=\"1093\" data-end=\"1171\">\n<p data-start=\"1095\" data-end=\"1171\">Twoja praca mo\u017ce zosta\u0107 <strong data-start=\"1119\" data-end=\"1171\">zaprezentowana podczas wydarzenia #AISpaceHeroes<\/strong><\/p>\n<\/li>\n<li data-start=\"1172\" data-end=\"1237\">\n<p data-start=\"1174\" data-end=\"1237\">Fina\u0142 konkursu odb\u0119dzie si\u0119 <strong data-start=\"1268\" data-end=\"1289\">19 lutego 2026 r.<\/strong> z udzia\u0142em <strong data-start=\"1301\" data-end=\"1339\">S\u0142awosza Uzna\u0144skiego-Wi\u015bniewskiego<\/strong>, polskiego astronauty Europejskiej Agencji Kosmicznej (ESA)<\/p>\n<\/li>\n<li data-start=\"1403\" data-end=\"1469\">\n<p data-start=\"1405\" data-end=\"1469\">Do wygrania <strong data-start=\"1417\" data-end=\"1466\">nagrody pieni\u0119\u017cne<\/strong><\/p>\n<\/li>\n<\/ul>\n<h3 data-start=\"1471\" data-end=\"1486\">Nagrody:<\/h3>\n<p data-start=\"1487\" data-end=\"1565\">I miejsce \u2013 1 500 z\u0142<br \/>\nII miejsce \u2013 1 000 z\u0142<br \/>\nIII miejsce \u2013 500 z\u0142<\/p>\n<h3 data-start=\"1567\" data-end=\"1582\">Terminy:<\/h3>\n<ul data-start=\"1583\" data-end=\"1680\">\n<li data-start=\"1583\" data-end=\"1628\">\n<p data-start=\"1585\" data-end=\"1628\"><strong data-start=\"1585\" data-end=\"1605\">Zg\u0142oszenia prac:<\/strong> do 17 lutego 2026 r.<\/p>\n<\/li>\n<li data-start=\"1629\" data-end=\"1680\">\n<p data-start=\"1631\" data-end=\"1680\"><strong data-start=\"1631\" data-end=\"1662\">Fina\u0142 i og\u0142oszenie wynik\u00f3w:<\/strong> 19 lutego 2026 r.<\/p>\n<\/li>\n<\/ul>\n<h3 data-start=\"1682\" data-end=\"1705\">Jak si\u0119 zg\u0142osi\u0107?<\/h3>\n<p data-start=\"1706\" data-end=\"1786\">Wy\u015blij swoj\u0105 prac\u0119 wraz z opisem i danymi na adres: <strong data-start=\"1763\" data-end=\"1786\"><a class=\"decorated-link cursor-pointer\" rel=\"noopener\" data-start=\"1765\" data-end=\"1784\">konkurs@sse.lodz.pl<\/a><\/strong><\/p>\n<p>&nbsp;<\/p>\n<p data-start=\"1706\" data-end=\"1786\"><a href=\"https:\/\/sse.lodz.pl\/wp-content\/uploads\/2026\/02\/AISpaceHeroes_AGENDA_11.02.26.pdf\">AISpaceHeroes_AGENDA<\/a><\/p>\n<p>[\/vc_column_text][vc_empty_space][\/vc_column][\/vc_row][vc_row full_width=&#8221;stretch_row&#8221; css=&#8221;.vc_custom_1678188695616{background-color: #ededed !important;}&#8221;][vc_column][vc_custom_heading text=&#8221;Zapraszamy do kontaktu:&#8221; font_container=&#8221;tag:h3|font_size:18px|text_align:left|line_height:34px&#8221; use_theme_fonts=&#8221;yes&#8221; css=&#8221;.vc_custom_1678207017186{padding-bottom: 10px !important;}&#8221;][\/vc_column][\/vc_row]<\/p>\n","protected":false},"excerpt":{"rendered":"<p>[vc_row css=&#8221;.vc_custom_1678206824393{margin-top: 50px !important;}&#8221;][vc_column][vc_single_image image=&#8221;7321&#8243; img_size=&#8221;full&#8221; alignment=&#8221;center&#8221;][vc_single_image image=&#8221;7318&#8243; img_size=&#8221;full&#8221; alignment=&#8221;center&#8221;][vc_column_text] Save the Planet \u2013 Space mode Konkurs graficzny AI dla uczni\u00f3w szk\u00f3\u0142 \u015brednich Szanowni Pa\u0144stwo, informujemy, \u017ce konkurs \u201eSave the Planet \u2013 Space mode\u201d, organizowany [&#8230;]<\/p>\n<p><a class=\"btn btn-secondary understrap-read-more-link\" href=\"https:\/\/sse.lodz.pl\/en\/savetheplanet\/\">Read More&#8230;<span class=\"screen-reader-text\"> from Konkurs Save the Planet \u2013 Space mode<\/span><\/a><\/p>\n","protected":false},"author":24,"featured_media":0,"parent":0,"menu_order":0,"comment_status":"closed","ping_status":"closed","template":"podcategory-page.php","meta":{"_acf_changed":false,"inline_featured_image":false,"footnotes":""},"class_list":["post-6964","page","type-page","status-publish","hentry"],"translation":{"provider":"WPGlobus","version":"3.0.2","language":"en","enabled_languages":["pl","en"],"languages":{"pl":{"title":true,"content":true,"excerpt":false},"en":{"title":false,"content":false,"excerpt":false}}},"acf":[],"yoast_head":"<!-- This site is optimized with the Yoast SEO plugin v27.4 - https:\/\/yoast.com\/product\/yoast-seo-wordpress\/ -->\n<title>Konkurs Save the Planet \u2013 Space mode - \u0141\u00f3dzka Specjalna Strefa Ekonomiczna<\/title>\n<meta name=\"robots\" content=\"index, follow, max-snippet:-1, max-image-preview:large, max-video-preview:-1\" \/>\n<link rel=\"canonical\" href=\"https:\/\/sse.lodz.pl\/savetheplanet\/\" \/>\n<meta property=\"og:locale\" content=\"en_US\" \/>\n<meta property=\"og:type\" content=\"article\" \/>\n<meta property=\"og:title\" content=\"Konkurs Save the Planet \u2013 Space mode - \u0141\u00f3dzka Specjalna Strefa Ekonomiczna\" \/>\n<meta property=\"og:url\" content=\"https:\/\/sse.lodz.pl\/savetheplanet\/\" \/>\n<meta property=\"og:site_name\" content=\"\u0141\u00f3dzka Specjalna Strefa Ekonomiczna\" \/>\n<meta property=\"article:modified_time\" content=\"2026-02-17T11:10:45+00:00\" \/>\n<meta name=\"twitter:card\" content=\"summary_large_image\" \/>\n<meta name=\"twitter:label1\" content=\"Est. reading time\" \/>\n\t<meta name=\"twitter:data1\" content=\"2 minutes\" \/>\n<script type=\"application\/ld+json\" class=\"yoast-schema-graph\">{\"@context\":\"https:\\\/\\\/schema.org\",\"@graph\":[{\"@type\":\"WebPage\",\"@id\":\"https:\\\/\\\/sse.lodz.pl\\\/savetheplanet\\\/\",\"url\":\"https:\\\/\\\/sse.lodz.pl\\\/savetheplanet\\\/\",\"name\":\"Konkurs Save the Planet \u2013 Space mode - \u0141\u00f3dzka Specjalna Strefa Ekonomiczna\",\"isPartOf\":{\"@id\":\"https:\\\/\\\/sse.lodz.pl\\\/#website\"},\"datePublished\":\"2026-01-30T07:00:50+00:00\",\"dateModified\":\"2026-02-17T11:10:45+00:00\",\"description\":\"\u0141\u00f3dzka Specjalna Strefa Ekonomiczna zaprasza uczni\u00f3w szk\u00f3\u0142 ponadpodstawowych do udzia\u0142u w konkursie \u201eSave the Planet \u2013 Space mode\u201d \u2013 wyj\u0105tkowej rywalizacji kreatywnej \u0142\u0105cz\u0105cej ochron\u0119 \u015brodowiska, technologi\u0119 AI i inspiracj\u0119 kosmosem.\",\"breadcrumb\":{\"@id\":\"https:\\\/\\\/sse.lodz.pl\\\/savetheplanet\\\/#breadcrumb\"},\"inLanguage\":\"en-US\",\"potentialAction\":[{\"@type\":\"ReadAction\",\"target\":[\"https:\\\/\\\/sse.lodz.pl\\\/savetheplanet\\\/\"]}]},{\"@type\":\"BreadcrumbList\",\"@id\":\"https:\\\/\\\/sse.lodz.pl\\\/savetheplanet\\\/#breadcrumb\",\"itemListElement\":[{\"@type\":\"ListItem\",\"position\":1,\"name\":\"Strona g\u0142\u00f3wna\",\"item\":\"https:\\\/\\\/sse.lodz.pl\\\/\"},{\"@type\":\"ListItem\",\"position\":2,\"name\":\"Konkurs Save the Planet \u2013 Space mode\"}]},{\"@type\":\"WebSite\",\"@id\":\"https:\\\/\\\/sse.lodz.pl\\\/#website\",\"url\":\"https:\\\/\\\/sse.lodz.pl\\\/\",\"name\":\"\u0141\u00f3dzka Specjalna Strefa Ekonomiczna\",\"description\":\"\",\"potentialAction\":[{\"@type\":\"SearchAction\",\"target\":{\"@type\":\"EntryPoint\",\"urlTemplate\":\"https:\\\/\\\/sse.lodz.pl\\\/?s={search_term_string}\"},\"query-input\":{\"@type\":\"PropertyValueSpecification\",\"valueRequired\":true,\"valueName\":\"search_term_string\"}}],\"inLanguage\":\"en-US\"}]}<\/script>\n<!-- \/ Yoast SEO plugin. -->","yoast_head_json":{"title":"Konkurs Save the Planet \u2013 Space mode - \u0141\u00f3dzka Specjalna Strefa Ekonomiczna","robots":{"index":"index","follow":"follow","max-snippet":"max-snippet:-1","max-image-preview":"max-image-preview:large","max-video-preview":"max-video-preview:-1"},"canonical":"https:\/\/sse.lodz.pl\/savetheplanet\/","og_locale":"en_US","og_type":"article","og_title":"Konkurs Save the Planet \u2013 Space mode - \u0141\u00f3dzka Specjalna Strefa Ekonomiczna","og_url":"https:\/\/sse.lodz.pl\/savetheplanet\/","og_site_name":"\u0141\u00f3dzka Specjalna Strefa Ekonomiczna","article_modified_time":"2026-02-17T11:10:45+00:00","twitter_card":"summary_large_image","twitter_misc":{"Est. reading time":"2 minutes"},"schema":{"@context":"https:\/\/schema.org","@graph":[{"@type":"WebPage","@id":"https:\/\/sse.lodz.pl\/savetheplanet\/","url":"https:\/\/sse.lodz.pl\/savetheplanet\/","name":"Konkurs Save the Planet \u2013 Space mode - \u0141\u00f3dzka Specjalna Strefa Ekonomiczna","isPartOf":{"@id":"https:\/\/sse.lodz.pl\/#website"},"datePublished":"2026-01-30T07:00:50+00:00","dateModified":"2026-02-17T11:10:45+00:00","description":"\u0141\u00f3dzka Specjalna Strefa Ekonomiczna zaprasza uczni\u00f3w szk\u00f3\u0142 ponadpodstawowych do udzia\u0142u w konkursie \u201eSave the Planet \u2013 Space mode\u201d \u2013 wyj\u0105tkowej rywalizacji kreatywnej \u0142\u0105cz\u0105cej ochron\u0119 \u015brodowiska, technologi\u0119 AI i inspiracj\u0119 kosmosem.","breadcrumb":{"@id":"https:\/\/sse.lodz.pl\/savetheplanet\/#breadcrumb"},"inLanguage":"en-US","potentialAction":[{"@type":"ReadAction","target":["https:\/\/sse.lodz.pl\/savetheplanet\/"]}]},{"@type":"BreadcrumbList","@id":"https:\/\/sse.lodz.pl\/savetheplanet\/#breadcrumb","itemListElement":[{"@type":"ListItem","position":1,"name":"Strona g\u0142\u00f3wna","item":"https:\/\/sse.lodz.pl\/"},{"@type":"ListItem","position":2,"name":"Konkurs Save the Planet \u2013 Space mode"}]},{"@type":"WebSite","@id":"https:\/\/sse.lodz.pl\/#website","url":"https:\/\/sse.lodz.pl\/","name":"\u0141\u00f3dzka Specjalna Strefa Ekonomiczna","description":"","potentialAction":[{"@type":"SearchAction","target":{"@type":"EntryPoint","urlTemplate":"https:\/\/sse.lodz.pl\/?s={search_term_string}"},"query-input":{"@type":"PropertyValueSpecification","valueRequired":true,"valueName":"search_term_string"}}],"inLanguage":"en-US"}]}},"_links":{"self":[{"href":"https:\/\/sse.lodz.pl\/en\/wp-json\/wp\/v2\/pages\/6964","targetHints":{"allow":["GET"]}}],"collection":[{"href":"https:\/\/sse.lodz.pl\/en\/wp-json\/wp\/v2\/pages"}],"about":[{"href":"https:\/\/sse.lodz.pl\/en\/wp-json\/wp\/v2\/types\/page"}],"author":[{"embeddable":true,"href":"https:\/\/sse.lodz.pl\/en\/wp-json\/wp\/v2\/users\/24"}],"replies":[{"embeddable":true,"href":"https:\/\/sse.lodz.pl\/en\/wp-json\/wp\/v2\/comments?post=6964"}],"version-history":[{"count":13,"href":"https:\/\/sse.lodz.pl\/en\/wp-json\/wp\/v2\/pages\/6964\/revisions"}],"predecessor-version":[{"id":7348,"href":"https:\/\/sse.lodz.pl\/en\/wp-json\/wp\/v2\/pages\/6964\/revisions\/7348"}],"wp:attachment":[{"href":"https:\/\/sse.lodz.pl\/en\/wp-json\/wp\/v2\/media?parent=6964"}],"curies":[{"name":"wp","href":"https:\/\/api.w.org\/{rel}","templated":true}]}}